{"id":19,"date":"2022-10-03T15:39:57","date_gmt":"2022-10-03T13:39:57","guid":{"rendered":"https:\/\/agence-fleurie.com\/vinea\/?page_id=19"},"modified":"2023-01-25T06:22:36","modified_gmt":"2023-01-25T05:22:36","slug":"quienes-somos","status":"publish","type":"page","link":"https:\/\/www.tonnellerie-vinea.fr\/es\/quienes-somos\/","title":{"rendered":"Qui\u00e9nes somos"},"content":{"rendered":"\n<section class=\"wp-block-uagb-container header-titre-page uagb-block-353a480e alignfull uagb-is-root-container\"><div class=\"uagb-container-inner-blocks-wrap\">\n<div class=\"wp-block-uagb-container uagb-block-eae2b1fb\"><\/div>\n\n\n\n<div class=\"wp-block-uagb-container uagb-block-b5fe64df\">\n<div class=\"wp-block-uagb-container uag-blocks-common-selector uagb-block-b973abdf\">\n<h1 class=\"has-text-align-center has-x-large-font-size wp-block-heading\">Qui\u00e9nes somos<\/h1>\n<\/div>\n<\/div>\n<\/div><\/section>\n\n\n\n<div class=\"wp-block-uagb-container section-2col uagb-block-81402d39 default uagb-is-root-container\">\n<div class=\"wp-block-uagb-container uagb-block-0c987878\">\n<h2 class=\"wp-block-heading\">In the wood for love\u2026<\/h2>\n\n\n\n<p>Desde 1994, Vin\u00e9a est\u00e1 especializada en el complejo sector de la madera de roble para vinos y licores.<\/p>\n\n\n\n<p>La empresa se dedica al dise\u00f1o, fabricaci\u00f3n y comercializaci\u00f3n de barricas y productos enol\u00f3gicos de madera de roble con una alta calidad organol\u00e9ptica.<\/p>\n\n\n\n<p>Un saber hacer incomparable para ofrecer productos a medida.<\/p>\n<\/div>\n\n\n\n<div class=\"wp-block-uagb-container uagb-block-02ce4f91\"><\/div>\n<\/div>\n\n\n\n<div class=\"wp-block-uagb-container section-2col uagb-block-a5b5722f alignwide uagb-is-root-container\">\n<div class=\"wp-block-uagb-container uagb-block-5beae611\">\n<figure class=\"wp-block-image alignright size-full is-resized\"><img loading=\"lazy\" decoding=\"async\" src=\"https:\/\/www.tonnellerie-vinea.fr\/es\/wp-content\/uploads\/2022\/10\/100803PAR-5833.jpg\" alt=\"\" class=\"wp-image-103\" width=\"850\" height=\"567\" srcset=\"https:\/\/www.tonnellerie-vinea.fr\/es\/wp-content\/uploads\/2022\/10\/100803PAR-5833.jpg 850w, https:\/\/www.tonnellerie-vinea.fr\/es\/wp-content\/uploads\/2022\/10\/100803PAR-5833-300x200.jpg 300w, https:\/\/www.tonnellerie-vinea.fr\/es\/wp-content\/uploads\/2022\/10\/100803PAR-5833-768x512.jpg 768w\" sizes=\"auto, (max-width: 850px) 100vw, 850px\" \/><\/figure>\n\n\n\n<div style=\"height:1px\" aria-hidden=\"true\" class=\"wp-block-spacer\"><\/div>\n\n\n\n<div class=\"wp-block-uagb-container uagb-block-b7f5aaf8\">\n<h2 class=\"wp-block-heading\">Una empresa familiar<\/h2>\n\n\n\n<p>Vin\u00e9a es una empresa familiar. Desde 2011, Jean-Christophe trabaja mano a mano con su hija Anouck, que le ha ayudado a crear el taller tonelero donde se fabrican las barricas tostadas a la cer\u00e1mica.<\/p>\n\n\n\n<p>La toneler\u00eda Vin\u00e9a busca poner en valor cada vino, ya sea de gama inicial o premium, y de cualquier parte del mundo. <\/p>\n\n\n\n<p>Vin\u00e9a asesora a sus clientes para que la crianza pueda elevar la labor en la vi\u00f1a a su m\u00e1xima expresi\u00f3n.<\/p>\n<\/div>\n\n\n\n<figure class=\"wp-block-image alignright size-large is-resized\"><img loading=\"lazy\" decoding=\"async\" src=\"https:\/\/www.tonnellerie-vinea.fr\/es\/wp-content\/uploads\/2022\/12\/IMG_1066-1024x652.jpg\" alt=\"\" class=\"wp-image-449\" width=\"512\" height=\"326\" srcset=\"https:\/\/www.tonnellerie-vinea.fr\/es\/wp-content\/uploads\/2022\/12\/IMG_1066-1024x652.jpg 1024w, https:\/\/www.tonnellerie-vinea.fr\/es\/wp-content\/uploads\/2022\/12\/IMG_1066-300x191.jpg 300w, https:\/\/www.tonnellerie-vinea.fr\/es\/wp-content\/uploads\/2022\/12\/IMG_1066-768x489.jpg 768w, https:\/\/www.tonnellerie-vinea.fr\/es\/wp-content\/uploads\/2022\/12\/IMG_1066-1536x978.jpg 1536w, https:\/\/www.tonnellerie-vinea.fr\/es\/wp-content\/uploads\/2022\/12\/IMG_1066.jpg 1900w\" sizes=\"auto, (max-width: 512px) 100vw, 512px\" \/><\/figure>\n<\/div>\n\n\n\n<div class=\"wp-block-uagb-container uagb-block-2c089202\">\n<div style=\"height:1px\" aria-hidden=\"true\" class=\"wp-block-spacer\"><\/div>\n\n\n\n<h2 class=\"wp-block-heading\">Vin\u00e9a<\/h2>\n\n\n\n<p>Ubicada en St Germain de Lusignan, en el suroeste franc\u00e9s, Vin\u00e9a se cre\u00f3 y desarroll\u00f3 a partir de la experiencia y la visi\u00f3n de su fundador y director, Jean Christophe Varron, que goza de una innegable reputaci\u00f3n internacional basada en una experiencia de m\u00e1s de 30 a\u00f1os de reflexiones y viajes.<\/p>\n\n\n\n<div style=\"height:16px\" aria-hidden=\"true\" class=\"wp-block-spacer\"><\/div>\n\n\n\n<figure class=\"wp-block-image size-large\"><img loading=\"lazy\" decoding=\"async\" width=\"1024\" height=\"721\" src=\"https:\/\/www.tonnellerie-vinea.fr\/es\/wp-content\/uploads\/2022\/12\/DSC03967-1024x721.jpg\" alt=\"\" class=\"wp-image-439\" srcset=\"https:\/\/www.tonnellerie-vinea.fr\/es\/wp-content\/uploads\/2022\/12\/DSC03967-1024x721.jpg 1024w, https:\/\/www.tonnellerie-vinea.fr\/es\/wp-content\/uploads\/2022\/12\/DSC03967-300x211.jpg 300w, https:\/\/www.tonnellerie-vinea.fr\/es\/wp-content\/uploads\/2022\/12\/DSC03967-768x540.jpg 768w, https:\/\/www.tonnellerie-vinea.fr\/es\/wp-content\/uploads\/2022\/12\/DSC03967-1536x1081.jpg 1536w, https:\/\/www.tonnellerie-vinea.fr\/es\/wp-content\/uploads\/2022\/12\/DSC03967.jpg 1900w\" sizes=\"auto, (max-width: 1024px) 100vw, 1024px\" \/><\/figure>\n\n\n\n<p>Sus principales \u00e1mbitos de investigaci\u00f3n incluyen innovadores m\u00e9todos para el tostado de la madera de roble y el desarrollo de una moderna visi\u00f3n de la crianza del vino: un producto, un objetivo de crianza, una marca y una identidad fuerte.<\/p>\n\n\n\n<div style=\"height:28px\" aria-hidden=\"true\" class=\"wp-block-spacer\"><\/div>\n\n\n\n<figure class=\"wp-block-image size-large is-resized\"><img loading=\"lazy\" decoding=\"async\" src=\"https:\/\/www.tonnellerie-vinea.fr\/es\/wp-content\/uploads\/2022\/10\/DSC_0039-1024x685.jpg\" alt=\"\" class=\"wp-image-105\" width=\"512\" height=\"343\" srcset=\"https:\/\/www.tonnellerie-vinea.fr\/es\/wp-content\/uploads\/2022\/10\/DSC_0039-1024x685.jpg 1024w, https:\/\/www.tonnellerie-vinea.fr\/es\/wp-content\/uploads\/2022\/10\/DSC_0039-300x201.jpg 300w, https:\/\/www.tonnellerie-vinea.fr\/es\/wp-content\/uploads\/2022\/10\/DSC_0039-768x514.jpg 768w, https:\/\/www.tonnellerie-vinea.fr\/es\/wp-content\/uploads\/2022\/10\/DSC_0039-1536x1028.jpg 1536w, https:\/\/www.tonnellerie-vinea.fr\/es\/wp-content\/uploads\/2022\/10\/DSC_0039.jpg 1859w\" sizes=\"auto, (max-width: 512px) 100vw, 512px\" \/><\/figure>\n<\/div>\n<\/div>\n","protected":false},"excerpt":{"rendered":"<p>Qui\u00e9nes somos In the wood for love\u2026 Desde 1994, Vin\u00e9a est\u00e1 especializada en el complejo sector de la madera de roble para vinos y licores. La empresa se dedica al dise\u00f1o, fabricaci\u00f3n y comercializaci\u00f3n de barricas y productos enol\u00f3gicos de madera de roble con una alta calidad organol\u00e9ptica. Un saber hacer incomparable para ofrecer productos [&hellip;]<\/p>\n","protected":false},"author":1,"featured_media":0,"parent":0,"menu_order":0,"comment_status":"closed","ping_status":"closed","template":"page-base-gutenberg.php","meta":{"_acf_changed":false,"_uag_custom_page_level_css":"","footnotes":""},"class_list":["post-19","page","type-page","status-publish","hentry"],"acf":[],"yoast_head":"<!-- This site is optimized with the Yoast SEO plugin v26.8 - https:\/\/yoast.com\/product\/yoast-seo-wordpress\/ -->\n<title>Qui\u00e9nes somos - Tonnellerie Vinea 2022<\/title>\n<meta name=\"robots\" content=\"index, follow, max-snippet:-1, max-image-preview:large, max-video-preview:-1\" \/>\n<link rel=\"canonical\" href=\"https:\/\/www.tonnellerie-vinea.fr\/es\/quienes-somos\/\" \/>\n<meta property=\"og:locale\" content=\"fr_FR\" \/>\n<meta property=\"og:type\" content=\"article\" \/>\n<meta property=\"og:title\" content=\"Qui\u00e9nes somos - Tonnellerie Vinea 2022\" \/>\n<meta property=\"og:description\" content=\"Qui\u00e9nes somos In the wood for love\u2026 Desde 1994, Vin\u00e9a est\u00e1 especializada en el complejo sector de la madera de roble para vinos y licores. La empresa se dedica al dise\u00f1o, fabricaci\u00f3n y comercializaci\u00f3n de barricas y productos enol\u00f3gicos de madera de roble con una alta calidad organol\u00e9ptica. Un saber hacer incomparable para ofrecer productos [&hellip;]\" \/>\n<meta property=\"og:url\" content=\"https:\/\/www.tonnellerie-vinea.fr\/es\/quienes-somos\/\" \/>\n<meta property=\"og:site_name\" content=\"Tonnellerie Vinea 2022\" \/>\n<meta property=\"article:publisher\" content=\"https:\/\/www.facebook.com\/tonnellerievinea\/\" \/>\n<meta property=\"article:modified_time\" content=\"2023-01-25T05:22:36+00:00\" \/>\n<meta property=\"og:image\" content=\"https:\/\/www.tonnellerie-vinea.fr\/es\/wp-content\/uploads\/2022\/10\/100803PAR-5833.jpg\" \/>\n<meta name=\"twitter:card\" content=\"summary_large_image\" \/>\n<meta name=\"twitter:label1\" content=\"Dur\u00e9e de lecture estim\u00e9e\" \/>\n\t<meta name=\"twitter:data1\" content=\"2 minutes\" \/>\n<script type=\"application\/ld+json\" class=\"yoast-schema-graph\">{\"@context\":\"https:\/\/schema.org\",\"@graph\":[{\"@type\":\"WebPage\",\"@id\":\"https:\/\/www.tonnellerie-vinea.fr\/es\/quienes-somos\/\",\"url\":\"https:\/\/www.tonnellerie-vinea.fr\/es\/quienes-somos\/\",\"name\":\"Qui\u00e9nes somos - Tonnellerie Vinea 2022\",\"isPartOf\":{\"@id\":\"https:\/\/www.tonnellerie-vinea.fr\/es\/#website\"},\"primaryImageOfPage\":{\"@id\":\"https:\/\/www.tonnellerie-vinea.fr\/es\/quienes-somos\/#primaryimage\"},\"image\":{\"@id\":\"https:\/\/www.tonnellerie-vinea.fr\/es\/quienes-somos\/#primaryimage\"},\"thumbnailUrl\":\"https:\/\/www.tonnellerie-vinea.fr\/es\/wp-content\/uploads\/2022\/10\/100803PAR-5833.jpg\",\"datePublished\":\"2022-10-03T13:39:57+00:00\",\"dateModified\":\"2023-01-25T05:22:36+00:00\",\"breadcrumb\":{\"@id\":\"https:\/\/www.tonnellerie-vinea.fr\/es\/quienes-somos\/#breadcrumb\"},\"inLanguage\":\"fr-FR\",\"potentialAction\":[{\"@type\":\"ReadAction\",\"target\":[\"https:\/\/www.tonnellerie-vinea.fr\/es\/quienes-somos\/\"]}]},{\"@type\":\"ImageObject\",\"inLanguage\":\"fr-FR\",\"@id\":\"https:\/\/www.tonnellerie-vinea.fr\/es\/quienes-somos\/#primaryimage\",\"url\":\"https:\/\/www.tonnellerie-vinea.fr\/es\/wp-content\/uploads\/2022\/10\/100803PAR-5833.jpg\",\"contentUrl\":\"https:\/\/www.tonnellerie-vinea.fr\/es\/wp-content\/uploads\/2022\/10\/100803PAR-5833.jpg\",\"width\":850,\"height\":567},{\"@type\":\"BreadcrumbList\",\"@id\":\"https:\/\/www.tonnellerie-vinea.fr\/es\/quienes-somos\/#breadcrumb\",\"itemListElement\":[{\"@type\":\"ListItem\",\"position\":1,\"name\":\"Accueil\",\"item\":\"https:\/\/www.tonnellerie-vinea.fr\/es\/\"},{\"@type\":\"ListItem\",\"position\":2,\"name\":\"Qui\u00e9nes somos\"}]},{\"@type\":\"WebSite\",\"@id\":\"https:\/\/www.tonnellerie-vinea.fr\/es\/#website\",\"url\":\"https:\/\/www.tonnellerie-vinea.fr\/es\/\",\"name\":\"Tonnellerie Vinea\",\"description\":\"Un site utilisant WordPress\",\"publisher\":{\"@id\":\"https:\/\/www.tonnellerie-vinea.fr\/es\/#organization\"},\"potentialAction\":[{\"@type\":\"SearchAction\",\"target\":{\"@type\":\"EntryPoint\",\"urlTemplate\":\"https:\/\/www.tonnellerie-vinea.fr\/es\/?s={search_term_string}\"},\"query-input\":{\"@type\":\"PropertyValueSpecification\",\"valueRequired\":true,\"valueName\":\"search_term_string\"}}],\"inLanguage\":\"fr-FR\"},{\"@type\":\"Organization\",\"@id\":\"https:\/\/www.tonnellerie-vinea.fr\/es\/#organization\",\"name\":\"Tonnellerie Vinea\",\"url\":\"https:\/\/www.tonnellerie-vinea.fr\/es\/\",\"logo\":{\"@type\":\"ImageObject\",\"inLanguage\":\"fr-FR\",\"@id\":\"https:\/\/www.tonnellerie-vinea.fr\/es\/#\/schema\/logo\/image\/\",\"url\":\"https:\/\/www.tonnellerie-vinea.fr\/es\/wp-content\/uploads\/2022\/10\/logo-tonnellerie-vinea-coul.svg\",\"contentUrl\":\"https:\/\/www.tonnellerie-vinea.fr\/es\/wp-content\/uploads\/2022\/10\/logo-tonnellerie-vinea-coul.svg\",\"width\":349,\"height\":309,\"caption\":\"Tonnellerie Vinea\"},\"image\":{\"@id\":\"https:\/\/www.tonnellerie-vinea.fr\/es\/#\/schema\/logo\/image\/\"},\"sameAs\":[\"https:\/\/www.facebook.com\/tonnellerievinea\/\",\"https:\/\/www.linkedin.com\/showcase\/tonnellerie-vinea\/about\/\",\"https:\/\/www.instagram.com\/tonnellerievinea\/\"]}]}<\/script>\n<!-- \/ Yoast SEO plugin. -->","yoast_head_json":{"title":"Qui\u00e9nes somos - Tonnellerie Vinea 2022","robots":{"index":"index","follow":"follow","max-snippet":"max-snippet:-1","max-image-preview":"max-image-preview:large","max-video-preview":"max-video-preview:-1"},"canonical":"https:\/\/www.tonnellerie-vinea.fr\/es\/quienes-somos\/","og_locale":"fr_FR","og_type":"article","og_title":"Qui\u00e9nes somos - Tonnellerie Vinea 2022","og_description":"Qui\u00e9nes somos In the wood for love\u2026 Desde 1994, Vin\u00e9a est\u00e1 especializada en el complejo sector de la madera de roble para vinos y licores. La empresa se dedica al dise\u00f1o, fabricaci\u00f3n y comercializaci\u00f3n de barricas y productos enol\u00f3gicos de madera de roble con una alta calidad organol\u00e9ptica. Un saber hacer incomparable para ofrecer productos [&hellip;]","og_url":"https:\/\/www.tonnellerie-vinea.fr\/es\/quienes-somos\/","og_site_name":"Tonnellerie Vinea 2022","article_publisher":"https:\/\/www.facebook.com\/tonnellerievinea\/","article_modified_time":"2023-01-25T05:22:36+00:00","og_image":[{"url":"https:\/\/www.tonnellerie-vinea.fr\/es\/wp-content\/uploads\/2022\/10\/100803PAR-5833.jpg","type":"","width":"","height":""}],"twitter_card":"summary_large_image","twitter_misc":{"Dur\u00e9e de lecture estim\u00e9e":"2 minutes"},"schema":{"@context":"https:\/\/schema.org","@graph":[{"@type":"WebPage","@id":"https:\/\/www.tonnellerie-vinea.fr\/es\/quienes-somos\/","url":"https:\/\/www.tonnellerie-vinea.fr\/es\/quienes-somos\/","name":"Qui\u00e9nes somos - Tonnellerie Vinea 2022","isPartOf":{"@id":"https:\/\/www.tonnellerie-vinea.fr\/es\/#website"},"primaryImageOfPage":{"@id":"https:\/\/www.tonnellerie-vinea.fr\/es\/quienes-somos\/#primaryimage"},"image":{"@id":"https:\/\/www.tonnellerie-vinea.fr\/es\/quienes-somos\/#primaryimage"},"thumbnailUrl":"https:\/\/www.tonnellerie-vinea.fr\/es\/wp-content\/uploads\/2022\/10\/100803PAR-5833.jpg","datePublished":"2022-10-03T13:39:57+00:00","dateModified":"2023-01-25T05:22:36+00:00","breadcrumb":{"@id":"https:\/\/www.tonnellerie-vinea.fr\/es\/quienes-somos\/#breadcrumb"},"inLanguage":"fr-FR","potentialAction":[{"@type":"ReadAction","target":["https:\/\/www.tonnellerie-vinea.fr\/es\/quienes-somos\/"]}]},{"@type":"ImageObject","inLanguage":"fr-FR","@id":"https:\/\/www.tonnellerie-vinea.fr\/es\/quienes-somos\/#primaryimage","url":"https:\/\/www.tonnellerie-vinea.fr\/es\/wp-content\/uploads\/2022\/10\/100803PAR-5833.jpg","contentUrl":"https:\/\/www.tonnellerie-vinea.fr\/es\/wp-content\/uploads\/2022\/10\/100803PAR-5833.jpg","width":850,"height":567},{"@type":"BreadcrumbList","@id":"https:\/\/www.tonnellerie-vinea.fr\/es\/quienes-somos\/#breadcrumb","itemListElement":[{"@type":"ListItem","position":1,"name":"Accueil","item":"https:\/\/www.tonnellerie-vinea.fr\/es\/"},{"@type":"ListItem","position":2,"name":"Qui\u00e9nes somos"}]},{"@type":"WebSite","@id":"https:\/\/www.tonnellerie-vinea.fr\/es\/#website","url":"https:\/\/www.tonnellerie-vinea.fr\/es\/","name":"Tonnellerie Vinea","description":"Un site utilisant WordPress","publisher":{"@id":"https:\/\/www.tonnellerie-vinea.fr\/es\/#organization"},"potentialAction":[{"@type":"SearchAction","target":{"@type":"EntryPoint","urlTemplate":"https:\/\/www.tonnellerie-vinea.fr\/es\/?s={search_term_string}"},"query-input":{"@type":"PropertyValueSpecification","valueRequired":true,"valueName":"search_term_string"}}],"inLanguage":"fr-FR"},{"@type":"Organization","@id":"https:\/\/www.tonnellerie-vinea.fr\/es\/#organization","name":"Tonnellerie Vinea","url":"https:\/\/www.tonnellerie-vinea.fr\/es\/","logo":{"@type":"ImageObject","inLanguage":"fr-FR","@id":"https:\/\/www.tonnellerie-vinea.fr\/es\/#\/schema\/logo\/image\/","url":"https:\/\/www.tonnellerie-vinea.fr\/es\/wp-content\/uploads\/2022\/10\/logo-tonnellerie-vinea-coul.svg","contentUrl":"https:\/\/www.tonnellerie-vinea.fr\/es\/wp-content\/uploads\/2022\/10\/logo-tonnellerie-vinea-coul.svg","width":349,"height":309,"caption":"Tonnellerie Vinea"},"image":{"@id":"https:\/\/www.tonnellerie-vinea.fr\/es\/#\/schema\/logo\/image\/"},"sameAs":["https:\/\/www.facebook.com\/tonnellerievinea\/","https:\/\/www.linkedin.com\/showcase\/tonnellerie-vinea\/about\/","https:\/\/www.instagram.com\/tonnellerievinea\/"]}]}},"uagb_featured_image_src":{"full":false,"thumbnail":false,"medium":false,"medium_large":false,"large":false,"1536x1536":false,"2048x2048":false},"uagb_author_info":{"display_name":"franck","author_link":"https:\/\/www.tonnellerie-vinea.fr\/es\/author\/franck\/"},"uagb_comment_info":0,"uagb_excerpt":"Qui\u00e9nes somos In the wood for love\u2026 Desde 1994, Vin\u00e9a est\u00e1 especializada en el complejo sector de la madera de roble para vinos y licores. La empresa se dedica al dise\u00f1o, fabricaci\u00f3n y comercializaci\u00f3n de barricas y productos enol\u00f3gicos de madera de roble con una alta calidad organol\u00e9ptica. Un saber hacer incomparable para ofrecer productos\u2026","_links":{"self":[{"href":"https:\/\/www.tonnellerie-vinea.fr\/es\/wp-json\/wp\/v2\/pages\/19","targetHints":{"allow":["GET"]}}],"collection":[{"href":"https:\/\/www.tonnellerie-vinea.fr\/es\/wp-json\/wp\/v2\/pages"}],"about":[{"href":"https:\/\/www.tonnellerie-vinea.fr\/es\/wp-json\/wp\/v2\/types\/page"}],"author":[{"embeddable":true,"href":"https:\/\/www.tonnellerie-vinea.fr\/es\/wp-json\/wp\/v2\/users\/1"}],"replies":[{"embeddable":true,"href":"https:\/\/www.tonnellerie-vinea.fr\/es\/wp-json\/wp\/v2\/comments?post=19"}],"version-history":[{"count":82,"href":"https:\/\/www.tonnellerie-vinea.fr\/es\/wp-json\/wp\/v2\/pages\/19\/revisions"}],"predecessor-version":[{"id":897,"href":"https:\/\/www.tonnellerie-vinea.fr\/es\/wp-json\/wp\/v2\/pages\/19\/revisions\/897"}],"wp:attachment":[{"href":"https:\/\/www.tonnellerie-vinea.fr\/es\/wp-json\/wp\/v2\/media?parent=19"}],"curies":[{"name":"wp","href":"https:\/\/api.w.org\/{rel}","templated":true}]}}