{"id":21,"date":"2022-10-03T15:40:15","date_gmt":"2022-10-03T13:40:15","guid":{"rendered":"https:\/\/agence-fleurie.com\/vinea\/?page_id=21"},"modified":"2023-01-25T06:33:21","modified_gmt":"2023-01-25T05:33:21","slug":"tostado-ceramico","status":"publish","type":"page","link":"https:\/\/www.tonnellerie-vinea.fr\/es\/tostado-ceramico\/","title":{"rendered":"Tostado cer\u00e1mico"},"content":{"rendered":"\n<section class=\"wp-block-uagb-container header-titre-page uagb-block-db5790d5 alignfull uagb-is-root-container\"><div class=\"uagb-container-inner-blocks-wrap\">\n<div class=\"wp-block-uagb-container uagb-block-cf46ffe9\">\n<div class=\"wp-block-uagb-container uag-blocks-common-selector uagb-block-147ba09d\">\n<h1 class=\"has-text-align-center has-x-large-font-size wp-block-heading\">El tostado a la cer\u00e1mica<\/h1>\n<\/div>\n\n\n\n<div class=\"wp-block-uagb-container uag-blocks-common-selector uagb-block-d0ef6fca\">\n<h1 class=\"has-text-align-center has-x-large-font-size wp-block-heading\">Una importante innovaci\u00f3n<\/h1>\n<\/div>\n<\/div>\n\n\n\n<div class=\"wp-block-uagb-container uagb-block-4c798cb2\"><\/div>\n<\/div><\/section>\n\n\n\n<div class=\"wp-block-uagb-container section-2col uagb-block-f81efe45 alignwide uagb-is-root-container\">\n<div class=\"wp-block-uagb-container desktop uagb-block-c5d64a16\">\n<div class=\"wp-block-uagb-container transparence-50 uagb-block-4426014d\">\n<div class=\"wp-block-uagb-image alignright uagb-block-4c269c51 wp-block-uagb-image--layout-default wp-block-uagb-image--effect-static wp-block-uagb-image--align-right\"><figure class=\"wp-block-uagb-image__figure\"><img decoding=\"async\" srcset=\"https:\/\/www.tonnellerie-vinea.fr\/es\/wp-content\/uploads\/2022\/11\/tampon-ceramique-1.svg \" src=\"https:\/\/www.tonnellerie-vinea.fr\/es\/wp-content\/uploads\/2022\/11\/tampon-ceramique-1.svg\" alt=\"\" class=\"uag-image-323\" width=\"175\" height=\"175\" title=\"\" loading=\"lazy\"\/><\/figure><\/div>\n<\/div>\n<\/div>\n\n\n\n<div class=\"wp-block-uagb-container uagb-block-e8357e16\">\n<h2 class=\"wp-block-heading\">El tostado cer\u00e1mico, un proceso de tostado innovador<\/h2>\n\n\n\n<p>Desarrollado por el equipo de Vin\u00e9a, este tostado cer\u00e1mico \u00fanico de la madera permite una excelente penetraci\u00f3n y homogeneizaci\u00f3n del tostado, al tiempo que realza las cualidades organol\u00e9pticas de la madera sin conferir aromas ahumados.<br>El tostado cer\u00e1mico del roble es una tecnolog\u00eda exclusiva desarrollada por Vin\u00e9a en 2007 con el objetivo de controlar la transformaci\u00f3n por calor de los az\u00facares de la madera (caramelizaci\u00f3n) y mejorar la nitidez del aporte arom\u00e1tico, eliminando los inconvenientes y riesgos asociados al car\u00e1cter ahumado propio del tostado tradicional e hist\u00f3rico en brasero de le\u00f1a.<br>El tostado a la cer\u00e1mica hace que el calor penetre de forma uniforme, focalizada y profunda.<br>Esta operaci\u00f3n perfectamente controlada permite una gran reproducibilidad.<\/p>\n<\/div>\n\n\n\n<div class=\"wp-block-uagb-container smart uagb-block-65e00c01\">\n<div class=\"wp-block-uagb-container transparence-50 uagb-block-a945aad4\">\n<div class=\"wp-block-uagb-image alignright uagb-block-b624764b wp-block-uagb-image--layout-default wp-block-uagb-image--effect-static wp-block-uagb-image--align-right\"><figure class=\"wp-block-uagb-image__figure\"><img decoding=\"async\" srcset=\"https:\/\/www.tonnellerie-vinea.fr\/es\/wp-content\/uploads\/2022\/11\/tampon-ceramique-1.svg \" src=\"https:\/\/www.tonnellerie-vinea.fr\/es\/wp-content\/uploads\/2022\/11\/tampon-ceramique-1.svg\" alt=\"\" class=\"uag-image-323\" width=\"175\" height=\"175\" title=\"\" loading=\"lazy\"\/><\/figure><\/div>\n<\/div>\n<\/div>\n<\/div>\n\n\n\n<div class=\"wp-block-uagb-container section-2col uagb-block-52e539af alignwide uagb-is-root-container\">\n<div class=\"wp-block-uagb-container uagb-block-1045c365\">\n<h2 class=\"wp-block-heading\">Tostado Hydro, pureza m\u00e1xima<\/h2>\n\n\n\n<p>El procedimiento Hydro, desarrollado recientemente por Vin\u00e9a, consiste en tostar la madera habi\u00e9ndola saturado previamente con vapor de agua.<\/p>\n\n\n\n<p>La madera de roble se tuesta sin torrefacci\u00f3n, lo que realza la frescura y el car\u00e1cter mineral y floral de los vinos.<\/p>\n\n\n\n<p>El procedimiento Hydro obtuvo el Trofeo a la Innovaci\u00f3n en Vinitech 2018, as\u00ed como el Trofeo Emergence a la Innovaci\u00f3n.<\/p>\n\n\n\n<p>Los productos de Vin\u00e9a con tostado cer\u00e1mico son las barricas de la gama \u00c9clat y los productos de madera enol\u00f3gica Aromoak. Son la soluci\u00f3n perfecta para las bodegas que buscan pureza, madera fundida, frescura, respeto de la fruta y sucrosidad.<\/p>\n\n\n\n<figure class=\"wp-block-image alignright size-large is-resized\"><img loading=\"lazy\" decoding=\"async\" src=\"https:\/\/www.tonnellerie-vinea.fr\/es\/wp-content\/uploads\/2022\/11\/tampon-ceramique.svg\" alt=\"\" class=\"wp-image-320\" width=\"113\" height=\"113\"\/><\/figure>\n\n\n\n<figure><\/figure>\n<\/div>\n\n\n\n<div class=\"wp-block-uagb-container uagb-block-e580bd58\">\n<figure class=\"wp-block-image alignleft size-full\"><img loading=\"lazy\" decoding=\"async\" width=\"855\" height=\"608\" src=\"https:\/\/www.tonnellerie-vinea.fr\/es\/wp-content\/uploads\/2022\/12\/IMGP3432-cadre.jpg\" alt=\"\" class=\"wp-image-457\" srcset=\"https:\/\/www.tonnellerie-vinea.fr\/es\/wp-content\/uploads\/2022\/12\/IMGP3432-cadre.jpg 855w, https:\/\/www.tonnellerie-vinea.fr\/es\/wp-content\/uploads\/2022\/12\/IMGP3432-cadre-300x213.jpg 300w, https:\/\/www.tonnellerie-vinea.fr\/es\/wp-content\/uploads\/2022\/12\/IMGP3432-cadre-768x546.jpg 768w\" sizes=\"auto, (max-width: 855px) 100vw, 855px\" \/><\/figure>\n\n\n\n<figure class=\"wp-block-image size-full is-resized\"><img loading=\"lazy\" decoding=\"async\" src=\"https:\/\/www.tonnellerie-vinea.fr\/es\/wp-content\/uploads\/2022\/11\/chauffe-ceramique-tampon.jpg\" alt=\"\" class=\"wp-image-159\" width=\"509\" height=\"286\" srcset=\"https:\/\/www.tonnellerie-vinea.fr\/es\/wp-content\/uploads\/2022\/11\/chauffe-ceramique-tampon.jpg 1018w, https:\/\/www.tonnellerie-vinea.fr\/es\/wp-content\/uploads\/2022\/11\/chauffe-ceramique-tampon-300x169.jpg 300w, https:\/\/www.tonnellerie-vinea.fr\/es\/wp-content\/uploads\/2022\/11\/chauffe-ceramique-tampon-768x432.jpg 768w\" sizes=\"auto, (max-width: 509px) 100vw, 509px\" \/><\/figure>\n<\/div>\n<\/div>\n","protected":false},"excerpt":{"rendered":"<p>El tostado a la cer\u00e1mica Una importante innovaci\u00f3n El tostado cer\u00e1mico, un proceso de tostado innovador Desarrollado por el equipo de Vin\u00e9a, este tostado cer\u00e1mico \u00fanico de la madera permite una excelente penetraci\u00f3n y homogeneizaci\u00f3n del tostado, al tiempo que realza las cualidades organol\u00e9pticas de la madera sin conferir aromas ahumados.El tostado cer\u00e1mico del roble [&hellip;]<\/p>\n","protected":false},"author":1,"featured_media":0,"parent":0,"menu_order":0,"comment_status":"closed","ping_status":"closed","template":"page-base-gutenberg.php","meta":{"_acf_changed":false,"_uag_custom_page_level_css":"","footnotes":""},"class_list":["post-21","page","type-page","status-publish","hentry"],"acf":[],"yoast_head":"<!-- This site is optimized with the Yoast SEO plugin v26.8 - https:\/\/yoast.com\/product\/yoast-seo-wordpress\/ -->\n<title>Tostado cer\u00e1mico - Tonnellerie Vinea 2022<\/title>\n<meta name=\"robots\" content=\"index, follow, max-snippet:-1, max-image-preview:large, max-video-preview:-1\" \/>\n<link rel=\"canonical\" href=\"https:\/\/www.tonnellerie-vinea.fr\/es\/tostado-ceramico\/\" \/>\n<meta property=\"og:locale\" content=\"fr_FR\" \/>\n<meta property=\"og:type\" content=\"article\" \/>\n<meta property=\"og:title\" content=\"Tostado cer\u00e1mico - Tonnellerie Vinea 2022\" \/>\n<meta property=\"og:description\" content=\"El tostado a la cer\u00e1mica Una importante innovaci\u00f3n El tostado cer\u00e1mico, un proceso de tostado innovador Desarrollado por el equipo de Vin\u00e9a, este tostado cer\u00e1mico \u00fanico de la madera permite una excelente penetraci\u00f3n y homogeneizaci\u00f3n del tostado, al tiempo que realza las cualidades organol\u00e9pticas de la madera sin conferir aromas ahumados.El tostado cer\u00e1mico del roble [&hellip;]\" \/>\n<meta property=\"og:url\" content=\"https:\/\/www.tonnellerie-vinea.fr\/es\/tostado-ceramico\/\" \/>\n<meta property=\"og:site_name\" content=\"Tonnellerie Vinea 2022\" \/>\n<meta property=\"article:publisher\" content=\"https:\/\/www.facebook.com\/tonnellerievinea\/\" \/>\n<meta property=\"article:modified_time\" content=\"2023-01-25T05:33:21+00:00\" \/>\n<meta property=\"og:image\" content=\"https:\/\/www.tonnellerie-vinea.fr\/es\/wp-content\/uploads\/2022\/11\/tampon-ceramique-1.svg\" \/>\n<meta name=\"twitter:card\" content=\"summary_large_image\" \/>\n<meta name=\"twitter:label1\" content=\"Dur\u00e9e de lecture estim\u00e9e\" \/>\n\t<meta name=\"twitter:data1\" content=\"3 minutes\" \/>\n<script type=\"application\/ld+json\" class=\"yoast-schema-graph\">{\"@context\":\"https:\/\/schema.org\",\"@graph\":[{\"@type\":\"WebPage\",\"@id\":\"https:\/\/www.tonnellerie-vinea.fr\/es\/tostado-ceramico\/\",\"url\":\"https:\/\/www.tonnellerie-vinea.fr\/es\/tostado-ceramico\/\",\"name\":\"Tostado cer\u00e1mico - Tonnellerie Vinea 2022\",\"isPartOf\":{\"@id\":\"https:\/\/www.tonnellerie-vinea.fr\/es\/#website\"},\"primaryImageOfPage\":{\"@id\":\"https:\/\/www.tonnellerie-vinea.fr\/es\/tostado-ceramico\/#primaryimage\"},\"image\":{\"@id\":\"https:\/\/www.tonnellerie-vinea.fr\/es\/tostado-ceramico\/#primaryimage\"},\"thumbnailUrl\":\"https:\/\/www.tonnellerie-vinea.fr\/es\/wp-content\/uploads\/2022\/11\/tampon-ceramique-1.svg\",\"datePublished\":\"2022-10-03T13:40:15+00:00\",\"dateModified\":\"2023-01-25T05:33:21+00:00\",\"breadcrumb\":{\"@id\":\"https:\/\/www.tonnellerie-vinea.fr\/es\/tostado-ceramico\/#breadcrumb\"},\"inLanguage\":\"fr-FR\",\"potentialAction\":[{\"@type\":\"ReadAction\",\"target\":[\"https:\/\/www.tonnellerie-vinea.fr\/es\/tostado-ceramico\/\"]}]},{\"@type\":\"ImageObject\",\"inLanguage\":\"fr-FR\",\"@id\":\"https:\/\/www.tonnellerie-vinea.fr\/es\/tostado-ceramico\/#primaryimage\",\"url\":\"https:\/\/www.tonnellerie-vinea.fr\/es\/wp-content\/uploads\/2022\/11\/tampon-ceramique-1.svg\",\"contentUrl\":\"https:\/\/www.tonnellerie-vinea.fr\/es\/wp-content\/uploads\/2022\/11\/tampon-ceramique-1.svg\",\"width\":90,\"height\":90},{\"@type\":\"BreadcrumbList\",\"@id\":\"https:\/\/www.tonnellerie-vinea.fr\/es\/tostado-ceramico\/#breadcrumb\",\"itemListElement\":[{\"@type\":\"ListItem\",\"position\":1,\"name\":\"Accueil\",\"item\":\"https:\/\/www.tonnellerie-vinea.fr\/es\/\"},{\"@type\":\"ListItem\",\"position\":2,\"name\":\"Tostado cer\u00e1mico\"}]},{\"@type\":\"WebSite\",\"@id\":\"https:\/\/www.tonnellerie-vinea.fr\/es\/#website\",\"url\":\"https:\/\/www.tonnellerie-vinea.fr\/es\/\",\"name\":\"Tonnellerie Vinea\",\"description\":\"Un site utilisant WordPress\",\"publisher\":{\"@id\":\"https:\/\/www.tonnellerie-vinea.fr\/es\/#organization\"},\"potentialAction\":[{\"@type\":\"SearchAction\",\"target\":{\"@type\":\"EntryPoint\",\"urlTemplate\":\"https:\/\/www.tonnellerie-vinea.fr\/es\/?s={search_term_string}\"},\"query-input\":{\"@type\":\"PropertyValueSpecification\",\"valueRequired\":true,\"valueName\":\"search_term_string\"}}],\"inLanguage\":\"fr-FR\"},{\"@type\":\"Organization\",\"@id\":\"https:\/\/www.tonnellerie-vinea.fr\/es\/#organization\",\"name\":\"Tonnellerie Vinea\",\"url\":\"https:\/\/www.tonnellerie-vinea.fr\/es\/\",\"logo\":{\"@type\":\"ImageObject\",\"inLanguage\":\"fr-FR\",\"@id\":\"https:\/\/www.tonnellerie-vinea.fr\/es\/#\/schema\/logo\/image\/\",\"url\":\"https:\/\/www.tonnellerie-vinea.fr\/es\/wp-content\/uploads\/2022\/10\/logo-tonnellerie-vinea-coul.svg\",\"contentUrl\":\"https:\/\/www.tonnellerie-vinea.fr\/es\/wp-content\/uploads\/2022\/10\/logo-tonnellerie-vinea-coul.svg\",\"width\":349,\"height\":309,\"caption\":\"Tonnellerie Vinea\"},\"image\":{\"@id\":\"https:\/\/www.tonnellerie-vinea.fr\/es\/#\/schema\/logo\/image\/\"},\"sameAs\":[\"https:\/\/www.facebook.com\/tonnellerievinea\/\",\"https:\/\/www.linkedin.com\/showcase\/tonnellerie-vinea\/about\/\",\"https:\/\/www.instagram.com\/tonnellerievinea\/\"]}]}<\/script>\n<!-- \/ Yoast SEO plugin. -->","yoast_head_json":{"title":"Tostado cer\u00e1mico - Tonnellerie Vinea 2022","robots":{"index":"index","follow":"follow","max-snippet":"max-snippet:-1","max-image-preview":"max-image-preview:large","max-video-preview":"max-video-preview:-1"},"canonical":"https:\/\/www.tonnellerie-vinea.fr\/es\/tostado-ceramico\/","og_locale":"fr_FR","og_type":"article","og_title":"Tostado cer\u00e1mico - Tonnellerie Vinea 2022","og_description":"El tostado a la cer\u00e1mica Una importante innovaci\u00f3n El tostado cer\u00e1mico, un proceso de tostado innovador Desarrollado por el equipo de Vin\u00e9a, este tostado cer\u00e1mico \u00fanico de la madera permite una excelente penetraci\u00f3n y homogeneizaci\u00f3n del tostado, al tiempo que realza las cualidades organol\u00e9pticas de la madera sin conferir aromas ahumados.El tostado cer\u00e1mico del roble [&hellip;]","og_url":"https:\/\/www.tonnellerie-vinea.fr\/es\/tostado-ceramico\/","og_site_name":"Tonnellerie Vinea 2022","article_publisher":"https:\/\/www.facebook.com\/tonnellerievinea\/","article_modified_time":"2023-01-25T05:33:21+00:00","og_image":[{"url":"https:\/\/www.tonnellerie-vinea.fr\/es\/wp-content\/uploads\/2022\/11\/tampon-ceramique-1.svg","type":"","width":"","height":""}],"twitter_card":"summary_large_image","twitter_misc":{"Dur\u00e9e de lecture estim\u00e9e":"3 minutes"},"schema":{"@context":"https:\/\/schema.org","@graph":[{"@type":"WebPage","@id":"https:\/\/www.tonnellerie-vinea.fr\/es\/tostado-ceramico\/","url":"https:\/\/www.tonnellerie-vinea.fr\/es\/tostado-ceramico\/","name":"Tostado cer\u00e1mico - Tonnellerie Vinea 2022","isPartOf":{"@id":"https:\/\/www.tonnellerie-vinea.fr\/es\/#website"},"primaryImageOfPage":{"@id":"https:\/\/www.tonnellerie-vinea.fr\/es\/tostado-ceramico\/#primaryimage"},"image":{"@id":"https:\/\/www.tonnellerie-vinea.fr\/es\/tostado-ceramico\/#primaryimage"},"thumbnailUrl":"https:\/\/www.tonnellerie-vinea.fr\/es\/wp-content\/uploads\/2022\/11\/tampon-ceramique-1.svg","datePublished":"2022-10-03T13:40:15+00:00","dateModified":"2023-01-25T05:33:21+00:00","breadcrumb":{"@id":"https:\/\/www.tonnellerie-vinea.fr\/es\/tostado-ceramico\/#breadcrumb"},"inLanguage":"fr-FR","potentialAction":[{"@type":"ReadAction","target":["https:\/\/www.tonnellerie-vinea.fr\/es\/tostado-ceramico\/"]}]},{"@type":"ImageObject","inLanguage":"fr-FR","@id":"https:\/\/www.tonnellerie-vinea.fr\/es\/tostado-ceramico\/#primaryimage","url":"https:\/\/www.tonnellerie-vinea.fr\/es\/wp-content\/uploads\/2022\/11\/tampon-ceramique-1.svg","contentUrl":"https:\/\/www.tonnellerie-vinea.fr\/es\/wp-content\/uploads\/2022\/11\/tampon-ceramique-1.svg","width":90,"height":90},{"@type":"BreadcrumbList","@id":"https:\/\/www.tonnellerie-vinea.fr\/es\/tostado-ceramico\/#breadcrumb","itemListElement":[{"@type":"ListItem","position":1,"name":"Accueil","item":"https:\/\/www.tonnellerie-vinea.fr\/es\/"},{"@type":"ListItem","position":2,"name":"Tostado cer\u00e1mico"}]},{"@type":"WebSite","@id":"https:\/\/www.tonnellerie-vinea.fr\/es\/#website","url":"https:\/\/www.tonnellerie-vinea.fr\/es\/","name":"Tonnellerie Vinea","description":"Un site utilisant WordPress","publisher":{"@id":"https:\/\/www.tonnellerie-vinea.fr\/es\/#organization"},"potentialAction":[{"@type":"SearchAction","target":{"@type":"EntryPoint","urlTemplate":"https:\/\/www.tonnellerie-vinea.fr\/es\/?s={search_term_string}"},"query-input":{"@type":"PropertyValueSpecification","valueRequired":true,"valueName":"search_term_string"}}],"inLanguage":"fr-FR"},{"@type":"Organization","@id":"https:\/\/www.tonnellerie-vinea.fr\/es\/#organization","name":"Tonnellerie Vinea","url":"https:\/\/www.tonnellerie-vinea.fr\/es\/","logo":{"@type":"ImageObject","inLanguage":"fr-FR","@id":"https:\/\/www.tonnellerie-vinea.fr\/es\/#\/schema\/logo\/image\/","url":"https:\/\/www.tonnellerie-vinea.fr\/es\/wp-content\/uploads\/2022\/10\/logo-tonnellerie-vinea-coul.svg","contentUrl":"https:\/\/www.tonnellerie-vinea.fr\/es\/wp-content\/uploads\/2022\/10\/logo-tonnellerie-vinea-coul.svg","width":349,"height":309,"caption":"Tonnellerie Vinea"},"image":{"@id":"https:\/\/www.tonnellerie-vinea.fr\/es\/#\/schema\/logo\/image\/"},"sameAs":["https:\/\/www.facebook.com\/tonnellerievinea\/","https:\/\/www.linkedin.com\/showcase\/tonnellerie-vinea\/about\/","https:\/\/www.instagram.com\/tonnellerievinea\/"]}]}},"uagb_featured_image_src":{"full":false,"thumbnail":false,"medium":false,"medium_large":false,"large":false,"1536x1536":false,"2048x2048":false},"uagb_author_info":{"display_name":"franck","author_link":"https:\/\/www.tonnellerie-vinea.fr\/es\/author\/franck\/"},"uagb_comment_info":0,"uagb_excerpt":"El tostado a la cer\u00e1mica Una importante innovaci\u00f3n El tostado cer\u00e1mico, un proceso de tostado innovador Desarrollado por el equipo de Vin\u00e9a, este tostado cer\u00e1mico \u00fanico de la madera permite una excelente penetraci\u00f3n y homogeneizaci\u00f3n del tostado, al tiempo que realza las cualidades organol\u00e9pticas de la madera sin conferir aromas ahumados.El tostado cer\u00e1mico del roble\u2026","_links":{"self":[{"href":"https:\/\/www.tonnellerie-vinea.fr\/es\/wp-json\/wp\/v2\/pages\/21","targetHints":{"allow":["GET"]}}],"collection":[{"href":"https:\/\/www.tonnellerie-vinea.fr\/es\/wp-json\/wp\/v2\/pages"}],"about":[{"href":"https:\/\/www.tonnellerie-vinea.fr\/es\/wp-json\/wp\/v2\/types\/page"}],"author":[{"embeddable":true,"href":"https:\/\/www.tonnellerie-vinea.fr\/es\/wp-json\/wp\/v2\/users\/1"}],"replies":[{"embeddable":true,"href":"https:\/\/www.tonnellerie-vinea.fr\/es\/wp-json\/wp\/v2\/comments?post=21"}],"version-history":[{"count":46,"href":"https:\/\/www.tonnellerie-vinea.fr\/es\/wp-json\/wp\/v2\/pages\/21\/revisions"}],"predecessor-version":[{"id":899,"href":"https:\/\/www.tonnellerie-vinea.fr\/es\/wp-json\/wp\/v2\/pages\/21\/revisions\/899"}],"wp:attachment":[{"href":"https:\/\/www.tonnellerie-vinea.fr\/es\/wp-json\/wp\/v2\/media?parent=21"}],"curies":[{"name":"wp","href":"https:\/\/api.w.org\/{rel}","templated":true}]}}