{"id":23,"date":"2022-10-03T15:40:32","date_gmt":"2022-10-03T13:40:32","guid":{"rendered":"https:\/\/agence-fleurie.com\/vinea\/?page_id=23"},"modified":"2023-01-25T06:37:56","modified_gmt":"2023-01-25T05:37:56","slug":"el-roble","status":"publish","type":"page","link":"https:\/\/www.tonnellerie-vinea.fr\/es\/el-roble\/","title":{"rendered":"El Roble"},"content":{"rendered":"\n<section class=\"wp-block-uagb-container header-titre-page uagb-block-9104cfb3 alignfull uagb-is-root-container\"><div class=\"uagb-container-inner-blocks-wrap\">\n<div class=\"wp-block-uagb-container uagb-block-7292a49d\"><\/div>\n\n\n\n<div class=\"wp-block-uagb-container uagb-block-6b1f3f48\">\n<div class=\"wp-block-uagb-container uag-blocks-common-selector uagb-block-d624c24b\">\n<h1 class=\"has-text-align-center has-x-large-font-size wp-block-heading\">El Roble<\/h1>\n<\/div>\n<\/div>\n<\/div><\/section>\n\n\n\n<div class=\"wp-block-uagb-container section-2col uagb-block-a0a426d6 alignwide uagb-is-root-container\">\n<div class=\"wp-block-uagb-container uagb-block-26b7a3f3\">\n<h2 class=\"wp-block-heading\">Calidad<\/h2>\n\n\n\n<p>Vin\u00e9a trabaja con aserraderos especializados para llevar a cabo una rigurosa selecci\u00f3n de la madera de robles \u201chaute futaie\u201d, que son la primera garant\u00eda de calidad de las barricas y productos Aromoak.<br>A trav\u00e9s de ellos compramos madera de grano fino y muy fino (Quercus) a la ONF (Oficinal Nacional de Bosques) en Francia.<br>Para la compra de madera de roble americano, nuestros proveedores se basan en el pliego de calidad Mendocino.<\/p>\n<\/div>\n\n\n\n<div class=\"wp-block-uagb-container uagb-block-9898a2d5\"><\/div>\n<\/div>\n\n\n\n<div class=\"wp-block-uagb-container section-2col uagb-block-42428194 alignwide uagb-is-root-container\">\n<div class=\"wp-block-uagb-container desktop uagb-block-bf5cf4c1\"><\/div>\n\n\n\n<div class=\"wp-block-uagb-container uagb-block-458187ae\">\n<h2 class=\"wp-block-heading\">Trazabilidad y control<\/h2>\n\n\n\n<p>Des analyses et des contr\u00f4les des bois sont r\u00e9alis\u00e9s en laboratoire ind\u00e9pendant par sondage r\u00e9gulier afin de se pr\u00e9munir contre les diff\u00e9rents contaminants qui pourraient affecter la qualit\u00e9 des \u00e9levages.<\/p>\n\n\n\n<p><strong>La tra\u00e7abilit\u00e9 de chaque barrique<\/strong> et de chaque bois oenologique Aromoak est assur\u00e9e, garantissant aux vignerons la plus grande transparence dans les processus de transformation des mati\u00e8res premi\u00e8res.<\/p>\n\n\n\n<p>Les bois oenologiques Aromoak en ch\u00eane fran\u00e7ais sont utilisables en <strong>Agriculture Biologique<\/strong> et l\u2019ensemble des barriques Vin\u00e9a sont garanties sans gluten.<\/p>\n<\/div>\n\n\n\n<div class=\"wp-block-uagb-container smart uagb-block-e982143e\"><\/div>\n<\/div>\n\n\n\n<div class=\"wp-block-uagb-container section-2col uagb-block-71d75634 alignwide uagb-is-root-container\">\n<div class=\"wp-block-uagb-container uagb-block-27094b74\">\n<h2 class=\"wp-block-heading\">Crianza<\/h2>\n\n\n\n<p>El curado de la madera es una etapa fundamental para extraer los componentes arom\u00e1ticos de la madera, que son los que confieren calidad a las barricas y los productos enol\u00f3gicos de Vin\u00e9a.<\/p>\n\n\n\n<p>En St. Germain de Lusignan, contamos con un parque de madera de 11 000 m2 \u00fanicamente para el curado de la madera que luego utilizamos para fabricar nuestras barricas.<\/p>\n<\/div>\n\n\n\n<div class=\"wp-block-uagb-container uagb-block-1520d9fd\"><\/div>\n<\/div>\n\n\n\n<div class=\"wp-block-uagb-container section-2col uagb-block-df781e84 alignwide uagb-is-root-container\">\n<div class=\"wp-block-uagb-container desktop uagb-block-d4165ded\"><\/div>\n\n\n\n<div class=\"wp-block-uagb-container uagb-block-b7e0848b\">\n<h2 class=\"wp-block-heading\">Secado<\/h2>\n\n\n\n<p>Las duelas se inspeccionan una a una, apil\u00e1ndose y dej\u00e1ndose al aire libre durante un periodo m\u00ednimo de 24 meses. As\u00ed permanecer\u00e1n expuestas al sol, el viento y la lluvia para alcanzar la calidad necesaria para la crianza.<\/p>\n\n\n\n<p>La madera de roble debe pasar por un lento proceso de secado natural para rebajar la humedad del 50 % al 12 % aproximadamente.<\/p>\n\n\n\n<p>Solo entonces podr\u00e1 extraerse y desarrollarse el perfil arom\u00e1tico de la madera.<\/p>\n\n\n\n<p>El secado es un factor crucial de la elegancia arom\u00e1tica. El periodo de secado es de 36 meses como m\u00ednimo en el caso de la madera de roble franc\u00e9s utilizada para la gama AROMOAK.<\/p>\n\n\n\n<p>Vin\u00e9a vela siempre por que el secado sea natural, sin riego.<\/p>\n<\/div>\n\n\n\n<div class=\"wp-block-uagb-container smart uagb-block-07ad6c6d\"><\/div>\n<\/div>\n","protected":false},"excerpt":{"rendered":"<p>El Roble Calidad Vin\u00e9a trabaja con aserraderos especializados para llevar a cabo una rigurosa selecci\u00f3n de la madera de robles \u201chaute futaie\u201d, que son la primera garant\u00eda de calidad de las barricas y productos Aromoak.A trav\u00e9s de ellos compramos madera de grano fino y muy fino (Quercus) a la ONF (Oficinal Nacional de Bosques) en [&hellip;]<\/p>\n","protected":false},"author":1,"featured_media":0,"parent":0,"menu_order":0,"comment_status":"closed","ping_status":"closed","template":"page-base-gutenberg.php","meta":{"_acf_changed":false,"_uag_custom_page_level_css":"","footnotes":""},"class_list":["post-23","page","type-page","status-publish","hentry"],"acf":[],"yoast_head":"<!-- This site is optimized with the Yoast SEO plugin v26.8 - https:\/\/yoast.com\/product\/yoast-seo-wordpress\/ -->\n<title>El Roble - Tonnellerie Vinea 2022<\/title>\n<meta name=\"robots\" content=\"index, follow, max-snippet:-1, max-image-preview:large, max-video-preview:-1\" \/>\n<link rel=\"canonical\" href=\"https:\/\/www.tonnellerie-vinea.fr\/es\/el-roble\/\" \/>\n<meta property=\"og:locale\" content=\"fr_FR\" \/>\n<meta property=\"og:type\" content=\"article\" \/>\n<meta property=\"og:title\" content=\"El Roble - Tonnellerie Vinea 2022\" \/>\n<meta property=\"og:description\" content=\"El Roble Calidad Vin\u00e9a trabaja con aserraderos especializados para llevar a cabo una rigurosa selecci\u00f3n de la madera de robles \u201chaute futaie\u201d, que son la primera garant\u00eda de calidad de las barricas y productos Aromoak.A trav\u00e9s de ellos compramos madera de grano fino y muy fino (Quercus) a la ONF (Oficinal Nacional de Bosques) en [&hellip;]\" \/>\n<meta property=\"og:url\" content=\"https:\/\/www.tonnellerie-vinea.fr\/es\/el-roble\/\" \/>\n<meta property=\"og:site_name\" content=\"Tonnellerie Vinea 2022\" \/>\n<meta property=\"article:publisher\" content=\"https:\/\/www.facebook.com\/tonnellerievinea\/\" \/>\n<meta property=\"article:modified_time\" content=\"2023-01-25T05:37:56+00:00\" \/>\n<meta name=\"twitter:card\" content=\"summary_large_image\" \/>\n<meta name=\"twitter:label1\" content=\"Dur\u00e9e de lecture estim\u00e9e\" \/>\n\t<meta name=\"twitter:data1\" content=\"2 minutes\" \/>\n<script type=\"application\/ld+json\" class=\"yoast-schema-graph\">{\"@context\":\"https:\/\/schema.org\",\"@graph\":[{\"@type\":\"WebPage\",\"@id\":\"https:\/\/www.tonnellerie-vinea.fr\/es\/el-roble\/\",\"url\":\"https:\/\/www.tonnellerie-vinea.fr\/es\/el-roble\/\",\"name\":\"El Roble - Tonnellerie Vinea 2022\",\"isPartOf\":{\"@id\":\"https:\/\/www.tonnellerie-vinea.fr\/es\/#website\"},\"datePublished\":\"2022-10-03T13:40:32+00:00\",\"dateModified\":\"2023-01-25T05:37:56+00:00\",\"breadcrumb\":{\"@id\":\"https:\/\/www.tonnellerie-vinea.fr\/es\/el-roble\/#breadcrumb\"},\"inLanguage\":\"fr-FR\",\"potentialAction\":[{\"@type\":\"ReadAction\",\"target\":[\"https:\/\/www.tonnellerie-vinea.fr\/es\/el-roble\/\"]}]},{\"@type\":\"BreadcrumbList\",\"@id\":\"https:\/\/www.tonnellerie-vinea.fr\/es\/el-roble\/#breadcrumb\",\"itemListElement\":[{\"@type\":\"ListItem\",\"position\":1,\"name\":\"Accueil\",\"item\":\"https:\/\/www.tonnellerie-vinea.fr\/es\/\"},{\"@type\":\"ListItem\",\"position\":2,\"name\":\"El Roble\"}]},{\"@type\":\"WebSite\",\"@id\":\"https:\/\/www.tonnellerie-vinea.fr\/es\/#website\",\"url\":\"https:\/\/www.tonnellerie-vinea.fr\/es\/\",\"name\":\"Tonnellerie Vinea\",\"description\":\"Un site utilisant WordPress\",\"publisher\":{\"@id\":\"https:\/\/www.tonnellerie-vinea.fr\/es\/#organization\"},\"potentialAction\":[{\"@type\":\"SearchAction\",\"target\":{\"@type\":\"EntryPoint\",\"urlTemplate\":\"https:\/\/www.tonnellerie-vinea.fr\/es\/?s={search_term_string}\"},\"query-input\":{\"@type\":\"PropertyValueSpecification\",\"valueRequired\":true,\"valueName\":\"search_term_string\"}}],\"inLanguage\":\"fr-FR\"},{\"@type\":\"Organization\",\"@id\":\"https:\/\/www.tonnellerie-vinea.fr\/es\/#organization\",\"name\":\"Tonnellerie Vinea\",\"url\":\"https:\/\/www.tonnellerie-vinea.fr\/es\/\",\"logo\":{\"@type\":\"ImageObject\",\"inLanguage\":\"fr-FR\",\"@id\":\"https:\/\/www.tonnellerie-vinea.fr\/es\/#\/schema\/logo\/image\/\",\"url\":\"https:\/\/www.tonnellerie-vinea.fr\/es\/wp-content\/uploads\/2022\/10\/logo-tonnellerie-vinea-coul.svg\",\"contentUrl\":\"https:\/\/www.tonnellerie-vinea.fr\/es\/wp-content\/uploads\/2022\/10\/logo-tonnellerie-vinea-coul.svg\",\"width\":349,\"height\":309,\"caption\":\"Tonnellerie Vinea\"},\"image\":{\"@id\":\"https:\/\/www.tonnellerie-vinea.fr\/es\/#\/schema\/logo\/image\/\"},\"sameAs\":[\"https:\/\/www.facebook.com\/tonnellerievinea\/\",\"https:\/\/www.linkedin.com\/showcase\/tonnellerie-vinea\/about\/\",\"https:\/\/www.instagram.com\/tonnellerievinea\/\"]}]}<\/script>\n<!-- \/ Yoast SEO plugin. -->","yoast_head_json":{"title":"El Roble - Tonnellerie Vinea 2022","robots":{"index":"index","follow":"follow","max-snippet":"max-snippet:-1","max-image-preview":"max-image-preview:large","max-video-preview":"max-video-preview:-1"},"canonical":"https:\/\/www.tonnellerie-vinea.fr\/es\/el-roble\/","og_locale":"fr_FR","og_type":"article","og_title":"El Roble - Tonnellerie Vinea 2022","og_description":"El Roble Calidad Vin\u00e9a trabaja con aserraderos especializados para llevar a cabo una rigurosa selecci\u00f3n de la madera de robles \u201chaute futaie\u201d, que son la primera garant\u00eda de calidad de las barricas y productos Aromoak.A trav\u00e9s de ellos compramos madera de grano fino y muy fino (Quercus) a la ONF (Oficinal Nacional de Bosques) en [&hellip;]","og_url":"https:\/\/www.tonnellerie-vinea.fr\/es\/el-roble\/","og_site_name":"Tonnellerie Vinea 2022","article_publisher":"https:\/\/www.facebook.com\/tonnellerievinea\/","article_modified_time":"2023-01-25T05:37:56+00:00","twitter_card":"summary_large_image","twitter_misc":{"Dur\u00e9e de lecture estim\u00e9e":"2 minutes"},"schema":{"@context":"https:\/\/schema.org","@graph":[{"@type":"WebPage","@id":"https:\/\/www.tonnellerie-vinea.fr\/es\/el-roble\/","url":"https:\/\/www.tonnellerie-vinea.fr\/es\/el-roble\/","name":"El Roble - Tonnellerie Vinea 2022","isPartOf":{"@id":"https:\/\/www.tonnellerie-vinea.fr\/es\/#website"},"datePublished":"2022-10-03T13:40:32+00:00","dateModified":"2023-01-25T05:37:56+00:00","breadcrumb":{"@id":"https:\/\/www.tonnellerie-vinea.fr\/es\/el-roble\/#breadcrumb"},"inLanguage":"fr-FR","potentialAction":[{"@type":"ReadAction","target":["https:\/\/www.tonnellerie-vinea.fr\/es\/el-roble\/"]}]},{"@type":"BreadcrumbList","@id":"https:\/\/www.tonnellerie-vinea.fr\/es\/el-roble\/#breadcrumb","itemListElement":[{"@type":"ListItem","position":1,"name":"Accueil","item":"https:\/\/www.tonnellerie-vinea.fr\/es\/"},{"@type":"ListItem","position":2,"name":"El Roble"}]},{"@type":"WebSite","@id":"https:\/\/www.tonnellerie-vinea.fr\/es\/#website","url":"https:\/\/www.tonnellerie-vinea.fr\/es\/","name":"Tonnellerie Vinea","description":"Un site utilisant WordPress","publisher":{"@id":"https:\/\/www.tonnellerie-vinea.fr\/es\/#organization"},"potentialAction":[{"@type":"SearchAction","target":{"@type":"EntryPoint","urlTemplate":"https:\/\/www.tonnellerie-vinea.fr\/es\/?s={search_term_string}"},"query-input":{"@type":"PropertyValueSpecification","valueRequired":true,"valueName":"search_term_string"}}],"inLanguage":"fr-FR"},{"@type":"Organization","@id":"https:\/\/www.tonnellerie-vinea.fr\/es\/#organization","name":"Tonnellerie Vinea","url":"https:\/\/www.tonnellerie-vinea.fr\/es\/","logo":{"@type":"ImageObject","inLanguage":"fr-FR","@id":"https:\/\/www.tonnellerie-vinea.fr\/es\/#\/schema\/logo\/image\/","url":"https:\/\/www.tonnellerie-vinea.fr\/es\/wp-content\/uploads\/2022\/10\/logo-tonnellerie-vinea-coul.svg","contentUrl":"https:\/\/www.tonnellerie-vinea.fr\/es\/wp-content\/uploads\/2022\/10\/logo-tonnellerie-vinea-coul.svg","width":349,"height":309,"caption":"Tonnellerie Vinea"},"image":{"@id":"https:\/\/www.tonnellerie-vinea.fr\/es\/#\/schema\/logo\/image\/"},"sameAs":["https:\/\/www.facebook.com\/tonnellerievinea\/","https:\/\/www.linkedin.com\/showcase\/tonnellerie-vinea\/about\/","https:\/\/www.instagram.com\/tonnellerievinea\/"]}]}},"uagb_featured_image_src":{"full":false,"thumbnail":false,"medium":false,"medium_large":false,"large":false,"1536x1536":false,"2048x2048":false},"uagb_author_info":{"display_name":"franck","author_link":"https:\/\/www.tonnellerie-vinea.fr\/es\/author\/franck\/"},"uagb_comment_info":0,"uagb_excerpt":"El Roble Calidad Vin\u00e9a trabaja con aserraderos especializados para llevar a cabo una rigurosa selecci\u00f3n de la madera de robles \u201chaute futaie\u201d, que son la primera garant\u00eda de calidad de las barricas y productos Aromoak.A trav\u00e9s de ellos compramos madera de grano fino y muy fino (Quercus) a la ONF (Oficinal Nacional de Bosques) en\u2026","_links":{"self":[{"href":"https:\/\/www.tonnellerie-vinea.fr\/es\/wp-json\/wp\/v2\/pages\/23","targetHints":{"allow":["GET"]}}],"collection":[{"href":"https:\/\/www.tonnellerie-vinea.fr\/es\/wp-json\/wp\/v2\/pages"}],"about":[{"href":"https:\/\/www.tonnellerie-vinea.fr\/es\/wp-json\/wp\/v2\/types\/page"}],"author":[{"embeddable":true,"href":"https:\/\/www.tonnellerie-vinea.fr\/es\/wp-json\/wp\/v2\/users\/1"}],"replies":[{"embeddable":true,"href":"https:\/\/www.tonnellerie-vinea.fr\/es\/wp-json\/wp\/v2\/comments?post=23"}],"version-history":[{"count":21,"href":"https:\/\/www.tonnellerie-vinea.fr\/es\/wp-json\/wp\/v2\/pages\/23\/revisions"}],"predecessor-version":[{"id":902,"href":"https:\/\/www.tonnellerie-vinea.fr\/es\/wp-json\/wp\/v2\/pages\/23\/revisions\/902"}],"wp:attachment":[{"href":"https:\/\/www.tonnellerie-vinea.fr\/es\/wp-json\/wp\/v2\/media?parent=23"}],"curies":[{"name":"wp","href":"https:\/\/api.w.org\/{rel}","templated":true}]}}