{"id":25,"date":"2022-10-03T15:40:45","date_gmt":"2022-10-03T13:40:45","guid":{"rendered":"https:\/\/agence-fleurie.com\/vinea\/?page_id=25"},"modified":"2023-01-25T06:48:07","modified_gmt":"2023-01-25T05:48:07","slug":"toneleria-tradicional","status":"publish","type":"page","link":"https:\/\/www.tonnellerie-vinea.fr\/es\/toneleria-tradicional\/","title":{"rendered":"Toneler\u00eda tradicional"},"content":{"rendered":"\n<section class=\"wp-block-uagb-container header-titre-page uagb-block-400eae41 alignfull uagb-is-root-container\"><div class=\"uagb-container-inner-blocks-wrap\">\n<div class=\"wp-block-uagb-container uagb-block-54c2ff43\"><\/div>\n\n\n\n<div class=\"wp-block-uagb-container uagb-block-15c31b50\">\n<div class=\"wp-block-uagb-container uag-blocks-common-selector uagb-block-f42a1751\">\n<h1 class=\"has-text-align-center has-x-large-font-size wp-block-heading\">Toneler\u00eda tradicional<\/h1>\n<\/div>\n<\/div>\n<\/div><\/section>\n\n\n\n<div class=\"wp-block-uagb-container section-2col uagb-block-2f699383 default uagb-is-root-container\">\n<div class=\"wp-block-uagb-container uagb-block-59143679\">\n<figure class=\"wp-block-image alignright size-full is-resized\"><img loading=\"lazy\" decoding=\"async\" src=\"https:\/\/www.tonnellerie-vinea.fr\/es\/wp-content\/uploads\/2022\/11\/tampon-20-ans.svg\" alt=\"\" class=\"wp-image-309\" width=\"128\" height=\"128\"\/><\/figure>\n<\/div>\n\n\n\n<div class=\"wp-block-uagb-container uagb-block-2579167d\">\n<h2 class=\"wp-block-heading\">Toneler\u00eda a medida<\/h2>\n\n\n\n<p>Gracias a tecnolog\u00edas de tostado precisas y perfectamente ajustadas, la Toneler\u00eda Vin\u00e9a tiene la capacidad \u00fanica de maridar los mejores or\u00edgenes de la madera con los mejores terru\u00f1os vit\u00edcolas.<br>Nuestra capacidad para ofrecer tanto m\u00e9todos de crianza respetuosos con la tradici\u00f3n como soluciones innovadoras nos permite elevar a la m\u00e1xima potencia el car\u00e1cter intr\u00ednseco de los vinos y licores que se guardan en nuestras barricas.<br>Cada una de las barricas fabricadas en nuestro taller tiene una finalidad diferente adapt\u00e1ndose a las distintas necesidades de las bodegas.<\/p>\n<\/div>\n\n\n\n<div class=\"wp-block-uagb-container uagb-block-3faaa6c9\"><\/div>\n<\/div>\n\n\n\n<div class=\"wp-block-uagb-container section-2col uagb-block-bc601ba8 alignwide uagb-is-root-container\">\n<div class=\"wp-block-uagb-container  desktop uagb-block-66087bd0\"><\/div>\n\n\n\n<div class=\"wp-block-uagb-container uagb-block-1fb4c280\">\n<h2 class=\"wp-block-heading\">Tradici\u00f3n o innovaci\u00f3n<\/h2>\n\n\n\n<p>Tostados tradicionales en brasero, al estilo tonelero, aplicados a las marcas Mendocino (roble americano), Magjar (roble de Europa del Este) y Artizana in Fine (roble franc\u00e9s).<br>Tostados in\u00e9ditos e innovadores para las gamas \u00c9clat.<br>Barricas con perfiles arom\u00e1ticos personalizados para embellecer a\u00fan m\u00e1s el vino.<\/p>\n<\/div>\n\n\n\n<div class=\"wp-block-uagb-container smart uagb-block-483f8c59\"><\/div>\n<\/div>\n\n\n\n<div class=\"wp-block-uagb-container section-2col uagb-block-9124f991 default uagb-is-root-container\">\n<div class=\"wp-block-uagb-container uagb-block-7aa440ba\">\n<div class=\"wp-block-uagb-container titre-produit-tonnellerie uagb-block-320f7f98\">\n<div class=\"wp-block-uagb-container uagb-block-69600ca1\"><\/div>\n\n\n\n<div class=\"wp-block-uagb-container uagb-block-95aeef54\">\n<h3 class=\"has-prune-color has-text-color wp-block-heading\">ORIGEN FRANC\u00c9S<\/h3>\n\n\n\n<h2 class=\"has-prune-color has-text-color wp-block-heading\">Artizana in Fine<\/h2>\n<\/div>\n<\/div>\n\n\n\n<div class=\"wp-block-uagb-container titre-produit-tonnellerie uagb-block-c8d57ca3\">\n<div class=\"wp-block-uagb-container uagb-block-b3a8c305\"><\/div>\n\n\n\n<div class=\"wp-block-uagb-container uagb-block-2931e409\">\n<p>Las virtudes de la producci\u00f3n artesanal en una aut\u00e9ntica barrica fabricada al estilo franc\u00e9s: desde una minuciosa selecci\u00f3n de las mejores maderas de grano fino de origen franc\u00e9s, con secado al aire libre, hasta el cuidadoso trabajo de nuestros maestros toneleros en el taller, con braseros alimentados con recortes de roble.<br>El resultado es su caracter\u00edstico perfil arom\u00e1tico, una combinaci\u00f3n de elegancia francesa, presencia y estructura.<\/p>\n<\/div>\n<\/div>\n<\/div>\n\n\n\n<div class=\"wp-block-uagb-container uagb-block-a35b87aa\"><\/div>\n<\/div>\n\n\n\n<div class=\"wp-block-uagb-container section-2col uagb-block-3c0d76ca default uagb-is-root-container\">\n<div class=\"wp-block-uagb-container desktop uagb-block-aabd21dc\"><\/div>\n\n\n\n<div class=\"wp-block-uagb-container uagb-block-e9c68c23\">\n<div class=\"wp-block-uagb-container titre-produit-tonnellerie uagb-block-24719d13\">\n<div class=\"wp-block-uagb-container uagb-block-842b861e\"><\/div>\n\n\n\n<div class=\"wp-block-uagb-container uagb-block-f3e4fb86\">\n<h3 class=\"has-white-color has-text-color wp-block-heading\">ORIGEN AMERICANO<\/h3>\n\n\n\n<h2 class=\"has-white-color has-text-color wp-block-heading\">Mendocino<\/h2>\n<\/div>\n<\/div>\n\n\n\n<div class=\"wp-block-uagb-container titre-produit-tonnellerie uagb-block-7583b72e\">\n<div class=\"wp-block-uagb-container uagb-block-ac2e1715\"><\/div>\n\n\n\n<div class=\"wp-block-uagb-container uagb-block-31cc6041\">\n<p>Nuestra barrica Mendocino destaca por aunar el mejor roble blanco norteamericano \u201chaute futaie\u201d de Minnesota y Missouri (Quercus Alba) con un m\u00ednimo de 26 meses de secado al aire libre y un tostado personalizado.<br>Una presencia real, delicada, redonda y ex\u00f3tica, que hace honor a la reputaci\u00f3n de nuestra barrica de roble americano, que suele describirse como la m\u00e1s elegante y consistente.<\/p>\n<\/div>\n<\/div>\n<\/div>\n\n\n\n<div class=\"wp-block-uagb-container smart uagb-block-0ccd6307\"><\/div>\n<\/div>\n\n\n\n<div class=\"wp-block-uagb-container section-2col uagb-block-229e8228 alignwide uagb-is-root-container\">\n<div class=\"wp-block-uagb-container uagb-block-874acd34\">\n<div class=\"wp-block-uagb-container titre-produit-tonnellerie uagb-block-55a48d9a\">\n<div class=\"wp-block-uagb-container uagb-block-52657ef4\"><\/div>\n\n\n\n<div class=\"wp-block-uagb-container uagb-block-d13fe742\">\n<h3 class=\"has-white-color has-text-color wp-block-heading\">ORIGEN EUROPA DEL ESTE<\/h3>\n\n\n\n<h2 class=\"has-white-color has-text-color wp-block-heading\">Magjar<\/h2>\n<\/div>\n<\/div>\n\n\n\n<div class=\"wp-block-uagb-container titre-produit-tonnellerie uagb-block-94b4f288\">\n<div class=\"wp-block-uagb-container uagb-block-685250d4\"><\/div>\n\n\n\n<div class=\"wp-block-uagb-container uagb-block-6f902821\">\n<p>La combinaci\u00f3n de una tierra hist\u00f3rica de robles europeos de grano fino con el saber hacer franc\u00e9s: he aqu\u00ed la barrica Magjar. Una barrica elegante y refinada fruto de una meticulosa selecci\u00f3n de maderas de grano fino procedentes del Europa del Este, moldeadas por las manos expertas de nuestros toneleros.<br>Las bodegas pueden as\u00ed beneficiarse de una estructura arom\u00e1tica bastante potente y equilibrada, relativamente suave, que conserva bien la fruta.<\/p>\n<\/div>\n<\/div>\n<\/div>\n\n\n\n<div class=\"wp-block-uagb-container uagb-block-cad4f505\"><\/div>\n<\/div>\n","protected":false},"excerpt":{"rendered":"<p>Toneler\u00eda tradicional Toneler\u00eda a medida Gracias a tecnolog\u00edas de tostado precisas y perfectamente ajustadas, la Toneler\u00eda Vin\u00e9a tiene la capacidad \u00fanica de maridar los mejores or\u00edgenes de la madera con los mejores terru\u00f1os vit\u00edcolas.Nuestra capacidad para ofrecer tanto m\u00e9todos de crianza respetuosos con la tradici\u00f3n como soluciones innovadoras nos permite elevar a la m\u00e1xima potencia [&hellip;]<\/p>\n","protected":false},"author":1,"featured_media":0,"parent":0,"menu_order":0,"comment_status":"closed","ping_status":"closed","template":"page-base-gutenberg.php","meta":{"_acf_changed":false,"_uag_custom_page_level_css":"","footnotes":""},"class_list":["post-25","page","type-page","status-publish","hentry"],"acf":[],"yoast_head":"<!-- This site is optimized with the Yoast SEO plugin v26.8 - https:\/\/yoast.com\/product\/yoast-seo-wordpress\/ -->\n<title>Toneler\u00eda tradicional - Tonnellerie Vinea 2022<\/title>\n<meta name=\"robots\" content=\"index, follow, max-snippet:-1, max-image-preview:large, max-video-preview:-1\" \/>\n<link rel=\"canonical\" href=\"https:\/\/www.tonnellerie-vinea.fr\/es\/toneleria-tradicional\/\" \/>\n<meta property=\"og:locale\" content=\"fr_FR\" \/>\n<meta property=\"og:type\" content=\"article\" \/>\n<meta property=\"og:title\" content=\"Toneler\u00eda tradicional - Tonnellerie Vinea 2022\" \/>\n<meta property=\"og:description\" content=\"Toneler\u00eda tradicional Toneler\u00eda a medida Gracias a tecnolog\u00edas de tostado precisas y perfectamente ajustadas, la Toneler\u00eda Vin\u00e9a tiene la capacidad \u00fanica de maridar los mejores or\u00edgenes de la madera con los mejores terru\u00f1os vit\u00edcolas.Nuestra capacidad para ofrecer tanto m\u00e9todos de crianza respetuosos con la tradici\u00f3n como soluciones innovadoras nos permite elevar a la m\u00e1xima potencia [&hellip;]\" \/>\n<meta property=\"og:url\" content=\"https:\/\/www.tonnellerie-vinea.fr\/es\/toneleria-tradicional\/\" \/>\n<meta property=\"og:site_name\" content=\"Tonnellerie Vinea 2022\" \/>\n<meta property=\"article:publisher\" content=\"https:\/\/www.facebook.com\/tonnellerievinea\/\" \/>\n<meta property=\"article:modified_time\" content=\"2023-01-25T05:48:07+00:00\" \/>\n<meta property=\"og:image\" content=\"https:\/\/www.tonnellerie-vinea.fr\/es\/wp-content\/uploads\/2022\/11\/tampon-20-ans.svg\" \/>\n<meta name=\"twitter:card\" content=\"summary_large_image\" \/>\n<meta name=\"twitter:label1\" content=\"Dur\u00e9e de lecture estim\u00e9e\" \/>\n\t<meta name=\"twitter:data1\" content=\"2 minutes\" \/>\n<script type=\"application\/ld+json\" class=\"yoast-schema-graph\">{\"@context\":\"https:\/\/schema.org\",\"@graph\":[{\"@type\":\"WebPage\",\"@id\":\"https:\/\/www.tonnellerie-vinea.fr\/es\/toneleria-tradicional\/\",\"url\":\"https:\/\/www.tonnellerie-vinea.fr\/es\/toneleria-tradicional\/\",\"name\":\"Toneler\u00eda tradicional - Tonnellerie Vinea 2022\",\"isPartOf\":{\"@id\":\"https:\/\/www.tonnellerie-vinea.fr\/es\/#website\"},\"primaryImageOfPage\":{\"@id\":\"https:\/\/www.tonnellerie-vinea.fr\/es\/toneleria-tradicional\/#primaryimage\"},\"image\":{\"@id\":\"https:\/\/www.tonnellerie-vinea.fr\/es\/toneleria-tradicional\/#primaryimage\"},\"thumbnailUrl\":\"https:\/\/www.tonnellerie-vinea.fr\/es\/wp-content\/uploads\/2022\/11\/tampon-20-ans.svg\",\"datePublished\":\"2022-10-03T13:40:45+00:00\",\"dateModified\":\"2023-01-25T05:48:07+00:00\",\"breadcrumb\":{\"@id\":\"https:\/\/www.tonnellerie-vinea.fr\/es\/toneleria-tradicional\/#breadcrumb\"},\"inLanguage\":\"fr-FR\",\"potentialAction\":[{\"@type\":\"ReadAction\",\"target\":[\"https:\/\/www.tonnellerie-vinea.fr\/es\/toneleria-tradicional\/\"]}]},{\"@type\":\"ImageObject\",\"inLanguage\":\"fr-FR\",\"@id\":\"https:\/\/www.tonnellerie-vinea.fr\/es\/toneleria-tradicional\/#primaryimage\",\"url\":\"https:\/\/www.tonnellerie-vinea.fr\/es\/wp-content\/uploads\/2022\/11\/tampon-20-ans.svg\",\"contentUrl\":\"https:\/\/www.tonnellerie-vinea.fr\/es\/wp-content\/uploads\/2022\/11\/tampon-20-ans.svg\",\"width\":90,\"height\":90},{\"@type\":\"BreadcrumbList\",\"@id\":\"https:\/\/www.tonnellerie-vinea.fr\/es\/toneleria-tradicional\/#breadcrumb\",\"itemListElement\":[{\"@type\":\"ListItem\",\"position\":1,\"name\":\"Accueil\",\"item\":\"https:\/\/www.tonnellerie-vinea.fr\/es\/\"},{\"@type\":\"ListItem\",\"position\":2,\"name\":\"Toneler\u00eda tradicional\"}]},{\"@type\":\"WebSite\",\"@id\":\"https:\/\/www.tonnellerie-vinea.fr\/es\/#website\",\"url\":\"https:\/\/www.tonnellerie-vinea.fr\/es\/\",\"name\":\"Tonnellerie Vinea\",\"description\":\"Un site utilisant WordPress\",\"publisher\":{\"@id\":\"https:\/\/www.tonnellerie-vinea.fr\/es\/#organization\"},\"potentialAction\":[{\"@type\":\"SearchAction\",\"target\":{\"@type\":\"EntryPoint\",\"urlTemplate\":\"https:\/\/www.tonnellerie-vinea.fr\/es\/?s={search_term_string}\"},\"query-input\":{\"@type\":\"PropertyValueSpecification\",\"valueRequired\":true,\"valueName\":\"search_term_string\"}}],\"inLanguage\":\"fr-FR\"},{\"@type\":\"Organization\",\"@id\":\"https:\/\/www.tonnellerie-vinea.fr\/es\/#organization\",\"name\":\"Tonnellerie Vinea\",\"url\":\"https:\/\/www.tonnellerie-vinea.fr\/es\/\",\"logo\":{\"@type\":\"ImageObject\",\"inLanguage\":\"fr-FR\",\"@id\":\"https:\/\/www.tonnellerie-vinea.fr\/es\/#\/schema\/logo\/image\/\",\"url\":\"https:\/\/www.tonnellerie-vinea.fr\/es\/wp-content\/uploads\/2022\/10\/logo-tonnellerie-vinea-coul.svg\",\"contentUrl\":\"https:\/\/www.tonnellerie-vinea.fr\/es\/wp-content\/uploads\/2022\/10\/logo-tonnellerie-vinea-coul.svg\",\"width\":349,\"height\":309,\"caption\":\"Tonnellerie Vinea\"},\"image\":{\"@id\":\"https:\/\/www.tonnellerie-vinea.fr\/es\/#\/schema\/logo\/image\/\"},\"sameAs\":[\"https:\/\/www.facebook.com\/tonnellerievinea\/\",\"https:\/\/www.linkedin.com\/showcase\/tonnellerie-vinea\/about\/\",\"https:\/\/www.instagram.com\/tonnellerievinea\/\"]}]}<\/script>\n<!-- \/ Yoast SEO plugin. -->","yoast_head_json":{"title":"Toneler\u00eda tradicional - Tonnellerie Vinea 2022","robots":{"index":"index","follow":"follow","max-snippet":"max-snippet:-1","max-image-preview":"max-image-preview:large","max-video-preview":"max-video-preview:-1"},"canonical":"https:\/\/www.tonnellerie-vinea.fr\/es\/toneleria-tradicional\/","og_locale":"fr_FR","og_type":"article","og_title":"Toneler\u00eda tradicional - Tonnellerie Vinea 2022","og_description":"Toneler\u00eda tradicional Toneler\u00eda a medida Gracias a tecnolog\u00edas de tostado precisas y perfectamente ajustadas, la Toneler\u00eda Vin\u00e9a tiene la capacidad \u00fanica de maridar los mejores or\u00edgenes de la madera con los mejores terru\u00f1os vit\u00edcolas.Nuestra capacidad para ofrecer tanto m\u00e9todos de crianza respetuosos con la tradici\u00f3n como soluciones innovadoras nos permite elevar a la m\u00e1xima potencia [&hellip;]","og_url":"https:\/\/www.tonnellerie-vinea.fr\/es\/toneleria-tradicional\/","og_site_name":"Tonnellerie Vinea 2022","article_publisher":"https:\/\/www.facebook.com\/tonnellerievinea\/","article_modified_time":"2023-01-25T05:48:07+00:00","og_image":[{"url":"https:\/\/www.tonnellerie-vinea.fr\/es\/wp-content\/uploads\/2022\/11\/tampon-20-ans.svg","type":"","width":"","height":""}],"twitter_card":"summary_large_image","twitter_misc":{"Dur\u00e9e de lecture estim\u00e9e":"2 minutes"},"schema":{"@context":"https:\/\/schema.org","@graph":[{"@type":"WebPage","@id":"https:\/\/www.tonnellerie-vinea.fr\/es\/toneleria-tradicional\/","url":"https:\/\/www.tonnellerie-vinea.fr\/es\/toneleria-tradicional\/","name":"Toneler\u00eda tradicional - Tonnellerie Vinea 2022","isPartOf":{"@id":"https:\/\/www.tonnellerie-vinea.fr\/es\/#website"},"primaryImageOfPage":{"@id":"https:\/\/www.tonnellerie-vinea.fr\/es\/toneleria-tradicional\/#primaryimage"},"image":{"@id":"https:\/\/www.tonnellerie-vinea.fr\/es\/toneleria-tradicional\/#primaryimage"},"thumbnailUrl":"https:\/\/www.tonnellerie-vinea.fr\/es\/wp-content\/uploads\/2022\/11\/tampon-20-ans.svg","datePublished":"2022-10-03T13:40:45+00:00","dateModified":"2023-01-25T05:48:07+00:00","breadcrumb":{"@id":"https:\/\/www.tonnellerie-vinea.fr\/es\/toneleria-tradicional\/#breadcrumb"},"inLanguage":"fr-FR","potentialAction":[{"@type":"ReadAction","target":["https:\/\/www.tonnellerie-vinea.fr\/es\/toneleria-tradicional\/"]}]},{"@type":"ImageObject","inLanguage":"fr-FR","@id":"https:\/\/www.tonnellerie-vinea.fr\/es\/toneleria-tradicional\/#primaryimage","url":"https:\/\/www.tonnellerie-vinea.fr\/es\/wp-content\/uploads\/2022\/11\/tampon-20-ans.svg","contentUrl":"https:\/\/www.tonnellerie-vinea.fr\/es\/wp-content\/uploads\/2022\/11\/tampon-20-ans.svg","width":90,"height":90},{"@type":"BreadcrumbList","@id":"https:\/\/www.tonnellerie-vinea.fr\/es\/toneleria-tradicional\/#breadcrumb","itemListElement":[{"@type":"ListItem","position":1,"name":"Accueil","item":"https:\/\/www.tonnellerie-vinea.fr\/es\/"},{"@type":"ListItem","position":2,"name":"Toneler\u00eda tradicional"}]},{"@type":"WebSite","@id":"https:\/\/www.tonnellerie-vinea.fr\/es\/#website","url":"https:\/\/www.tonnellerie-vinea.fr\/es\/","name":"Tonnellerie Vinea","description":"Un site utilisant WordPress","publisher":{"@id":"https:\/\/www.tonnellerie-vinea.fr\/es\/#organization"},"potentialAction":[{"@type":"SearchAction","target":{"@type":"EntryPoint","urlTemplate":"https:\/\/www.tonnellerie-vinea.fr\/es\/?s={search_term_string}"},"query-input":{"@type":"PropertyValueSpecification","valueRequired":true,"valueName":"search_term_string"}}],"inLanguage":"fr-FR"},{"@type":"Organization","@id":"https:\/\/www.tonnellerie-vinea.fr\/es\/#organization","name":"Tonnellerie Vinea","url":"https:\/\/www.tonnellerie-vinea.fr\/es\/","logo":{"@type":"ImageObject","inLanguage":"fr-FR","@id":"https:\/\/www.tonnellerie-vinea.fr\/es\/#\/schema\/logo\/image\/","url":"https:\/\/www.tonnellerie-vinea.fr\/es\/wp-content\/uploads\/2022\/10\/logo-tonnellerie-vinea-coul.svg","contentUrl":"https:\/\/www.tonnellerie-vinea.fr\/es\/wp-content\/uploads\/2022\/10\/logo-tonnellerie-vinea-coul.svg","width":349,"height":309,"caption":"Tonnellerie Vinea"},"image":{"@id":"https:\/\/www.tonnellerie-vinea.fr\/es\/#\/schema\/logo\/image\/"},"sameAs":["https:\/\/www.facebook.com\/tonnellerievinea\/","https:\/\/www.linkedin.com\/showcase\/tonnellerie-vinea\/about\/","https:\/\/www.instagram.com\/tonnellerievinea\/"]}]}},"uagb_featured_image_src":{"full":false,"thumbnail":false,"medium":false,"medium_large":false,"large":false,"1536x1536":false,"2048x2048":false},"uagb_author_info":{"display_name":"franck","author_link":"https:\/\/www.tonnellerie-vinea.fr\/es\/author\/franck\/"},"uagb_comment_info":0,"uagb_excerpt":"Toneler\u00eda tradicional Toneler\u00eda a medida Gracias a tecnolog\u00edas de tostado precisas y perfectamente ajustadas, la Toneler\u00eda Vin\u00e9a tiene la capacidad \u00fanica de maridar los mejores or\u00edgenes de la madera con los mejores terru\u00f1os vit\u00edcolas.Nuestra capacidad para ofrecer tanto m\u00e9todos de crianza respetuosos con la tradici\u00f3n como soluciones innovadoras nos permite elevar a la m\u00e1xima potencia\u2026","_links":{"self":[{"href":"https:\/\/www.tonnellerie-vinea.fr\/es\/wp-json\/wp\/v2\/pages\/25","targetHints":{"allow":["GET"]}}],"collection":[{"href":"https:\/\/www.tonnellerie-vinea.fr\/es\/wp-json\/wp\/v2\/pages"}],"about":[{"href":"https:\/\/www.tonnellerie-vinea.fr\/es\/wp-json\/wp\/v2\/types\/page"}],"author":[{"embeddable":true,"href":"https:\/\/www.tonnellerie-vinea.fr\/es\/wp-json\/wp\/v2\/users\/1"}],"replies":[{"embeddable":true,"href":"https:\/\/www.tonnellerie-vinea.fr\/es\/wp-json\/wp\/v2\/comments?post=25"}],"version-history":[{"count":80,"href":"https:\/\/www.tonnellerie-vinea.fr\/es\/wp-json\/wp\/v2\/pages\/25\/revisions"}],"predecessor-version":[{"id":908,"href":"https:\/\/www.tonnellerie-vinea.fr\/es\/wp-json\/wp\/v2\/pages\/25\/revisions\/908"}],"wp:attachment":[{"href":"https:\/\/www.tonnellerie-vinea.fr\/es\/wp-json\/wp\/v2\/media?parent=25"}],"curies":[{"name":"wp","href":"https:\/\/api.w.org\/{rel}","templated":true}]}}