{"id":272,"date":"2022-11-04T19:32:57","date_gmt":"2022-11-04T18:32:57","guid":{"rendered":"https:\/\/www.tonnellerie-vinea.fr\/2022\/?page_id=272"},"modified":"2023-01-25T07:06:07","modified_gmt":"2023-01-25T06:06:07","slug":"toneleria-innovadora","status":"publish","type":"page","link":"https:\/\/www.tonnellerie-vinea.fr\/es\/toneleria-innovadora\/","title":{"rendered":"Toneler\u00eda innovadora"},"content":{"rendered":"\n<section class=\"wp-block-uagb-container header-titre-page uagb-block-6177f383 default uagb-is-root-container\">\n<div class=\"wp-block-uagb-container uagb-block-525aa0fb\">\n<div class=\"wp-block-uagb-container smart uag-blocks-common-selector uagb-block-51667288\">\n<h1 class=\"has-text-align-center has-x-large-font-size wp-block-heading\">Toneler\u00eda innovadora Tostado cer\u00e1mico en profundidad<\/h1>\n<\/div>\n\n\n\n<div class=\"wp-block-uagb-container desktop uag-blocks-common-selector uagb-block-c6aab82b\">\n<h1 class=\"has-text-align-center has-x-large-font-size wp-block-heading\">Toneler\u00eda innovadora <br>Tostado cer\u00e1mico en profundidad<\/h1>\n<\/div>\n<\/div>\n\n\n\n<div class=\"wp-block-uagb-container uagb-block-8b2793a4\"><\/div>\n<\/section>\n\n\n\n<div class=\"wp-block-uagb-container section-2col uagb-block-9be0f632 alignwide uagb-is-root-container\">\n<div class=\"wp-block-uagb-container uagb-block-dac33750\">\n<div class=\"wp-block-uagb-container titre-produit-tonnellerie uagb-block-d4648bd9\">\n<div class=\"wp-block-uagb-container uagb-block-9fc4e5ed\"><\/div>\n\n\n\n<div class=\"wp-block-uagb-container uagb-block-20043ab4\">\n<h2 class=\"has-white-color has-text-color wp-block-heading\">Eclat Original<\/h2>\n<\/div>\n<\/div>\n\n\n\n<div class=\"wp-block-uagb-container titre-produit-tonnellerie uagb-block-64e4321b\">\n<div class=\"wp-block-uagb-container uagb-block-516f0397\"><\/div>\n\n\n\n<div class=\"wp-block-uagb-container uagb-block-28ad3793\">\n<p>La barrica ECLAT ORIGINAL es la expresi\u00f3n original de todo lo que puede aportar la tecnolog\u00eda de tostado cer\u00e1mico.<br>La barrica se comba lenta y suavemente sobre un fuego de le\u00f1a y luego se tuesta completamente a la cer\u00e1mica. El tostado uniforme y profundo de las duelas permite la caramelizaci\u00f3n de los az\u00facares de la madera sin conferirle notas ahumadas.<br>ECLAT ORIGINAL favorece la expresi\u00f3n y <strong>la preservaci\u00f3n de la fruta<\/strong> y del terru\u00f1o, al tiempo que a\u00f1ade sutiles notas especiadas en funci\u00f3n del nivel de tostado elegido.<\/p>\n<\/div>\n<\/div>\n<\/div>\n\n\n\n<div class=\"wp-block-uagb-container uagb-block-ceb1fc02\"><\/div>\n<\/div>\n\n\n\n<div class=\"wp-block-uagb-container section-2col uagb-block-e7fb88f9 default uagb-is-root-container\">\n<div class=\"wp-block-uagb-container desktop uagb-block-0624673f\"><\/div>\n\n\n\n<div class=\"wp-block-uagb-container uagb-block-97de85b0\">\n<div class=\"wp-block-uagb-container titre-produit-tonnellerie uagb-block-4a1193fd\">\n<div class=\"wp-block-uagb-container uagb-block-2ba9f8c1\"><\/div>\n\n\n\n<div class=\"wp-block-uagb-container uagb-block-13073fa8\">\n<h2 class=\"has-white-color has-text-color wp-block-heading\">Eclat F\u00fbzion<\/h2>\n<\/div>\n<\/div>\n\n\n\n<div class=\"wp-block-uagb-container titre-produit-tonnellerie uagb-block-eb3c61e5\">\n<div class=\"wp-block-uagb-container uagb-block-8b2d4094\"><\/div>\n\n\n\n<div class=\"wp-block-uagb-container uagb-block-6ebd0c6c\">\n<p>La barrica ECLAT F\u00dbZION es<strong> una soluci\u00f3n intermedia entre el tradicional brasero y el moderno tostado cer\u00e1mico<\/strong>.<br>Primero se lleva cabo la combadura y tostado de la barrica a fuego abierto, como es tradicional. Seguidamente, a mitad del proceso de tostado, se aplica un suave y largo tostado cer\u00e1mico.<br>La barrica ECLAT F\u00dbZION ofrece un perfil arom\u00e1tico dulce, graso y respetuoso con la fruta, al tiempo que desarrolla las notas cl\u00e1sicas y estructuradoras de una barrica tradicional.<br>El car\u00e1cter tostado\/ahumado puede personalizarse seg\u00fan el perfil deseado por la bodega.<\/p>\n<\/div>\n<\/div>\n<\/div>\n\n\n\n<div class=\"wp-block-uagb-container smart uagb-block-6fed751c\"><\/div>\n<\/div>\n\n\n\n<div class=\"wp-block-uagb-container section-2col uagb-block-f9033b21 alignwide uagb-is-root-container\">\n<div class=\"wp-block-uagb-container uagb-block-afcfe23d\">\n<div class=\"wp-block-uagb-container titre-produit-tonnellerie uagb-block-904ccf4f\">\n<div class=\"wp-block-uagb-container uagb-block-1bf001c2\"><\/div>\n\n\n\n<div class=\"wp-block-uagb-container uagb-block-9c085286\">\n<h2 class=\"has-white-color has-text-color wp-block-heading\">Eclat Hydro<\/h2>\n<\/div>\n<\/div>\n\n\n\n<div class=\"wp-block-uagb-container titre-produit-tonnellerie uagb-block-81e49c9a\">\n<div class=\"wp-block-uagb-container uagb-block-4b09ce81\"><\/div>\n\n\n\n<div class=\"wp-block-uagb-container uagb-block-b963c4a0\">\n<h4 class=\"has-black-color has-text-color wp-block-heading\">La fruta en estado puro<\/h4>\n\n\n\n<p>El casco de la barrica se prepara mediante saturaci\u00f3n con vapor de agua.<br>Al final de la fase HYDRO, las duelas se comban sin utilizar brasero, y se lleva a cabo un tostado a la cer\u00e1mica.<br>La madera se tuesta de tal forma que la barrica nunca entra en contacto con las llamas o el humo. El vapor HYDRO favorece y homogeneiza los fen\u00f3menos de caramelizaci\u00f3n cer\u00e1mica de los az\u00facares de la madera, tanto en el n\u00facleo como en la periferia de las duelas.<br>La barrica ECLAT HYDRO ofrece una suavidad excepcional y un aporte muy elegante al vino, con un perfil arom\u00e1tico que <strong>conserva la frescura<\/strong>.<\/p>\n<\/div>\n<\/div>\n<\/div>\n\n\n\n<div class=\"wp-block-uagb-container uagb-block-591c54fb\"><\/div>\n<\/div>\n","protected":false},"excerpt":{"rendered":"<p>Toneler\u00eda innovadora Tostado cer\u00e1mico en profundidad Toneler\u00eda innovadora Tostado cer\u00e1mico en profundidad Eclat Original La barrica ECLAT ORIGINAL es la expresi\u00f3n original de todo lo que puede aportar la tecnolog\u00eda de tostado cer\u00e1mico.La barrica se comba lenta y suavemente sobre un fuego de le\u00f1a y luego se tuesta completamente a la cer\u00e1mica. El tostado uniforme [&hellip;]<\/p>\n","protected":false},"author":1,"featured_media":0,"parent":0,"menu_order":0,"comment_status":"closed","ping_status":"closed","template":"page-base-gutenberg.php","meta":{"_acf_changed":false,"_uag_custom_page_level_css":"","footnotes":""},"class_list":["post-272","page","type-page","status-publish","hentry"],"acf":[],"yoast_head":"<!-- This site is optimized with the Yoast SEO plugin v26.8 - https:\/\/yoast.com\/product\/yoast-seo-wordpress\/ -->\n<title>Toneler\u00eda innovadora - Tonnellerie Vinea 2022<\/title>\n<meta name=\"robots\" content=\"index, follow, max-snippet:-1, max-image-preview:large, max-video-preview:-1\" \/>\n<link rel=\"canonical\" href=\"https:\/\/www.tonnellerie-vinea.fr\/es\/toneleria-innovadora\/\" \/>\n<meta property=\"og:locale\" content=\"fr_FR\" \/>\n<meta property=\"og:type\" content=\"article\" \/>\n<meta property=\"og:title\" content=\"Toneler\u00eda innovadora - Tonnellerie Vinea 2022\" \/>\n<meta property=\"og:description\" content=\"Toneler\u00eda innovadora Tostado cer\u00e1mico en profundidad Toneler\u00eda innovadora Tostado cer\u00e1mico en profundidad Eclat Original La barrica ECLAT ORIGINAL es la expresi\u00f3n original de todo lo que puede aportar la tecnolog\u00eda de tostado cer\u00e1mico.La barrica se comba lenta y suavemente sobre un fuego de le\u00f1a y luego se tuesta completamente a la cer\u00e1mica. El tostado uniforme [&hellip;]\" \/>\n<meta property=\"og:url\" content=\"https:\/\/www.tonnellerie-vinea.fr\/es\/toneleria-innovadora\/\" \/>\n<meta property=\"og:site_name\" content=\"Tonnellerie Vinea 2022\" \/>\n<meta property=\"article:publisher\" content=\"https:\/\/www.facebook.com\/tonnellerievinea\/\" \/>\n<meta property=\"article:modified_time\" content=\"2023-01-25T06:06:07+00:00\" \/>\n<meta name=\"twitter:card\" content=\"summary_large_image\" \/>\n<meta name=\"twitter:label1\" content=\"Dur\u00e9e de lecture estim\u00e9e\" \/>\n\t<meta name=\"twitter:data1\" content=\"2 minutes\" \/>\n<script type=\"application\/ld+json\" class=\"yoast-schema-graph\">{\"@context\":\"https:\/\/schema.org\",\"@graph\":[{\"@type\":\"WebPage\",\"@id\":\"https:\/\/www.tonnellerie-vinea.fr\/es\/toneleria-innovadora\/\",\"url\":\"https:\/\/www.tonnellerie-vinea.fr\/es\/toneleria-innovadora\/\",\"name\":\"Toneler\u00eda innovadora - Tonnellerie Vinea 2022\",\"isPartOf\":{\"@id\":\"https:\/\/www.tonnellerie-vinea.fr\/es\/#website\"},\"datePublished\":\"2022-11-04T18:32:57+00:00\",\"dateModified\":\"2023-01-25T06:06:07+00:00\",\"breadcrumb\":{\"@id\":\"https:\/\/www.tonnellerie-vinea.fr\/es\/toneleria-innovadora\/#breadcrumb\"},\"inLanguage\":\"fr-FR\",\"potentialAction\":[{\"@type\":\"ReadAction\",\"target\":[\"https:\/\/www.tonnellerie-vinea.fr\/es\/toneleria-innovadora\/\"]}]},{\"@type\":\"BreadcrumbList\",\"@id\":\"https:\/\/www.tonnellerie-vinea.fr\/es\/toneleria-innovadora\/#breadcrumb\",\"itemListElement\":[{\"@type\":\"ListItem\",\"position\":1,\"name\":\"Accueil\",\"item\":\"https:\/\/www.tonnellerie-vinea.fr\/es\/\"},{\"@type\":\"ListItem\",\"position\":2,\"name\":\"Toneler\u00eda innovadora\"}]},{\"@type\":\"WebSite\",\"@id\":\"https:\/\/www.tonnellerie-vinea.fr\/es\/#website\",\"url\":\"https:\/\/www.tonnellerie-vinea.fr\/es\/\",\"name\":\"Tonnellerie Vinea\",\"description\":\"Un site utilisant WordPress\",\"publisher\":{\"@id\":\"https:\/\/www.tonnellerie-vinea.fr\/es\/#organization\"},\"potentialAction\":[{\"@type\":\"SearchAction\",\"target\":{\"@type\":\"EntryPoint\",\"urlTemplate\":\"https:\/\/www.tonnellerie-vinea.fr\/es\/?s={search_term_string}\"},\"query-input\":{\"@type\":\"PropertyValueSpecification\",\"valueRequired\":true,\"valueName\":\"search_term_string\"}}],\"inLanguage\":\"fr-FR\"},{\"@type\":\"Organization\",\"@id\":\"https:\/\/www.tonnellerie-vinea.fr\/es\/#organization\",\"name\":\"Tonnellerie Vinea\",\"url\":\"https:\/\/www.tonnellerie-vinea.fr\/es\/\",\"logo\":{\"@type\":\"ImageObject\",\"inLanguage\":\"fr-FR\",\"@id\":\"https:\/\/www.tonnellerie-vinea.fr\/es\/#\/schema\/logo\/image\/\",\"url\":\"https:\/\/www.tonnellerie-vinea.fr\/es\/wp-content\/uploads\/2022\/10\/logo-tonnellerie-vinea-coul.svg\",\"contentUrl\":\"https:\/\/www.tonnellerie-vinea.fr\/es\/wp-content\/uploads\/2022\/10\/logo-tonnellerie-vinea-coul.svg\",\"width\":349,\"height\":309,\"caption\":\"Tonnellerie Vinea\"},\"image\":{\"@id\":\"https:\/\/www.tonnellerie-vinea.fr\/es\/#\/schema\/logo\/image\/\"},\"sameAs\":[\"https:\/\/www.facebook.com\/tonnellerievinea\/\",\"https:\/\/www.linkedin.com\/showcase\/tonnellerie-vinea\/about\/\",\"https:\/\/www.instagram.com\/tonnellerievinea\/\"]}]}<\/script>\n<!-- \/ Yoast SEO plugin. -->","yoast_head_json":{"title":"Toneler\u00eda innovadora - Tonnellerie Vinea 2022","robots":{"index":"index","follow":"follow","max-snippet":"max-snippet:-1","max-image-preview":"max-image-preview:large","max-video-preview":"max-video-preview:-1"},"canonical":"https:\/\/www.tonnellerie-vinea.fr\/es\/toneleria-innovadora\/","og_locale":"fr_FR","og_type":"article","og_title":"Toneler\u00eda innovadora - Tonnellerie Vinea 2022","og_description":"Toneler\u00eda innovadora Tostado cer\u00e1mico en profundidad Toneler\u00eda innovadora Tostado cer\u00e1mico en profundidad Eclat Original La barrica ECLAT ORIGINAL es la expresi\u00f3n original de todo lo que puede aportar la tecnolog\u00eda de tostado cer\u00e1mico.La barrica se comba lenta y suavemente sobre un fuego de le\u00f1a y luego se tuesta completamente a la cer\u00e1mica. El tostado uniforme [&hellip;]","og_url":"https:\/\/www.tonnellerie-vinea.fr\/es\/toneleria-innovadora\/","og_site_name":"Tonnellerie Vinea 2022","article_publisher":"https:\/\/www.facebook.com\/tonnellerievinea\/","article_modified_time":"2023-01-25T06:06:07+00:00","twitter_card":"summary_large_image","twitter_misc":{"Dur\u00e9e de lecture estim\u00e9e":"2 minutes"},"schema":{"@context":"https:\/\/schema.org","@graph":[{"@type":"WebPage","@id":"https:\/\/www.tonnellerie-vinea.fr\/es\/toneleria-innovadora\/","url":"https:\/\/www.tonnellerie-vinea.fr\/es\/toneleria-innovadora\/","name":"Toneler\u00eda innovadora - Tonnellerie Vinea 2022","isPartOf":{"@id":"https:\/\/www.tonnellerie-vinea.fr\/es\/#website"},"datePublished":"2022-11-04T18:32:57+00:00","dateModified":"2023-01-25T06:06:07+00:00","breadcrumb":{"@id":"https:\/\/www.tonnellerie-vinea.fr\/es\/toneleria-innovadora\/#breadcrumb"},"inLanguage":"fr-FR","potentialAction":[{"@type":"ReadAction","target":["https:\/\/www.tonnellerie-vinea.fr\/es\/toneleria-innovadora\/"]}]},{"@type":"BreadcrumbList","@id":"https:\/\/www.tonnellerie-vinea.fr\/es\/toneleria-innovadora\/#breadcrumb","itemListElement":[{"@type":"ListItem","position":1,"name":"Accueil","item":"https:\/\/www.tonnellerie-vinea.fr\/es\/"},{"@type":"ListItem","position":2,"name":"Toneler\u00eda innovadora"}]},{"@type":"WebSite","@id":"https:\/\/www.tonnellerie-vinea.fr\/es\/#website","url":"https:\/\/www.tonnellerie-vinea.fr\/es\/","name":"Tonnellerie Vinea","description":"Un site utilisant WordPress","publisher":{"@id":"https:\/\/www.tonnellerie-vinea.fr\/es\/#organization"},"potentialAction":[{"@type":"SearchAction","target":{"@type":"EntryPoint","urlTemplate":"https:\/\/www.tonnellerie-vinea.fr\/es\/?s={search_term_string}"},"query-input":{"@type":"PropertyValueSpecification","valueRequired":true,"valueName":"search_term_string"}}],"inLanguage":"fr-FR"},{"@type":"Organization","@id":"https:\/\/www.tonnellerie-vinea.fr\/es\/#organization","name":"Tonnellerie Vinea","url":"https:\/\/www.tonnellerie-vinea.fr\/es\/","logo":{"@type":"ImageObject","inLanguage":"fr-FR","@id":"https:\/\/www.tonnellerie-vinea.fr\/es\/#\/schema\/logo\/image\/","url":"https:\/\/www.tonnellerie-vinea.fr\/es\/wp-content\/uploads\/2022\/10\/logo-tonnellerie-vinea-coul.svg","contentUrl":"https:\/\/www.tonnellerie-vinea.fr\/es\/wp-content\/uploads\/2022\/10\/logo-tonnellerie-vinea-coul.svg","width":349,"height":309,"caption":"Tonnellerie Vinea"},"image":{"@id":"https:\/\/www.tonnellerie-vinea.fr\/es\/#\/schema\/logo\/image\/"},"sameAs":["https:\/\/www.facebook.com\/tonnellerievinea\/","https:\/\/www.linkedin.com\/showcase\/tonnellerie-vinea\/about\/","https:\/\/www.instagram.com\/tonnellerievinea\/"]}]}},"uagb_featured_image_src":{"full":false,"thumbnail":false,"medium":false,"medium_large":false,"large":false,"1536x1536":false,"2048x2048":false},"uagb_author_info":{"display_name":"franck","author_link":"https:\/\/www.tonnellerie-vinea.fr\/es\/author\/franck\/"},"uagb_comment_info":0,"uagb_excerpt":"Toneler\u00eda innovadora Tostado cer\u00e1mico en profundidad Toneler\u00eda innovadora Tostado cer\u00e1mico en profundidad Eclat Original La barrica ECLAT ORIGINAL es la expresi\u00f3n original de todo lo que puede aportar la tecnolog\u00eda de tostado cer\u00e1mico.La barrica se comba lenta y suavemente sobre un fuego de le\u00f1a y luego se tuesta completamente a la cer\u00e1mica. El tostado uniforme\u2026","_links":{"self":[{"href":"https:\/\/www.tonnellerie-vinea.fr\/es\/wp-json\/wp\/v2\/pages\/272","targetHints":{"allow":["GET"]}}],"collection":[{"href":"https:\/\/www.tonnellerie-vinea.fr\/es\/wp-json\/wp\/v2\/pages"}],"about":[{"href":"https:\/\/www.tonnellerie-vinea.fr\/es\/wp-json\/wp\/v2\/types\/page"}],"author":[{"embeddable":true,"href":"https:\/\/www.tonnellerie-vinea.fr\/es\/wp-json\/wp\/v2\/users\/1"}],"replies":[{"embeddable":true,"href":"https:\/\/www.tonnellerie-vinea.fr\/es\/wp-json\/wp\/v2\/comments?post=272"}],"version-history":[{"count":44,"href":"https:\/\/www.tonnellerie-vinea.fr\/es\/wp-json\/wp\/v2\/pages\/272\/revisions"}],"predecessor-version":[{"id":917,"href":"https:\/\/www.tonnellerie-vinea.fr\/es\/wp-json\/wp\/v2\/pages\/272\/revisions\/917"}],"wp:attachment":[{"href":"https:\/\/www.tonnellerie-vinea.fr\/es\/wp-json\/wp\/v2\/media?parent=272"}],"curies":[{"name":"wp","href":"https:\/\/api.w.org\/{rel}","templated":true}]}}