{"id":3,"date":"2022-10-02T11:03:57","date_gmt":"2022-10-02T09:03:57","guid":{"rendered":"https:\/\/agence-fleurie.com\/vinea\/?page_id=3"},"modified":"2023-01-30T11:15:16","modified_gmt":"2023-01-30T10:15:16","slug":"politica-de-privacidad","status":"publish","type":"page","link":"https:\/\/www.tonnellerie-vinea.fr\/es\/politica-de-privacidad\/","title":{"rendered":"Pol\u00edtica de privacidad"},"content":{"rendered":"\n<section class=\"wp-block-uagb-container header-titre-page uagb-block-438e78a5 alignfull uagb-is-root-container\"><div class=\"uagb-container-inner-blocks-wrap\">\n<div class=\"wp-block-uagb-container uagb-block-dbb64c8b\"><\/div>\n\n\n\n<div class=\"wp-block-uagb-container uagb-block-68669eb3\">\n<div class=\"wp-block-uagb-container uag-blocks-common-selector uagb-block-f5806a7c\">\n<h1 class=\"has-text-align-center has-x-large-font-size wp-block-heading\">Pol\u00edtica de privacidad<\/h1>\n<\/div>\n<\/div>\n<\/div><\/section>\n\n\n\n<div class=\"wp-block-uagb-container page-generique uagb-block-a1280cfc alignfull uagb-is-root-container\"><div class=\"uagb-container-inner-blocks-wrap\">\n<a href=\"https:\/\/www.iubenda.com\/privacy-policy\/73099764\" class=\"iubenda-white no-brand iubenda-noiframe iubenda-embed iubenda-noiframe iub-body-embed\" title=\"Politique de confidentialit\u00e9\">Politique de confidentialit\u00e9<\/a><script type=\"text\/javascript\">(function (w,d) {var loader = function () {var s = d.createElement(\"script\"), tag = d.getElementsByTagName(\"script\")[0]; s.src=\"https:\/\/cdn.iubenda.com\/iubenda.js\"; tag.parentNode.insertBefore(s,tag);}; if(w.addEventListener){w.addEventListener(\"load\", loader, false);}else if(w.attachEvent){w.attachEvent(\"onload\", loader);}else{w.onload = loader;}})(window, document);<\/script>\n\n\n\n<a href=\"https:\/\/www.iubenda.com\/privacy-policy\/73099764\/cookie-policy\" class=\"iubenda-white no-brand iubenda-noiframe iubenda-embed iubenda-noiframe iub-body-embed\" title=\"Politique relative aux Cookies\">Politique relative aux Cookies<\/a><script type=\"text\/javascript\">(function (w,d) {var loader = function () {var s = d.createElement(\"script\"), tag = d.getElementsByTagName(\"script\")[0]; s.src=\"https:\/\/cdn.iubenda.com\/iubenda.js\"; tag.parentNode.insertBefore(s,tag);}; if(w.addEventListener){w.addEventListener(\"load\", loader, false);}else if(w.attachEvent){w.attachEvent(\"onload\", loader);}else{w.onload = loader;}})(window, document);<\/script>\n<\/div><\/div>\n","protected":false},"excerpt":{"rendered":"<p>Pol\u00edtica de privacidad Politique de confidentialit\u00e9 Politique relative aux Cookies<\/p>\n","protected":false},"author":1,"featured_media":0,"parent":0,"menu_order":0,"comment_status":"closed","ping_status":"open","template":"page-base-gutenberg.php","meta":{"_acf_changed":false,"_uag_custom_page_level_css":"","footnotes":""},"class_list":["post-3","page","type-page","status-publish","hentry"],"acf":[],"yoast_head":"<!-- This site is optimized with the Yoast SEO plugin v26.8 - https:\/\/yoast.com\/product\/yoast-seo-wordpress\/ -->\n<title>Pol\u00edtica de privacidad - Tonnellerie Vinea 2022<\/title>\n<meta name=\"robots\" content=\"index, follow, max-snippet:-1, max-image-preview:large, max-video-preview:-1\" \/>\n<link rel=\"canonical\" href=\"https:\/\/www.tonnellerie-vinea.fr\/es\/politica-de-privacidad\/\" \/>\n<meta property=\"og:locale\" content=\"fr_FR\" \/>\n<meta property=\"og:type\" content=\"article\" \/>\n<meta property=\"og:title\" content=\"Pol\u00edtica de privacidad - Tonnellerie Vinea 2022\" \/>\n<meta property=\"og:description\" content=\"Pol\u00edtica de privacidad Politique de confidentialit\u00e9 Politique relative aux Cookies\" \/>\n<meta property=\"og:url\" content=\"https:\/\/www.tonnellerie-vinea.fr\/es\/politica-de-privacidad\/\" \/>\n<meta property=\"og:site_name\" content=\"Tonnellerie Vinea 2022\" \/>\n<meta property=\"article:publisher\" content=\"https:\/\/www.facebook.com\/tonnellerievinea\/\" \/>\n<meta property=\"article:modified_time\" content=\"2023-01-30T10:15:16+00:00\" \/>\n<meta name=\"twitter:card\" content=\"summary_large_image\" \/>\n<meta name=\"twitter:label1\" content=\"Dur\u00e9e de lecture estim\u00e9e\" \/>\n\t<meta name=\"twitter:data1\" content=\"1 minute\" \/>\n<script type=\"application\/ld+json\" class=\"yoast-schema-graph\">{\"@context\":\"https:\/\/schema.org\",\"@graph\":[{\"@type\":\"WebPage\",\"@id\":\"https:\/\/www.tonnellerie-vinea.fr\/es\/politica-de-privacidad\/\",\"url\":\"https:\/\/www.tonnellerie-vinea.fr\/es\/politica-de-privacidad\/\",\"name\":\"Pol\u00edtica de privacidad - Tonnellerie Vinea 2022\",\"isPartOf\":{\"@id\":\"https:\/\/www.tonnellerie-vinea.fr\/es\/#website\"},\"datePublished\":\"2022-10-02T09:03:57+00:00\",\"dateModified\":\"2023-01-30T10:15:16+00:00\",\"breadcrumb\":{\"@id\":\"https:\/\/www.tonnellerie-vinea.fr\/es\/politica-de-privacidad\/#breadcrumb\"},\"inLanguage\":\"fr-FR\",\"potentialAction\":[{\"@type\":\"ReadAction\",\"target\":[\"https:\/\/www.tonnellerie-vinea.fr\/es\/politica-de-privacidad\/\"]}]},{\"@type\":\"BreadcrumbList\",\"@id\":\"https:\/\/www.tonnellerie-vinea.fr\/es\/politica-de-privacidad\/#breadcrumb\",\"itemListElement\":[{\"@type\":\"ListItem\",\"position\":1,\"name\":\"Accueil\",\"item\":\"https:\/\/www.tonnellerie-vinea.fr\/es\/\"},{\"@type\":\"ListItem\",\"position\":2,\"name\":\"Pol\u00edtica de privacidad\"}]},{\"@type\":\"WebSite\",\"@id\":\"https:\/\/www.tonnellerie-vinea.fr\/es\/#website\",\"url\":\"https:\/\/www.tonnellerie-vinea.fr\/es\/\",\"name\":\"Tonnellerie Vinea\",\"description\":\"Un site utilisant WordPress\",\"publisher\":{\"@id\":\"https:\/\/www.tonnellerie-vinea.fr\/es\/#organization\"},\"potentialAction\":[{\"@type\":\"SearchAction\",\"target\":{\"@type\":\"EntryPoint\",\"urlTemplate\":\"https:\/\/www.tonnellerie-vinea.fr\/es\/?s={search_term_string}\"},\"query-input\":{\"@type\":\"PropertyValueSpecification\",\"valueRequired\":true,\"valueName\":\"search_term_string\"}}],\"inLanguage\":\"fr-FR\"},{\"@type\":\"Organization\",\"@id\":\"https:\/\/www.tonnellerie-vinea.fr\/es\/#organization\",\"name\":\"Tonnellerie Vinea\",\"url\":\"https:\/\/www.tonnellerie-vinea.fr\/es\/\",\"logo\":{\"@type\":\"ImageObject\",\"inLanguage\":\"fr-FR\",\"@id\":\"https:\/\/www.tonnellerie-vinea.fr\/es\/#\/schema\/logo\/image\/\",\"url\":\"https:\/\/www.tonnellerie-vinea.fr\/es\/wp-content\/uploads\/2022\/10\/logo-tonnellerie-vinea-coul.svg\",\"contentUrl\":\"https:\/\/www.tonnellerie-vinea.fr\/es\/wp-content\/uploads\/2022\/10\/logo-tonnellerie-vinea-coul.svg\",\"width\":349,\"height\":309,\"caption\":\"Tonnellerie Vinea\"},\"image\":{\"@id\":\"https:\/\/www.tonnellerie-vinea.fr\/es\/#\/schema\/logo\/image\/\"},\"sameAs\":[\"https:\/\/www.facebook.com\/tonnellerievinea\/\",\"https:\/\/www.linkedin.com\/showcase\/tonnellerie-vinea\/about\/\",\"https:\/\/www.instagram.com\/tonnellerievinea\/\"]}]}<\/script>\n<!-- \/ Yoast SEO plugin. -->","yoast_head_json":{"title":"Pol\u00edtica de privacidad - Tonnellerie Vinea 2022","robots":{"index":"index","follow":"follow","max-snippet":"max-snippet:-1","max-image-preview":"max-image-preview:large","max-video-preview":"max-video-preview:-1"},"canonical":"https:\/\/www.tonnellerie-vinea.fr\/es\/politica-de-privacidad\/","og_locale":"fr_FR","og_type":"article","og_title":"Pol\u00edtica de privacidad - Tonnellerie Vinea 2022","og_description":"Pol\u00edtica de privacidad Politique de confidentialit\u00e9 Politique relative aux Cookies","og_url":"https:\/\/www.tonnellerie-vinea.fr\/es\/politica-de-privacidad\/","og_site_name":"Tonnellerie Vinea 2022","article_publisher":"https:\/\/www.facebook.com\/tonnellerievinea\/","article_modified_time":"2023-01-30T10:15:16+00:00","twitter_card":"summary_large_image","twitter_misc":{"Dur\u00e9e de lecture estim\u00e9e":"1 minute"},"schema":{"@context":"https:\/\/schema.org","@graph":[{"@type":"WebPage","@id":"https:\/\/www.tonnellerie-vinea.fr\/es\/politica-de-privacidad\/","url":"https:\/\/www.tonnellerie-vinea.fr\/es\/politica-de-privacidad\/","name":"Pol\u00edtica de privacidad - Tonnellerie Vinea 2022","isPartOf":{"@id":"https:\/\/www.tonnellerie-vinea.fr\/es\/#website"},"datePublished":"2022-10-02T09:03:57+00:00","dateModified":"2023-01-30T10:15:16+00:00","breadcrumb":{"@id":"https:\/\/www.tonnellerie-vinea.fr\/es\/politica-de-privacidad\/#breadcrumb"},"inLanguage":"fr-FR","potentialAction":[{"@type":"ReadAction","target":["https:\/\/www.tonnellerie-vinea.fr\/es\/politica-de-privacidad\/"]}]},{"@type":"BreadcrumbList","@id":"https:\/\/www.tonnellerie-vinea.fr\/es\/politica-de-privacidad\/#breadcrumb","itemListElement":[{"@type":"ListItem","position":1,"name":"Accueil","item":"https:\/\/www.tonnellerie-vinea.fr\/es\/"},{"@type":"ListItem","position":2,"name":"Pol\u00edtica de privacidad"}]},{"@type":"WebSite","@id":"https:\/\/www.tonnellerie-vinea.fr\/es\/#website","url":"https:\/\/www.tonnellerie-vinea.fr\/es\/","name":"Tonnellerie Vinea","description":"Un site utilisant WordPress","publisher":{"@id":"https:\/\/www.tonnellerie-vinea.fr\/es\/#organization"},"potentialAction":[{"@type":"SearchAction","target":{"@type":"EntryPoint","urlTemplate":"https:\/\/www.tonnellerie-vinea.fr\/es\/?s={search_term_string}"},"query-input":{"@type":"PropertyValueSpecification","valueRequired":true,"valueName":"search_term_string"}}],"inLanguage":"fr-FR"},{"@type":"Organization","@id":"https:\/\/www.tonnellerie-vinea.fr\/es\/#organization","name":"Tonnellerie Vinea","url":"https:\/\/www.tonnellerie-vinea.fr\/es\/","logo":{"@type":"ImageObject","inLanguage":"fr-FR","@id":"https:\/\/www.tonnellerie-vinea.fr\/es\/#\/schema\/logo\/image\/","url":"https:\/\/www.tonnellerie-vinea.fr\/es\/wp-content\/uploads\/2022\/10\/logo-tonnellerie-vinea-coul.svg","contentUrl":"https:\/\/www.tonnellerie-vinea.fr\/es\/wp-content\/uploads\/2022\/10\/logo-tonnellerie-vinea-coul.svg","width":349,"height":309,"caption":"Tonnellerie Vinea"},"image":{"@id":"https:\/\/www.tonnellerie-vinea.fr\/es\/#\/schema\/logo\/image\/"},"sameAs":["https:\/\/www.facebook.com\/tonnellerievinea\/","https:\/\/www.linkedin.com\/showcase\/tonnellerie-vinea\/about\/","https:\/\/www.instagram.com\/tonnellerievinea\/"]}]}},"uagb_featured_image_src":{"full":false,"thumbnail":false,"medium":false,"medium_large":false,"large":false,"1536x1536":false,"2048x2048":false},"uagb_author_info":{"display_name":"franck","author_link":"https:\/\/www.tonnellerie-vinea.fr\/es\/author\/franck\/"},"uagb_comment_info":0,"uagb_excerpt":"Pol\u00edtica de privacidad Politique de confidentialit\u00e9 Politique relative aux Cookies","_links":{"self":[{"href":"https:\/\/www.tonnellerie-vinea.fr\/es\/wp-json\/wp\/v2\/pages\/3","targetHints":{"allow":["GET"]}}],"collection":[{"href":"https:\/\/www.tonnellerie-vinea.fr\/es\/wp-json\/wp\/v2\/pages"}],"about":[{"href":"https:\/\/www.tonnellerie-vinea.fr\/es\/wp-json\/wp\/v2\/types\/page"}],"author":[{"embeddable":true,"href":"https:\/\/www.tonnellerie-vinea.fr\/es\/wp-json\/wp\/v2\/users\/1"}],"replies":[{"embeddable":true,"href":"https:\/\/www.tonnellerie-vinea.fr\/es\/wp-json\/wp\/v2\/comments?post=3"}],"version-history":[{"count":14,"href":"https:\/\/www.tonnellerie-vinea.fr\/es\/wp-json\/wp\/v2\/pages\/3\/revisions"}],"predecessor-version":[{"id":946,"href":"https:\/\/www.tonnellerie-vinea.fr\/es\/wp-json\/wp\/v2\/pages\/3\/revisions\/946"}],"wp:attachment":[{"href":"https:\/\/www.tonnellerie-vinea.fr\/es\/wp-json\/wp\/v2\/media?parent=3"}],"curies":[{"name":"wp","href":"https:\/\/api.w.org\/{rel}","templated":true}]}}