{"id":326,"date":"2022-11-05T09:16:42","date_gmt":"2022-11-05T08:16:42","guid":{"rendered":"https:\/\/www.tonnellerie-vinea.fr\/2022\/?page_id=326"},"modified":"2023-01-25T07:19:16","modified_gmt":"2023-01-25T06:19:16","slug":"maderas-enologicas-aromoak","status":"publish","type":"page","link":"https:\/\/www.tonnellerie-vinea.fr\/es\/maderas-enologicas-aromoak\/","title":{"rendered":"Maderas enol\u00f3gicas Aromoak"},"content":{"rendered":"\n<section class=\"wp-block-uagb-container header-titre-page uagb-block-523dd496 alignfull uagb-is-root-container\"><div class=\"uagb-container-inner-blocks-wrap\">\n<div class=\"wp-block-uagb-container uagb-block-a384ddef\"><\/div>\n\n\n\n<div class=\"wp-block-uagb-container uagb-block-125592fe\">\n<div class=\"wp-block-uagb-container uag-blocks-common-selector uagb-block-3e67c65c\">\n<h1 class=\"has-text-align-center has-x-large-font-size wp-block-heading\">Maderas enol\u00f3gicas<\/h1>\n<\/div>\n\n\n\n<div class=\"wp-block-uagb-container uag-blocks-common-selector uagb-block-4e5ce1a5\">\n<h1 class=\"has-text-align-center has-x-large-font-size wp-block-heading\">Aromoak<\/h1>\n<\/div>\n<\/div>\n<\/div><\/section>\n\n\n\n<div class=\"wp-block-uagb-container section-2col uagb-block-350f8577 alignwide uagb-is-root-container\">\n<div class=\"wp-block-uagb-container desktop uagb-block-953fe788\">\n<div class=\"wp-block-uagb-container uagb-block-3ff03cfb\">\n<div class=\"wp-block-uagb-image alignright uagb-block-d938c291 wp-block-uagb-image--layout-default wp-block-uagb-image--effect-static wp-block-uagb-image--align-right\"><figure class=\"wp-block-uagb-image__figure\"><img decoding=\"async\" srcset=\"https:\/\/www.tonnellerie-vinea.fr\/es\/wp-content\/uploads\/2022\/11\/tampon-20-ans.svg \" src=\"https:\/\/www.tonnellerie-vinea.fr\/es\/wp-content\/uploads\/2022\/11\/tampon-20-ans.svg\" alt=\"\" class=\"uag-image-309\" width=\"173\" height=\"152\" title=\"\" loading=\"lazy\"\/><\/figure><\/div>\n<\/div>\n<\/div>\n\n\n\n<div class=\"wp-block-uagb-container uagb-block-6e8b9351\">\n<p>Desde 1994, Vin\u00e9a est\u00e1 especializada en el dise\u00f1o y fabricaci\u00f3n de madera enol\u00f3gica con el fin de ofrecer soluciones de crianza efectivas, ergon\u00f3micas y econ\u00f3micas a clientes de todo el mundo.<\/p>\n\n\n\n<figure><\/figure>\n\n\n\n<h4 class=\"wp-block-heading\">Vin\u00e9a domina el maridaje madera-vino<\/h4>\n\n\n\n<p>La madera enol\u00f3gica Aromoak permite crear, controlar y ajustar con suavidad las condiciones \u00f3ptimas para lograr una extracci\u00f3n natural y obtener ese plus que aporta la crianza en contacto con roble.<\/p>\n<\/div>\n\n\n\n<div class=\"wp-block-uagb-container smart uagb-block-1b43a695\">\n<div class=\"wp-block-uagb-container uagb-block-9180729f\">\n<div class=\"wp-block-uagb-image alignright uagb-block-a5cd5b62 wp-block-uagb-image--layout-default wp-block-uagb-image--effect-static wp-block-uagb-image--align-right\"><figure class=\"wp-block-uagb-image__figure\"><img decoding=\"async\" srcset=\"https:\/\/www.tonnellerie-vinea.fr\/es\/wp-content\/uploads\/2022\/11\/tampon-20-ans.svg \" src=\"https:\/\/www.tonnellerie-vinea.fr\/es\/wp-content\/uploads\/2022\/11\/tampon-20-ans.svg\" alt=\"\" class=\"uag-image-309\" width=\"173\" height=\"152\" title=\"\" loading=\"lazy\"\/><\/figure><\/div>\n<\/div>\n<\/div>\n<\/div>\n\n\n\n<div class=\"wp-block-uagb-container section-2col uagb-block-85666d53 alignwide uagb-is-root-container\">\n<div class=\"wp-block-uagb-container uagb-block-ee7ec6aa\">\n<h2 class=\"wp-block-heading\">Medioambiente<\/h2>\n\n\n\n<p><strong>Vin\u00e9a cuida los recursos naturales <\/strong>aprovechando al m\u00e1ximo cada pieza de roble de calidad. Adem\u00e1s, nuestra madera enol\u00f3gica Aromoak es apta para la producci\u00f3n de<strong> vino ecol\u00f3gico<\/strong> seg\u00fan el Reglamento (CE) n\u00ba. 834\/2007 &#8211; Reglamento de Ejecuci\u00f3n (UE) n \u00b0 203\/2012, as\u00ed como la normativa estadounidense NOP.<\/p>\n<\/div>\n\n\n\n<div class=\"wp-block-uagb-container uagb-block-596a888a\"><\/div>\n<\/div>\n\n\n\n<div class=\"wp-block-uagb-container section-2col uagb-block-c452cec4 alignwide uagb-is-root-container\">\n<div class=\"wp-block-uagb-container desktop uagb-block-7159f682\"><\/div>\n\n\n\n<div class=\"wp-block-uagb-container uagb-block-ac3cbf5c\">\n<h2 class=\"wp-block-heading\">Dominio<\/h2>\n\n\n\n<p>Al elaborar el vino, el viticultor o en\u00f3logo maneja par\u00e1metros complejos: tipos de compuestos de la madera, tostado, momento de incorporar el producto, dosis y evaluaci\u00f3n del tiempo de maceraci\u00f3n.<\/p>\n\n\n\n<p>En funci\u00f3n de los objetivos marcados, la madera enol\u00f3gica Aromoak permite actuar en la estructura t\u00e1nica, el volumen, la finura y la complejidad arom\u00e1tica del vino, pudiendo tambi\u00e9n contribuir a estabilizar el color, suavizar las notas vegetales o el frescor y dulzor.<\/p>\n\n\n\n<p>Para lograr un aut\u00e9ntico valor a\u00f1adido con todas estas variables, <strong>los equipos de Vin\u00e9a le prestan asesoramiento<\/strong>.<\/p>\n<\/div>\n\n\n\n<div class=\"wp-block-uagb-container smart uagb-block-eaee8db5\"><\/div>\n<\/div>\n\n\n\n<div class=\"wp-block-uagb-container section-2col uagb-block-2e51d324 alignwide uagb-is-root-container\">\n<div class=\"wp-block-uagb-container uagb-block-07301152\">\n<h2 class=\"wp-block-heading\">Or\u00edgenes<\/h2>\n\n\n\n<p>La madera que utilizamos en los productos enol\u00f3gicos Aromoak, al igual que en nuestras mejores barricas, procede de los mejores or\u00edgenes y especies de roble del centro de Francia, Estados Unidos o Europa del Este.<\/p>\n\n\n\n<h2 class=\"wp-block-heading\">Secado<\/h2>\n\n\n\n<p>Vin\u00e9a lleva a cabo un secado de 36 meses al aire libre, sin riego, garant\u00eda de calidad de la gama Aromoak de roble franc\u00e9s.<\/p>\n<\/div>\n\n\n\n<div class=\"wp-block-uagb-container uagb-block-9521b63f\"><\/div>\n<\/div>\n\n\n\n<div class=\"wp-block-uagb-container section-2col uagb-block-423502d5 alignwide uagb-is-root-container\">\n<div class=\"wp-block-uagb-container desktop uagb-block-67ada277\"><\/div>\n\n\n\n<div class=\"wp-block-uagb-container uagb-block-1043ec25\">\n<h2 class=\"wp-block-heading\">Tostado tradicional<\/h2>\n\n\n\n<p>El tostado tradicional se lleva a cabo en brasero alimentado por recortes de roble. Esta t\u00e9cnica tonelera, que se lleva empleando desde hace siglos para el tostado de las barricas, permite obtener un perfil arom\u00e1tico sutil. Se recomienda para las <strong>crianzas largas<\/strong>.<\/p>\n<\/div>\n\n\n\n<div class=\"wp-block-uagb-container smart uagb-block-3217c6b8\"><\/div>\n<\/div>\n\n\n\n<div class=\"wp-block-uagb-container section-2col uagb-block-103df38e alignwide uagb-is-root-container\">\n<div class=\"wp-block-uagb-container uagb-block-70738b21\">\n<h2 class=\"wp-block-heading\">Tostado profundo a la cer\u00e1mica<\/h2>\n\n\n\n<p>El tostado cer\u00e1mico en profundidad ofrece una calidad constante, as\u00ed como una buena uniformidad crom\u00e1tica, y orienta el perfil arom\u00e1tico de la madera.<br>Esta t\u00e9cnica, espec\u00edficamente dise\u00f1ada por el departamento I+D de Vin\u00e9a, reproduce el tostado cl\u00e1sico tonelero, permitiendo al mismo tiempo una \u00f3ptima termodegradaci\u00f3n en profundidad y revelando el perfil arom\u00e1tico del roble sin conferir aromas ahumados. Esta innovaci\u00f3n de Vin\u00e9a permite un tostado profundo, aportando <strong>dulzor y finura<\/strong>.<\/p>\n<\/div>\n\n\n\n<div class=\"wp-block-uagb-container uagb-block-551533f0\"><\/div>\n<\/div>\n\n\n\n<div class=\"wp-block-uagb-container section-2col uagb-block-9e17bb3f default uagb-is-root-container\">\n<div class=\"wp-block-uagb-container desktop uagb-block-bda6a2a4\"><\/div>\n\n\n\n<div class=\"wp-block-uagb-container uagb-block-926a8cb0\">\n<h2 class=\"wp-block-heading\">Procedimiento Hydro<\/h2>\n\n\n\n<p>Antes de proceder al tostado cer\u00e1mico, la madera se satura con vapor de agua. Este m\u00e9todo exclusivo da como resultado un tostado suave y respetuoso con la madera, manteniendo el car\u00e1cter frutal y el frescor de los vinos.<\/p>\n<\/div>\n\n\n\n<div class=\"wp-block-uagb-container smart uagb-block-1ab38cc3\"><\/div>\n<\/div>\n\n\n\n<div class=\"wp-block-uagb-container section-2col uagb-block-f88b72d1 alignfull uagb-is-root-container\"><div class=\"uagb-container-inner-blocks-wrap\">\n<div class=\"wp-block-uagb-container uagb-block-968490b5\"><\/div>\n\n\n\n<div class=\"wp-block-uagb-container uagb-block-cde25a73\">\n<h2 class=\"has-white-color has-text-color wp-block-heading\">Nuestra gama<\/h2>\n\n\n\n<p class=\"has-white-color has-text-color\">Toda la gama de madera enol\u00f3gica Aromoak se tuesta en listones que luego se recortan en los formatos pertinentes para cada objetivo de crianza. Este m\u00e9todo ofrece una excelente <strong>homogeneidad<\/strong> y calidad en los perfiles, sea cual sea el producto empleado.<\/p>\n<\/div>\n<\/div><\/div>\n\n\n\n<div class=\"wp-block-uagb-container section-2col uagb-block-efe863c1 alignfull uagb-is-root-container\"><div class=\"uagb-container-inner-blocks-wrap\">\n<div class=\"wp-block-uagb-container uagb-block-06d2aa9a\">\n<h2 class=\"wp-block-heading\">Virutas<\/h2>\n\n\n\n<p>Virutas de madera sin tostar o tostadas (le\u00f1a o cer\u00e1mica) ya sea para elaboraci\u00f3n o crianza. En bolsas de 10 kg y recomendadas para crianzas de entre 1 y 4 meses.<\/p>\n\n\n\n<div class=\"wp-block-uagb-image uagb-block-e1c561b4 wp-block-uagb-image--layout-default wp-block-uagb-image--effect-static wp-block-uagb-image--align-none\"><figure class=\"wp-block-uagb-image__figure\"><img decoding=\"async\" srcset=\"https:\/\/www.tonnellerie-vinea.fr\/es\/wp-content\/uploads\/2022\/11\/DSC01294-1024x576.jpg \" src=\"https:\/\/www.tonnellerie-vinea.fr\/es\/wp-content\/uploads\/2022\/11\/DSC01294-1024x576.jpg\" alt=\"\" class=\"uag-image-365\" width=\"\" height=\"\" title=\"\" loading=\"lazy\"\/><\/figure><\/div>\n<\/div>\n\n\n\n<div class=\"wp-block-uagb-container uagb-block-ad4d6f0f\">\n<h2 class=\"wp-block-heading\">Segmentos<\/h2>\n\n\n\n<p>Tablillas de roble tostado con un tama\u00f1o aproximado de 5 x 5 x 1 cm, en bolsa de infusi\u00f3n de 10 kg. Disponibles en roble natural tostado a la le\u00f1a o a la cer\u00e1mica, o tostado Hydro cer\u00e1mico. Para elaboraci\u00f3n o crianza con un tiempo de contacto de 4 &#8211; 7 meses. Disponibles en roble franc\u00e9s, de Europa del Este o americano tostado a la cer\u00e1mica.<\/p>\n\n\n\n<div class=\"wp-block-uagb-image uagb-block-62966822 wp-block-uagb-image--layout-default wp-block-uagb-image--effect-static wp-block-uagb-image--align-none\"><figure class=\"wp-block-uagb-image__figure\"><img decoding=\"async\" srcset=\"https:\/\/www.tonnellerie-vinea.fr\/es\/wp-content\/uploads\/2022\/11\/DSC00894-1024x601.jpg \" src=\"https:\/\/www.tonnellerie-vinea.fr\/es\/wp-content\/uploads\/2022\/11\/DSC00894-1024x601.jpg\" alt=\"\" class=\"uag-image-366\" width=\"\" height=\"\" title=\"\" loading=\"lazy\"\/><\/figure><\/div>\n<\/div>\n<\/div><\/div>\n\n\n\n<div class=\"wp-block-uagb-container section-2col uagb-block-c23c3b74 alignfull uagb-is-root-container\"><div class=\"uagb-container-inner-blocks-wrap\">\n<div class=\"wp-block-uagb-container uagb-block-3e555415\">\n<h2 class=\"wp-block-heading\">Insertos<\/h2>\n\n\n\n<p>Los insertos constan de 9 varillas de roble que se sujetan al tap\u00f3n de la barrica con un gancho de acero inoxidable. Son f\u00e1ciles de utilizar y afianzan <strong>el perfil de los vinos criados en barricas por las que ya pasaron varios vinos<\/strong>.<\/p>\n\n\n\n<p>El formato se calcular\u00e1 en funci\u00f3n de los objetivos de crianza, pues cada varilla equivale aproximadamente a un 10 % de madera nueva para una barrica de 255 L.<\/p>\n\n\n\n<p>Desde 2 a 10 varillas, de roble natural, con tostado tradicional, cer\u00e1mico o Hydro. Disponibles en roble franc\u00e9s, roble de Europa del Este o roble americano tostado a la cer\u00e1mica.<\/p>\n<\/div>\n\n\n\n<div class=\"wp-block-uagb-container uagb-block-d8d6673f\">\n<div class=\"wp-block-uagb-image uagb-block-07e95ce8 wp-block-uagb-image--layout-default wp-block-uagb-image--effect-static wp-block-uagb-image--align-none\"><figure class=\"wp-block-uagb-image__figure\"><img decoding=\"async\" srcset=\"https:\/\/www.tonnellerie-vinea.fr\/es\/wp-content\/uploads\/2023\/01\/101013PAR-0168.jpg \" src=\"https:\/\/www.tonnellerie-vinea.fr\/es\/wp-content\/uploads\/2023\/01\/101013PAR-0168.jpg\" alt=\"\" class=\"uag-image-685\" width=\"\" height=\"\" title=\"\" loading=\"lazy\"\/><\/figure><\/div>\n<\/div>\n<\/div><\/div>\n\n\n\n<div class=\"wp-block-uagb-container section-2col uagb-block-e8ab8520 alignfull uagb-is-root-container\"><div class=\"uagb-container-inner-blocks-wrap\">\n<div class=\"wp-block-uagb-container uagb-block-41835ba5\">\n<h2 class=\"wp-block-heading\">Staves<\/h2>\n\n\n\n<p>Con un tama\u00f1o de 91 x 5 x 1 cm, los travesa\u00f1os Aromoak incluyen un agujero para poder colgarlos en los dep\u00f3sitos y pueden venderse por unidad o por conjunto de 7. Este formato f\u00e1cil de usar es el que mejor se adapta a las crianzas de m\u00e1s de 7 meses.<br>Disponibles en tostado tradicional, cer\u00e1mico o con Hydro cer\u00e1mico, se pueden combinar diferentes tipos para obtener una mayor <strong>complejidad arom\u00e1tica<\/strong>.<br>Disponibles en roble franc\u00e9s, roble de Europa del Este o roble americano tostado a la cer\u00e1mica.<\/p>\n\n\n\n<div class=\"wp-block-uagb-image uagb-block-b353cfb3 wp-block-uagb-image--layout-default wp-block-uagb-image--effect-static wp-block-uagb-image--align-none\"><figure class=\"wp-block-uagb-image__figure\"><img decoding=\"async\" srcset=\"https:\/\/www.tonnellerie-vinea.fr\/es\/wp-content\/uploads\/2022\/11\/DSC04688-1024x576.jpg \" src=\"https:\/\/www.tonnellerie-vinea.fr\/es\/wp-content\/uploads\/2022\/11\/DSC04688-1024x576.jpg\" alt=\"\" class=\"uag-image-370\" width=\"\" height=\"\" title=\"\" loading=\"lazy\"\/><\/figure><\/div>\n<\/div>\n\n\n\n<div class=\"wp-block-uagb-container uagb-block-2e7e3908\">\n<h2 class=\"wp-block-heading\">Staves gruesas<\/h2>\n\n\n\n<p>Los staves de roble franc\u00e9s tienen un grosor de 18 mm y est\u00e1n disponibles en tostado cer\u00e1mico o Hydro cer\u00e1mico. Este formato es muy similar al grosor de una duela, por lo que permiten crianzas largas de muy alta calidad.<\/p>\n\n\n\n<div class=\"wp-block-uagb-image uagb-block-0e9e69f6 wp-block-uagb-image--layout-default wp-block-uagb-image--effect-static wp-block-uagb-image--align-none\"><figure class=\"wp-block-uagb-image__figure\"><img decoding=\"async\" srcset=\"https:\/\/www.tonnellerie-vinea.fr\/es\/wp-content\/uploads\/2022\/11\/DSC04493-1024x576.jpg \" src=\"https:\/\/www.tonnellerie-vinea.fr\/es\/wp-content\/uploads\/2022\/11\/DSC04493-1024x576.jpg\" alt=\"\" class=\"uag-image-371\" width=\"\" height=\"\" title=\"\" loading=\"lazy\"\/><\/figure><\/div>\n<\/div>\n<\/div><\/div>\n","protected":false},"excerpt":{"rendered":"<p>Maderas enol\u00f3gicas Aromoak Desde 1994, Vin\u00e9a est\u00e1 especializada en el dise\u00f1o y fabricaci\u00f3n de madera enol\u00f3gica con el fin de ofrecer soluciones de crianza efectivas, ergon\u00f3micas y econ\u00f3micas a clientes de todo el mundo. Vin\u00e9a domina el maridaje madera-vino La madera enol\u00f3gica Aromoak permite crear, controlar y ajustar con suavidad las condiciones \u00f3ptimas para lograr [&hellip;]<\/p>\n","protected":false},"author":1,"featured_media":0,"parent":0,"menu_order":0,"comment_status":"closed","ping_status":"closed","template":"page-base-gutenberg.php","meta":{"_acf_changed":false,"_uag_custom_page_level_css":"","footnotes":""},"class_list":["post-326","page","type-page","status-publish","hentry"],"acf":[],"yoast_head":"<!-- This site is optimized with the Yoast SEO plugin v26.8 - https:\/\/yoast.com\/product\/yoast-seo-wordpress\/ -->\n<title>Maderas enol\u00f3gicas Aromoak - Tonnellerie Vinea 2022<\/title>\n<meta name=\"robots\" content=\"index, follow, max-snippet:-1, max-image-preview:large, max-video-preview:-1\" \/>\n<link rel=\"canonical\" href=\"https:\/\/www.tonnellerie-vinea.fr\/es\/maderas-enologicas-aromoak\/\" \/>\n<meta property=\"og:locale\" content=\"fr_FR\" \/>\n<meta property=\"og:type\" content=\"article\" \/>\n<meta property=\"og:title\" content=\"Maderas enol\u00f3gicas Aromoak - Tonnellerie Vinea 2022\" \/>\n<meta property=\"og:description\" content=\"Maderas enol\u00f3gicas Aromoak Desde 1994, Vin\u00e9a est\u00e1 especializada en el dise\u00f1o y fabricaci\u00f3n de madera enol\u00f3gica con el fin de ofrecer soluciones de crianza efectivas, ergon\u00f3micas y econ\u00f3micas a clientes de todo el mundo. Vin\u00e9a domina el maridaje madera-vino La madera enol\u00f3gica Aromoak permite crear, controlar y ajustar con suavidad las condiciones \u00f3ptimas para lograr [&hellip;]\" \/>\n<meta property=\"og:url\" content=\"https:\/\/www.tonnellerie-vinea.fr\/es\/maderas-enologicas-aromoak\/\" \/>\n<meta property=\"og:site_name\" content=\"Tonnellerie Vinea 2022\" \/>\n<meta property=\"article:publisher\" content=\"https:\/\/www.facebook.com\/tonnellerievinea\/\" \/>\n<meta property=\"article:modified_time\" content=\"2023-01-25T06:19:16+00:00\" \/>\n<meta property=\"og:image\" content=\"https:\/\/www.tonnellerie-vinea.fr\/es\/wp-content\/uploads\/2022\/11\/tampon-20-ans.svg\" \/>\n<meta name=\"twitter:card\" content=\"summary_large_image\" \/>\n<meta name=\"twitter:label1\" content=\"Dur\u00e9e de lecture estim\u00e9e\" \/>\n\t<meta name=\"twitter:data1\" content=\"6 minutes\" \/>\n<script type=\"application\/ld+json\" class=\"yoast-schema-graph\">{\"@context\":\"https:\/\/schema.org\",\"@graph\":[{\"@type\":\"WebPage\",\"@id\":\"https:\/\/www.tonnellerie-vinea.fr\/es\/maderas-enologicas-aromoak\/\",\"url\":\"https:\/\/www.tonnellerie-vinea.fr\/es\/maderas-enologicas-aromoak\/\",\"name\":\"Maderas enol\u00f3gicas Aromoak - Tonnellerie Vinea 2022\",\"isPartOf\":{\"@id\":\"https:\/\/www.tonnellerie-vinea.fr\/es\/#website\"},\"primaryImageOfPage\":{\"@id\":\"https:\/\/www.tonnellerie-vinea.fr\/es\/maderas-enologicas-aromoak\/#primaryimage\"},\"image\":{\"@id\":\"https:\/\/www.tonnellerie-vinea.fr\/es\/maderas-enologicas-aromoak\/#primaryimage\"},\"thumbnailUrl\":\"https:\/\/www.tonnellerie-vinea.fr\/es\/wp-content\/uploads\/2022\/11\/tampon-20-ans.svg\",\"datePublished\":\"2022-11-05T08:16:42+00:00\",\"dateModified\":\"2023-01-25T06:19:16+00:00\",\"breadcrumb\":{\"@id\":\"https:\/\/www.tonnellerie-vinea.fr\/es\/maderas-enologicas-aromoak\/#breadcrumb\"},\"inLanguage\":\"fr-FR\",\"potentialAction\":[{\"@type\":\"ReadAction\",\"target\":[\"https:\/\/www.tonnellerie-vinea.fr\/es\/maderas-enologicas-aromoak\/\"]}]},{\"@type\":\"ImageObject\",\"inLanguage\":\"fr-FR\",\"@id\":\"https:\/\/www.tonnellerie-vinea.fr\/es\/maderas-enologicas-aromoak\/#primaryimage\",\"url\":\"https:\/\/www.tonnellerie-vinea.fr\/es\/wp-content\/uploads\/2022\/11\/tampon-20-ans.svg\",\"contentUrl\":\"https:\/\/www.tonnellerie-vinea.fr\/es\/wp-content\/uploads\/2022\/11\/tampon-20-ans.svg\",\"width\":90,\"height\":90},{\"@type\":\"BreadcrumbList\",\"@id\":\"https:\/\/www.tonnellerie-vinea.fr\/es\/maderas-enologicas-aromoak\/#breadcrumb\",\"itemListElement\":[{\"@type\":\"ListItem\",\"position\":1,\"name\":\"Accueil\",\"item\":\"https:\/\/www.tonnellerie-vinea.fr\/es\/\"},{\"@type\":\"ListItem\",\"position\":2,\"name\":\"Maderas enol\u00f3gicas Aromoak\"}]},{\"@type\":\"WebSite\",\"@id\":\"https:\/\/www.tonnellerie-vinea.fr\/es\/#website\",\"url\":\"https:\/\/www.tonnellerie-vinea.fr\/es\/\",\"name\":\"Tonnellerie Vinea\",\"description\":\"Un site utilisant WordPress\",\"publisher\":{\"@id\":\"https:\/\/www.tonnellerie-vinea.fr\/es\/#organization\"},\"potentialAction\":[{\"@type\":\"SearchAction\",\"target\":{\"@type\":\"EntryPoint\",\"urlTemplate\":\"https:\/\/www.tonnellerie-vinea.fr\/es\/?s={search_term_string}\"},\"query-input\":{\"@type\":\"PropertyValueSpecification\",\"valueRequired\":true,\"valueName\":\"search_term_string\"}}],\"inLanguage\":\"fr-FR\"},{\"@type\":\"Organization\",\"@id\":\"https:\/\/www.tonnellerie-vinea.fr\/es\/#organization\",\"name\":\"Tonnellerie Vinea\",\"url\":\"https:\/\/www.tonnellerie-vinea.fr\/es\/\",\"logo\":{\"@type\":\"ImageObject\",\"inLanguage\":\"fr-FR\",\"@id\":\"https:\/\/www.tonnellerie-vinea.fr\/es\/#\/schema\/logo\/image\/\",\"url\":\"https:\/\/www.tonnellerie-vinea.fr\/es\/wp-content\/uploads\/2022\/10\/logo-tonnellerie-vinea-coul.svg\",\"contentUrl\":\"https:\/\/www.tonnellerie-vinea.fr\/es\/wp-content\/uploads\/2022\/10\/logo-tonnellerie-vinea-coul.svg\",\"width\":349,\"height\":309,\"caption\":\"Tonnellerie Vinea\"},\"image\":{\"@id\":\"https:\/\/www.tonnellerie-vinea.fr\/es\/#\/schema\/logo\/image\/\"},\"sameAs\":[\"https:\/\/www.facebook.com\/tonnellerievinea\/\",\"https:\/\/www.linkedin.com\/showcase\/tonnellerie-vinea\/about\/\",\"https:\/\/www.instagram.com\/tonnellerievinea\/\"]}]}<\/script>\n<!-- \/ Yoast SEO plugin. -->","yoast_head_json":{"title":"Maderas enol\u00f3gicas Aromoak - Tonnellerie Vinea 2022","robots":{"index":"index","follow":"follow","max-snippet":"max-snippet:-1","max-image-preview":"max-image-preview:large","max-video-preview":"max-video-preview:-1"},"canonical":"https:\/\/www.tonnellerie-vinea.fr\/es\/maderas-enologicas-aromoak\/","og_locale":"fr_FR","og_type":"article","og_title":"Maderas enol\u00f3gicas Aromoak - Tonnellerie Vinea 2022","og_description":"Maderas enol\u00f3gicas Aromoak Desde 1994, Vin\u00e9a est\u00e1 especializada en el dise\u00f1o y fabricaci\u00f3n de madera enol\u00f3gica con el fin de ofrecer soluciones de crianza efectivas, ergon\u00f3micas y econ\u00f3micas a clientes de todo el mundo. Vin\u00e9a domina el maridaje madera-vino La madera enol\u00f3gica Aromoak permite crear, controlar y ajustar con suavidad las condiciones \u00f3ptimas para lograr [&hellip;]","og_url":"https:\/\/www.tonnellerie-vinea.fr\/es\/maderas-enologicas-aromoak\/","og_site_name":"Tonnellerie Vinea 2022","article_publisher":"https:\/\/www.facebook.com\/tonnellerievinea\/","article_modified_time":"2023-01-25T06:19:16+00:00","og_image":[{"url":"https:\/\/www.tonnellerie-vinea.fr\/es\/wp-content\/uploads\/2022\/11\/tampon-20-ans.svg","type":"","width":"","height":""}],"twitter_card":"summary_large_image","twitter_misc":{"Dur\u00e9e de lecture estim\u00e9e":"6 minutes"},"schema":{"@context":"https:\/\/schema.org","@graph":[{"@type":"WebPage","@id":"https:\/\/www.tonnellerie-vinea.fr\/es\/maderas-enologicas-aromoak\/","url":"https:\/\/www.tonnellerie-vinea.fr\/es\/maderas-enologicas-aromoak\/","name":"Maderas enol\u00f3gicas Aromoak - Tonnellerie Vinea 2022","isPartOf":{"@id":"https:\/\/www.tonnellerie-vinea.fr\/es\/#website"},"primaryImageOfPage":{"@id":"https:\/\/www.tonnellerie-vinea.fr\/es\/maderas-enologicas-aromoak\/#primaryimage"},"image":{"@id":"https:\/\/www.tonnellerie-vinea.fr\/es\/maderas-enologicas-aromoak\/#primaryimage"},"thumbnailUrl":"https:\/\/www.tonnellerie-vinea.fr\/es\/wp-content\/uploads\/2022\/11\/tampon-20-ans.svg","datePublished":"2022-11-05T08:16:42+00:00","dateModified":"2023-01-25T06:19:16+00:00","breadcrumb":{"@id":"https:\/\/www.tonnellerie-vinea.fr\/es\/maderas-enologicas-aromoak\/#breadcrumb"},"inLanguage":"fr-FR","potentialAction":[{"@type":"ReadAction","target":["https:\/\/www.tonnellerie-vinea.fr\/es\/maderas-enologicas-aromoak\/"]}]},{"@type":"ImageObject","inLanguage":"fr-FR","@id":"https:\/\/www.tonnellerie-vinea.fr\/es\/maderas-enologicas-aromoak\/#primaryimage","url":"https:\/\/www.tonnellerie-vinea.fr\/es\/wp-content\/uploads\/2022\/11\/tampon-20-ans.svg","contentUrl":"https:\/\/www.tonnellerie-vinea.fr\/es\/wp-content\/uploads\/2022\/11\/tampon-20-ans.svg","width":90,"height":90},{"@type":"BreadcrumbList","@id":"https:\/\/www.tonnellerie-vinea.fr\/es\/maderas-enologicas-aromoak\/#breadcrumb","itemListElement":[{"@type":"ListItem","position":1,"name":"Accueil","item":"https:\/\/www.tonnellerie-vinea.fr\/es\/"},{"@type":"ListItem","position":2,"name":"Maderas enol\u00f3gicas Aromoak"}]},{"@type":"WebSite","@id":"https:\/\/www.tonnellerie-vinea.fr\/es\/#website","url":"https:\/\/www.tonnellerie-vinea.fr\/es\/","name":"Tonnellerie Vinea","description":"Un site utilisant WordPress","publisher":{"@id":"https:\/\/www.tonnellerie-vinea.fr\/es\/#organization"},"potentialAction":[{"@type":"SearchAction","target":{"@type":"EntryPoint","urlTemplate":"https:\/\/www.tonnellerie-vinea.fr\/es\/?s={search_term_string}"},"query-input":{"@type":"PropertyValueSpecification","valueRequired":true,"valueName":"search_term_string"}}],"inLanguage":"fr-FR"},{"@type":"Organization","@id":"https:\/\/www.tonnellerie-vinea.fr\/es\/#organization","name":"Tonnellerie Vinea","url":"https:\/\/www.tonnellerie-vinea.fr\/es\/","logo":{"@type":"ImageObject","inLanguage":"fr-FR","@id":"https:\/\/www.tonnellerie-vinea.fr\/es\/#\/schema\/logo\/image\/","url":"https:\/\/www.tonnellerie-vinea.fr\/es\/wp-content\/uploads\/2022\/10\/logo-tonnellerie-vinea-coul.svg","contentUrl":"https:\/\/www.tonnellerie-vinea.fr\/es\/wp-content\/uploads\/2022\/10\/logo-tonnellerie-vinea-coul.svg","width":349,"height":309,"caption":"Tonnellerie Vinea"},"image":{"@id":"https:\/\/www.tonnellerie-vinea.fr\/es\/#\/schema\/logo\/image\/"},"sameAs":["https:\/\/www.facebook.com\/tonnellerievinea\/","https:\/\/www.linkedin.com\/showcase\/tonnellerie-vinea\/about\/","https:\/\/www.instagram.com\/tonnellerievinea\/"]}]}},"uagb_featured_image_src":{"full":false,"thumbnail":false,"medium":false,"medium_large":false,"large":false,"1536x1536":false,"2048x2048":false},"uagb_author_info":{"display_name":"franck","author_link":"https:\/\/www.tonnellerie-vinea.fr\/es\/author\/franck\/"},"uagb_comment_info":0,"uagb_excerpt":"Maderas enol\u00f3gicas Aromoak Desde 1994, Vin\u00e9a est\u00e1 especializada en el dise\u00f1o y fabricaci\u00f3n de madera enol\u00f3gica con el fin de ofrecer soluciones de crianza efectivas, ergon\u00f3micas y econ\u00f3micas a clientes de todo el mundo. Vin\u00e9a domina el maridaje madera-vino La madera enol\u00f3gica Aromoak permite crear, controlar y ajustar con suavidad las condiciones \u00f3ptimas para lograr\u2026","_links":{"self":[{"href":"https:\/\/www.tonnellerie-vinea.fr\/es\/wp-json\/wp\/v2\/pages\/326","targetHints":{"allow":["GET"]}}],"collection":[{"href":"https:\/\/www.tonnellerie-vinea.fr\/es\/wp-json\/wp\/v2\/pages"}],"about":[{"href":"https:\/\/www.tonnellerie-vinea.fr\/es\/wp-json\/wp\/v2\/types\/page"}],"author":[{"embeddable":true,"href":"https:\/\/www.tonnellerie-vinea.fr\/es\/wp-json\/wp\/v2\/users\/1"}],"replies":[{"embeddable":true,"href":"https:\/\/www.tonnellerie-vinea.fr\/es\/wp-json\/wp\/v2\/comments?post=326"}],"version-history":[{"count":39,"href":"https:\/\/www.tonnellerie-vinea.fr\/es\/wp-json\/wp\/v2\/pages\/326\/revisions"}],"predecessor-version":[{"id":926,"href":"https:\/\/www.tonnellerie-vinea.fr\/es\/wp-json\/wp\/v2\/pages\/326\/revisions\/926"}],"wp:attachment":[{"href":"https:\/\/www.tonnellerie-vinea.fr\/es\/wp-json\/wp\/v2\/media?parent=326"}],"curies":[{"name":"wp","href":"https:\/\/api.w.org\/{rel}","templated":true}]}}