{"id":387,"date":"2022-12-14T09:11:25","date_gmt":"2022-12-14T08:11:25","guid":{"rendered":"https:\/\/www.tonnellerie-vinea.fr\/2022\/?page_id=387"},"modified":"2023-01-25T08:17:28","modified_gmt":"2023-01-25T07:17:28","slug":"tonnellerie-vinea-tonnellerie-sur-mesure","status":"publish","type":"page","link":"https:\/\/www.tonnellerie-vinea.fr\/es\/","title":{"rendered":"Inicio"},"content":{"rendered":"\n<section class=\"wp-block-uagb-container uagb-block-1c15b84c default uagb-is-root-container\">\n<div class=\"wp-block-uagb-container uagb-block-d796048d\"><\/div>\n\n\n\n<div class=\"wp-block-uagb-container accueil-top-image-texte-gute uagb-block-8c832727\">\n<div class=\"wp-block-uagb-container accueil-top-image-texte-gute uag-blocks-common-selector uagb-block-3fe11944\">\n<h1 class=\"wp-block-heading\">LA TONELER\u00cdA <\/h1>\n\n\n\n<h3 class=\"wp-block-heading\">Para embellecer a\u00fan m\u00e1s<br>el vino<\/h3>\n<\/div>\n<\/div>\n<\/section>\n\n\n\n<div class=\"wp-block-uagb-container accueil-cont-composition uagb-block-088d7589 alignfull uagb-is-root-container\"><div class=\"uagb-container-inner-blocks-wrap\">\n<div class=\"wp-block-uagb-container uagb-block-4e55d09f\">\n<div class=\"wp-block-uagb-container div-absolute desktop uagb-block-46c027d4\">\n<h2 class=\"has-text-align-center wp-block-heading\">tostado a la cer\u00e1mica<\/h2>\n<\/div>\n\n\n\n<div class=\"wp-block-uagb-container div-absolute desktop uagb-block-3f06702f\">\n<h2 class=\"has-text-align-center wp-block-heading\">Inventores del <\/h2>\n<\/div>\n\n\n\n<div class=\"wp-block-uagb-container smart uagb-block-8e5f9066\">\n<h2 class=\"has-text-align-center wp-block-heading\">Inventores del tostado a la cer\u00e1mica<\/h2>\n<\/div>\n\n\n\n<div class=\"wp-block-uagb-container uagb-block-c55014e0\">\n<p class=\"has-text-align-center btn-savoir-plus has-white-color has-text-color\">+ <a href=\"https:\/\/www.tonnellerie-vinea.fr\/es\/tostado-ceramico\/\">INFO<\/a><\/p>\n<\/div>\n<\/div>\n\n\n\n<div class=\"wp-block-uagb-container desktop uagb-block-e15c97e6\"><\/div>\n<\/div><\/div>\n\n\n\n<div class=\"wp-block-uagb-container accueil-cont-composition uagb-block-077c8420 alignfull uagb-is-root-container\"><div class=\"uagb-container-inner-blocks-wrap\">\n<div class=\"wp-block-uagb-container desktop uagb-block-f28db9bd\"><\/div>\n\n\n\n<div class=\"wp-block-uagb-container uagb-block-6171d01f\">\n<div class=\"wp-block-uagb-container div-absolute desktop uagb-block-4da4f2f6\">\n<h2 class=\"has-text-align-center wp-block-heading\">In the wood<\/h2>\n<\/div>\n\n\n\n<div class=\"wp-block-uagb-container div-absolute desktop uagb-block-181632f0\">\n<h2 class=\"has-text-align-center wp-block-heading\">for love&#8230;<\/h2>\n<\/div>\n\n\n\n<div class=\"wp-block-uagb-container div-absolute smart uagb-block-765cb249\">\n<h2 class=\"has-text-align-center wp-block-heading\">In the wood for love&#8230;<\/h2>\n<\/div>\n\n\n\n<div class=\"wp-block-uagb-container uagb-block-9f5e22f7\">\n<p class=\"has-text-align-center btn-savoir-plus has-white-color has-text-color\"><a href=\"https:\/\/www.tonnellerie-vinea.fr\/es\/qui-sommes-nous\/\">+ <\/a><a href=\"https:\/\/www.tonnellerie-vinea.fr\/es\/tostado-ceramico\/\">INFO<\/a><\/p>\n<\/div>\n<\/div>\n<\/div><\/div>\n","protected":false},"excerpt":{"rendered":"<p>LA TONELER\u00cdA Para embellecer a\u00fan m\u00e1sel vino tostado a la cer\u00e1mica Inventores del Inventores del tostado a la cer\u00e1mica + INFO In the wood for love&#8230; In the wood for love&#8230; + INFO<\/p>\n","protected":false},"author":1,"featured_media":0,"parent":0,"menu_order":0,"comment_status":"closed","ping_status":"closed","template":"page-accueil-gute.php","meta":{"_acf_changed":false,"_uag_custom_page_level_css":"","footnotes":""},"class_list":["post-387","page","type-page","status-publish","hentry"],"acf":[],"yoast_head":"<!-- This site is optimized with the Yoast SEO plugin v26.8 - https:\/\/yoast.com\/product\/yoast-seo-wordpress\/ -->\n<title>Tonnellerie Vin\u00e9a | Tonnellerie sur mesure<\/title>\n<meta name=\"description\" content=\"L\u2019entreprise a pour vocation la conception, la fabrication et la commercialisation de barriques et produits \u0153nologiques en bois de ch\u00eane.\" \/>\n<meta name=\"robots\" content=\"index, follow, max-snippet:-1, max-image-preview:large, max-video-preview:-1\" \/>\n<link rel=\"canonical\" href=\"https:\/\/www.tonnellerie-vinea.fr\/es\/\" \/>\n<meta property=\"og:locale\" content=\"fr_FR\" \/>\n<meta property=\"og:type\" content=\"article\" \/>\n<meta property=\"og:title\" content=\"Tonnellerie Vin\u00e9a | Tonnellerie sur mesure\" \/>\n<meta property=\"og:description\" content=\"L\u2019entreprise a pour vocation la conception, la fabrication et la commercialisation de barriques et produits \u0153nologiques en bois de ch\u00eane.\" \/>\n<meta property=\"og:url\" content=\"https:\/\/www.tonnellerie-vinea.fr\/es\/\" \/>\n<meta property=\"og:site_name\" content=\"Tonnellerie Vinea 2022\" \/>\n<meta property=\"article:publisher\" content=\"https:\/\/www.facebook.com\/tonnellerievinea\/\" \/>\n<meta property=\"article:modified_time\" content=\"2023-01-25T07:17:28+00:00\" \/>\n<meta name=\"twitter:card\" content=\"summary_large_image\" \/>\n<meta name=\"twitter:label1\" content=\"Dur\u00e9e de lecture estim\u00e9e\" \/>\n\t<meta name=\"twitter:data1\" content=\"1 minute\" \/>\n<script type=\"application\/ld+json\" class=\"yoast-schema-graph\">{\"@context\":\"https:\/\/schema.org\",\"@graph\":[{\"@type\":\"WebPage\",\"@id\":\"https:\/\/www.tonnellerie-vinea.fr\/es\/\",\"url\":\"https:\/\/www.tonnellerie-vinea.fr\/es\/\",\"name\":\"Tonnellerie Vin\u00e9a | Tonnellerie sur mesure\",\"isPartOf\":{\"@id\":\"https:\/\/www.tonnellerie-vinea.fr\/es\/#website\"},\"datePublished\":\"2022-12-14T08:11:25+00:00\",\"dateModified\":\"2023-01-25T07:17:28+00:00\",\"description\":\"L\u2019entreprise a pour vocation la conception, la fabrication et la commercialisation de barriques et produits \u0153nologiques en bois de ch\u00eane.\",\"breadcrumb\":{\"@id\":\"https:\/\/www.tonnellerie-vinea.fr\/es\/#breadcrumb\"},\"inLanguage\":\"fr-FR\",\"potentialAction\":[{\"@type\":\"ReadAction\",\"target\":[\"https:\/\/www.tonnellerie-vinea.fr\/es\/\"]}]},{\"@type\":\"BreadcrumbList\",\"@id\":\"https:\/\/www.tonnellerie-vinea.fr\/es\/#breadcrumb\",\"itemListElement\":[{\"@type\":\"ListItem\",\"position\":1,\"name\":\"Accueil\",\"item\":\"https:\/\/www.tonnellerie-vinea.fr\/es\/\"},{\"@type\":\"ListItem\",\"position\":2,\"name\":\"Inicio\"}]},{\"@type\":\"WebSite\",\"@id\":\"https:\/\/www.tonnellerie-vinea.fr\/es\/#website\",\"url\":\"https:\/\/www.tonnellerie-vinea.fr\/es\/\",\"name\":\"Tonnellerie Vinea\",\"description\":\"Un site utilisant WordPress\",\"publisher\":{\"@id\":\"https:\/\/www.tonnellerie-vinea.fr\/es\/#organization\"},\"potentialAction\":[{\"@type\":\"SearchAction\",\"target\":{\"@type\":\"EntryPoint\",\"urlTemplate\":\"https:\/\/www.tonnellerie-vinea.fr\/es\/?s={search_term_string}\"},\"query-input\":{\"@type\":\"PropertyValueSpecification\",\"valueRequired\":true,\"valueName\":\"search_term_string\"}}],\"inLanguage\":\"fr-FR\"},{\"@type\":\"Organization\",\"@id\":\"https:\/\/www.tonnellerie-vinea.fr\/es\/#organization\",\"name\":\"Tonnellerie Vinea\",\"url\":\"https:\/\/www.tonnellerie-vinea.fr\/es\/\",\"logo\":{\"@type\":\"ImageObject\",\"inLanguage\":\"fr-FR\",\"@id\":\"https:\/\/www.tonnellerie-vinea.fr\/es\/#\/schema\/logo\/image\/\",\"url\":\"https:\/\/www.tonnellerie-vinea.fr\/es\/wp-content\/uploads\/2022\/10\/logo-tonnellerie-vinea-coul.svg\",\"contentUrl\":\"https:\/\/www.tonnellerie-vinea.fr\/es\/wp-content\/uploads\/2022\/10\/logo-tonnellerie-vinea-coul.svg\",\"width\":349,\"height\":309,\"caption\":\"Tonnellerie Vinea\"},\"image\":{\"@id\":\"https:\/\/www.tonnellerie-vinea.fr\/es\/#\/schema\/logo\/image\/\"},\"sameAs\":[\"https:\/\/www.facebook.com\/tonnellerievinea\/\",\"https:\/\/www.linkedin.com\/showcase\/tonnellerie-vinea\/about\/\",\"https:\/\/www.instagram.com\/tonnellerievinea\/\"]}]}<\/script>\n<!-- \/ Yoast SEO plugin. -->","yoast_head_json":{"title":"Tonnellerie Vin\u00e9a | Tonnellerie sur mesure","description":"L\u2019entreprise a pour vocation la conception, la fabrication et la commercialisation de barriques et produits \u0153nologiques en bois de ch\u00eane.","robots":{"index":"index","follow":"follow","max-snippet":"max-snippet:-1","max-image-preview":"max-image-preview:large","max-video-preview":"max-video-preview:-1"},"canonical":"https:\/\/www.tonnellerie-vinea.fr\/es\/","og_locale":"fr_FR","og_type":"article","og_title":"Tonnellerie Vin\u00e9a | Tonnellerie sur mesure","og_description":"L\u2019entreprise a pour vocation la conception, la fabrication et la commercialisation de barriques et produits \u0153nologiques en bois de ch\u00eane.","og_url":"https:\/\/www.tonnellerie-vinea.fr\/es\/","og_site_name":"Tonnellerie Vinea 2022","article_publisher":"https:\/\/www.facebook.com\/tonnellerievinea\/","article_modified_time":"2023-01-25T07:17:28+00:00","twitter_card":"summary_large_image","twitter_misc":{"Dur\u00e9e de lecture estim\u00e9e":"1 minute"},"schema":{"@context":"https:\/\/schema.org","@graph":[{"@type":"WebPage","@id":"https:\/\/www.tonnellerie-vinea.fr\/es\/","url":"https:\/\/www.tonnellerie-vinea.fr\/es\/","name":"Tonnellerie Vin\u00e9a | Tonnellerie sur mesure","isPartOf":{"@id":"https:\/\/www.tonnellerie-vinea.fr\/es\/#website"},"datePublished":"2022-12-14T08:11:25+00:00","dateModified":"2023-01-25T07:17:28+00:00","description":"L\u2019entreprise a pour vocation la conception, la fabrication et la commercialisation de barriques et produits \u0153nologiques en bois de ch\u00eane.","breadcrumb":{"@id":"https:\/\/www.tonnellerie-vinea.fr\/es\/#breadcrumb"},"inLanguage":"fr-FR","potentialAction":[{"@type":"ReadAction","target":["https:\/\/www.tonnellerie-vinea.fr\/es\/"]}]},{"@type":"BreadcrumbList","@id":"https:\/\/www.tonnellerie-vinea.fr\/es\/#breadcrumb","itemListElement":[{"@type":"ListItem","position":1,"name":"Accueil","item":"https:\/\/www.tonnellerie-vinea.fr\/es\/"},{"@type":"ListItem","position":2,"name":"Inicio"}]},{"@type":"WebSite","@id":"https:\/\/www.tonnellerie-vinea.fr\/es\/#website","url":"https:\/\/www.tonnellerie-vinea.fr\/es\/","name":"Tonnellerie Vinea","description":"Un site utilisant WordPress","publisher":{"@id":"https:\/\/www.tonnellerie-vinea.fr\/es\/#organization"},"potentialAction":[{"@type":"SearchAction","target":{"@type":"EntryPoint","urlTemplate":"https:\/\/www.tonnellerie-vinea.fr\/es\/?s={search_term_string}"},"query-input":{"@type":"PropertyValueSpecification","valueRequired":true,"valueName":"search_term_string"}}],"inLanguage":"fr-FR"},{"@type":"Organization","@id":"https:\/\/www.tonnellerie-vinea.fr\/es\/#organization","name":"Tonnellerie Vinea","url":"https:\/\/www.tonnellerie-vinea.fr\/es\/","logo":{"@type":"ImageObject","inLanguage":"fr-FR","@id":"https:\/\/www.tonnellerie-vinea.fr\/es\/#\/schema\/logo\/image\/","url":"https:\/\/www.tonnellerie-vinea.fr\/es\/wp-content\/uploads\/2022\/10\/logo-tonnellerie-vinea-coul.svg","contentUrl":"https:\/\/www.tonnellerie-vinea.fr\/es\/wp-content\/uploads\/2022\/10\/logo-tonnellerie-vinea-coul.svg","width":349,"height":309,"caption":"Tonnellerie Vinea"},"image":{"@id":"https:\/\/www.tonnellerie-vinea.fr\/es\/#\/schema\/logo\/image\/"},"sameAs":["https:\/\/www.facebook.com\/tonnellerievinea\/","https:\/\/www.linkedin.com\/showcase\/tonnellerie-vinea\/about\/","https:\/\/www.instagram.com\/tonnellerievinea\/"]}]}},"uagb_featured_image_src":{"full":false,"thumbnail":false,"medium":false,"medium_large":false,"large":false,"1536x1536":false,"2048x2048":false},"uagb_author_info":{"display_name":"franck","author_link":"https:\/\/www.tonnellerie-vinea.fr\/es\/author\/franck\/"},"uagb_comment_info":0,"uagb_excerpt":"LA TONELER\u00cdA Para embellecer a\u00fan m\u00e1sel vino tostado a la cer\u00e1mica Inventores del Inventores del tostado a la cer\u00e1mica + INFO In the wood for love&#8230; In the wood for love&#8230; + INFO","_links":{"self":[{"href":"https:\/\/www.tonnellerie-vinea.fr\/es\/wp-json\/wp\/v2\/pages\/387","targetHints":{"allow":["GET"]}}],"collection":[{"href":"https:\/\/www.tonnellerie-vinea.fr\/es\/wp-json\/wp\/v2\/pages"}],"about":[{"href":"https:\/\/www.tonnellerie-vinea.fr\/es\/wp-json\/wp\/v2\/types\/page"}],"author":[{"embeddable":true,"href":"https:\/\/www.tonnellerie-vinea.fr\/es\/wp-json\/wp\/v2\/users\/1"}],"replies":[{"embeddable":true,"href":"https:\/\/www.tonnellerie-vinea.fr\/es\/wp-json\/wp\/v2\/comments?post=387"}],"version-history":[{"count":74,"href":"https:\/\/www.tonnellerie-vinea.fr\/es\/wp-json\/wp\/v2\/pages\/387\/revisions"}],"predecessor-version":[{"id":940,"href":"https:\/\/www.tonnellerie-vinea.fr\/es\/wp-json\/wp\/v2\/pages\/387\/revisions\/940"}],"wp:attachment":[{"href":"https:\/\/www.tonnellerie-vinea.fr\/es\/wp-json\/wp\/v2\/media?parent=387"}],"curies":[{"name":"wp","href":"https:\/\/api.w.org\/{rel}","templated":true}]}}