{"id":19,"date":"2022-10-03T15:39:57","date_gmt":"2022-10-03T13:39:57","guid":{"rendered":"https:\/\/agence-fleurie.com\/vinea\/?page_id=19"},"modified":"2023-01-28T17:33:40","modified_gmt":"2023-01-28T16:33:40","slug":"chi-siamo","status":"publish","type":"page","link":"https:\/\/www.tonnellerie-vinea.fr\/it\/chi-siamo\/","title":{"rendered":"Chi siamo"},"content":{"rendered":"\n<section class=\"wp-block-uagb-container header-titre-page uagb-block-ecd6ab03 alignfull uagb-is-root-container\"><div class=\"uagb-container-inner-blocks-wrap\">\n<div class=\"wp-block-uagb-container uagb-block-e5958324\"><\/div>\n\n\n\n<div class=\"wp-block-uagb-container uagb-block-00c7ce11\">\n<div class=\"wp-block-uagb-container uag-blocks-common-selector uagb-block-1d3f13ee\">\n<h1 class=\"has-text-align-center has-x-large-font-size wp-block-heading\">Chi siamo<\/h1>\n<\/div>\n<\/div>\n<\/div><\/section>\n\n\n\n<div class=\"wp-block-uagb-container section-2col uagb-block-c278aca4 default uagb-is-root-container\">\n<div class=\"wp-block-uagb-container uagb-block-ef8bae00\">\n<h2 class=\"wp-block-heading\">In the wood for love\u2026<\/h2>\n\n\n\n<p>Dal 1994 Vin\u00e9a \u00e8 specializzata nel complesso universo del legno di quercia per vini e distillati.<\/p>\n\n\n\n<p>La vocazione dell&rsquo;azienda \u00e8 la progettazione, la produzione e la commercializzazione di barrique e prodotti enologici in rovere di <strong>alta qualit\u00e0 organolettica<\/strong>.<\/p>\n\n\n\n<p>Uno straordinario know-how per una produzione su misura.<\/p>\n<\/div>\n\n\n\n<div class=\"wp-block-uagb-container uagb-block-ab6a5812\"><\/div>\n<\/div>\n\n\n\n<div class=\"wp-block-uagb-container section-2col uagb-block-b89bfd30 alignwide uagb-is-root-container\">\n<div class=\"wp-block-uagb-container uagb-block-678e7796\">\n<figure class=\"wp-block-image alignright size-full is-resized\"><img loading=\"lazy\" decoding=\"async\" src=\"https:\/\/www.tonnellerie-vinea.fr\/it\/wp-content\/uploads\/2022\/10\/100803PAR-5833.jpg\" alt=\"\" class=\"wp-image-103\" width=\"850\" height=\"567\" srcset=\"https:\/\/www.tonnellerie-vinea.fr\/it\/wp-content\/uploads\/2022\/10\/100803PAR-5833.jpg 850w, https:\/\/www.tonnellerie-vinea.fr\/it\/wp-content\/uploads\/2022\/10\/100803PAR-5833-300x200.jpg 300w, https:\/\/www.tonnellerie-vinea.fr\/it\/wp-content\/uploads\/2022\/10\/100803PAR-5833-768x512.jpg 768w\" sizes=\"auto, (max-width: 850px) 100vw, 850px\" \/><\/figure>\n\n\n\n<div style=\"height:1px\" aria-hidden=\"true\" class=\"wp-block-spacer\"><\/div>\n\n\n\n<div class=\"wp-block-uagb-container uagb-block-c0745a1e\">\n<h2 class=\"wp-block-heading\">Una struttura familiare<\/h2>\n\n\n\n<p>Vin\u00e9a \u00e8 un&rsquo;azienda a conduzione familiare, dal 2011 Jean-Christophe lavora con la figlia Anouck per creare il laboratorio della tonnellerie dove vengono prodotte le barrique tostate con ceramica.<\/p>\n\n\n\n<p>La volont\u00e0 principale di Vin\u00e9a \u00e8 quella di assicurarsi che ogni vino, dai pi\u00f9 modesti ai grand cru, sia valorizzato alla perfezione e su scala mondiale. Vin\u00e9a accompagna i suoi partner nella scelta dell&rsquo;invecchiamento in legno per consentire sempre la migliore espressione del lavoro svolto in vigna.<\/p>\n<\/div>\n\n\n\n<figure class=\"wp-block-image alignright size-large is-resized\"><img loading=\"lazy\" decoding=\"async\" src=\"https:\/\/www.tonnellerie-vinea.fr\/it\/wp-content\/uploads\/2022\/12\/IMG_1066-1024x652.jpg\" alt=\"\" class=\"wp-image-449\" width=\"512\" height=\"326\" srcset=\"https:\/\/www.tonnellerie-vinea.fr\/it\/wp-content\/uploads\/2022\/12\/IMG_1066-1024x652.jpg 1024w, https:\/\/www.tonnellerie-vinea.fr\/it\/wp-content\/uploads\/2022\/12\/IMG_1066-300x191.jpg 300w, https:\/\/www.tonnellerie-vinea.fr\/it\/wp-content\/uploads\/2022\/12\/IMG_1066-768x489.jpg 768w, https:\/\/www.tonnellerie-vinea.fr\/it\/wp-content\/uploads\/2022\/12\/IMG_1066-1536x978.jpg 1536w, https:\/\/www.tonnellerie-vinea.fr\/it\/wp-content\/uploads\/2022\/12\/IMG_1066.jpg 1900w\" sizes=\"auto, (max-width: 512px) 100vw, 512px\" \/><\/figure>\n<\/div>\n\n\n\n<div class=\"wp-block-uagb-container uagb-block-2d67d3d9\">\n<div style=\"height:1px\" aria-hidden=\"true\" class=\"wp-block-spacer\"><\/div>\n\n\n\n<h2 class=\"wp-block-heading\">Vin\u00e9a<\/h2>\n\n\n\n<p>Situata a St Germain de Lusignan, nel sud-ovest della Francia, Vin\u00e9a \u00e8 stata fondata e sviluppata sulla base dell&rsquo;esperienza e della visione del suo fondatore e direttore, Jean Christophe VARRON, che gode di un&rsquo;innegabile notoriet\u00e0 internazionale maturata in oltre trent&rsquo;anni di riflessioni e viaggi.<\/p>\n\n\n\n<div style=\"height:16px\" aria-hidden=\"true\" class=\"wp-block-spacer\"><\/div>\n\n\n\n<figure class=\"wp-block-image size-large\"><img loading=\"lazy\" decoding=\"async\" width=\"1024\" height=\"721\" src=\"https:\/\/www.tonnellerie-vinea.fr\/it\/wp-content\/uploads\/2022\/12\/DSC03967-1024x721.jpg\" alt=\"\" class=\"wp-image-439\" srcset=\"https:\/\/www.tonnellerie-vinea.fr\/it\/wp-content\/uploads\/2022\/12\/DSC03967-1024x721.jpg 1024w, https:\/\/www.tonnellerie-vinea.fr\/it\/wp-content\/uploads\/2022\/12\/DSC03967-300x211.jpg 300w, https:\/\/www.tonnellerie-vinea.fr\/it\/wp-content\/uploads\/2022\/12\/DSC03967-768x540.jpg 768w, https:\/\/www.tonnellerie-vinea.fr\/it\/wp-content\/uploads\/2022\/12\/DSC03967-1536x1081.jpg 1536w, https:\/\/www.tonnellerie-vinea.fr\/it\/wp-content\/uploads\/2022\/12\/DSC03967.jpg 1900w\" sizes=\"auto, (max-width: 1024px) 100vw, 1024px\" \/><\/figure>\n\n\n\n<p>Tra le principali linee di ricerca, JCV sta sviluppando <strong>metodi innovativi di tostatura del rovere<\/strong> e una visione moderna della maturazione del vino: un prodotto, un obiettivo di affinamento, un marchio, un&rsquo;identit\u00e0 forte.<\/p>\n\n\n\n<div style=\"height:28px\" aria-hidden=\"true\" class=\"wp-block-spacer\"><\/div>\n\n\n\n<figure class=\"wp-block-image size-large is-resized\"><img loading=\"lazy\" decoding=\"async\" src=\"https:\/\/www.tonnellerie-vinea.fr\/it\/wp-content\/uploads\/2022\/10\/DSC_0039-1024x685.jpg\" alt=\"\" class=\"wp-image-105\" width=\"512\" height=\"343\" srcset=\"https:\/\/www.tonnellerie-vinea.fr\/it\/wp-content\/uploads\/2022\/10\/DSC_0039-1024x685.jpg 1024w, https:\/\/www.tonnellerie-vinea.fr\/it\/wp-content\/uploads\/2022\/10\/DSC_0039-300x201.jpg 300w, https:\/\/www.tonnellerie-vinea.fr\/it\/wp-content\/uploads\/2022\/10\/DSC_0039-768x514.jpg 768w, https:\/\/www.tonnellerie-vinea.fr\/it\/wp-content\/uploads\/2022\/10\/DSC_0039-1536x1028.jpg 1536w, https:\/\/www.tonnellerie-vinea.fr\/it\/wp-content\/uploads\/2022\/10\/DSC_0039.jpg 1859w\" sizes=\"auto, (max-width: 512px) 100vw, 512px\" \/><\/figure>\n<\/div>\n<\/div>\n","protected":false},"excerpt":{"rendered":"<p>Chi siamo In the wood for love\u2026 Dal 1994 Vin\u00e9a \u00e8 specializzata nel complesso universo del legno di quercia per vini e distillati. La vocazione dell&rsquo;azienda \u00e8 la progettazione, la produzione e la commercializzazione di barrique e prodotti enologici in rovere di alta qualit\u00e0 organolettica. Uno straordinario know-how per una produzione su misura. Una struttura [&hellip;]<\/p>\n","protected":false},"author":1,"featured_media":0,"parent":0,"menu_order":0,"comment_status":"closed","ping_status":"closed","template":"page-base-gutenberg.php","meta":{"_acf_changed":false,"_uag_custom_page_level_css":"","footnotes":""},"class_list":["post-19","page","type-page","status-publish","hentry"],"acf":[],"yoast_head":"<!-- This site is optimized with the Yoast SEO plugin v26.8 - https:\/\/yoast.com\/product\/yoast-seo-wordpress\/ -->\n<title>Chi siamo - Tonnellerie Vinea 2022<\/title>\n<meta name=\"robots\" content=\"index, follow, max-snippet:-1, max-image-preview:large, max-video-preview:-1\" \/>\n<link rel=\"canonical\" href=\"https:\/\/www.tonnellerie-vinea.fr\/it\/chi-siamo\/\" \/>\n<meta property=\"og:locale\" content=\"fr_FR\" \/>\n<meta property=\"og:type\" content=\"article\" \/>\n<meta property=\"og:title\" content=\"Chi siamo - Tonnellerie Vinea 2022\" \/>\n<meta property=\"og:description\" content=\"Chi siamo In the wood for love\u2026 Dal 1994 Vin\u00e9a \u00e8 specializzata nel complesso universo del legno di quercia per vini e distillati. La vocazione dell&rsquo;azienda \u00e8 la progettazione, la produzione e la commercializzazione di barrique e prodotti enologici in rovere di alta qualit\u00e0 organolettica. Uno straordinario know-how per una produzione su misura. Una struttura [&hellip;]\" \/>\n<meta property=\"og:url\" content=\"https:\/\/www.tonnellerie-vinea.fr\/it\/chi-siamo\/\" \/>\n<meta property=\"og:site_name\" content=\"Tonnellerie Vinea 2022\" \/>\n<meta property=\"article:publisher\" content=\"https:\/\/www.facebook.com\/tonnellerievinea\/\" \/>\n<meta property=\"article:modified_time\" content=\"2023-01-28T16:33:40+00:00\" \/>\n<meta property=\"og:image\" content=\"https:\/\/www.tonnellerie-vinea.fr\/it\/wp-content\/uploads\/2022\/10\/100803PAR-5833.jpg\" \/>\n<meta name=\"twitter:card\" content=\"summary_large_image\" \/>\n<meta name=\"twitter:label1\" content=\"Dur\u00e9e de lecture estim\u00e9e\" \/>\n\t<meta name=\"twitter:data1\" content=\"2 minutes\" \/>\n<script type=\"application\/ld+json\" class=\"yoast-schema-graph\">{\"@context\":\"https:\/\/schema.org\",\"@graph\":[{\"@type\":\"WebPage\",\"@id\":\"https:\/\/www.tonnellerie-vinea.fr\/it\/chi-siamo\/\",\"url\":\"https:\/\/www.tonnellerie-vinea.fr\/it\/chi-siamo\/\",\"name\":\"Chi siamo - Tonnellerie Vinea 2022\",\"isPartOf\":{\"@id\":\"https:\/\/www.tonnellerie-vinea.fr\/it\/#website\"},\"primaryImageOfPage\":{\"@id\":\"https:\/\/www.tonnellerie-vinea.fr\/it\/chi-siamo\/#primaryimage\"},\"image\":{\"@id\":\"https:\/\/www.tonnellerie-vinea.fr\/it\/chi-siamo\/#primaryimage\"},\"thumbnailUrl\":\"https:\/\/www.tonnellerie-vinea.fr\/it\/wp-content\/uploads\/2022\/10\/100803PAR-5833.jpg\",\"datePublished\":\"2022-10-03T13:39:57+00:00\",\"dateModified\":\"2023-01-28T16:33:40+00:00\",\"breadcrumb\":{\"@id\":\"https:\/\/www.tonnellerie-vinea.fr\/it\/chi-siamo\/#breadcrumb\"},\"inLanguage\":\"fr-FR\",\"potentialAction\":[{\"@type\":\"ReadAction\",\"target\":[\"https:\/\/www.tonnellerie-vinea.fr\/it\/chi-siamo\/\"]}]},{\"@type\":\"ImageObject\",\"inLanguage\":\"fr-FR\",\"@id\":\"https:\/\/www.tonnellerie-vinea.fr\/it\/chi-siamo\/#primaryimage\",\"url\":\"https:\/\/www.tonnellerie-vinea.fr\/it\/wp-content\/uploads\/2022\/10\/100803PAR-5833.jpg\",\"contentUrl\":\"https:\/\/www.tonnellerie-vinea.fr\/it\/wp-content\/uploads\/2022\/10\/100803PAR-5833.jpg\",\"width\":850,\"height\":567},{\"@type\":\"BreadcrumbList\",\"@id\":\"https:\/\/www.tonnellerie-vinea.fr\/it\/chi-siamo\/#breadcrumb\",\"itemListElement\":[{\"@type\":\"ListItem\",\"position\":1,\"name\":\"Accueil\",\"item\":\"https:\/\/www.tonnellerie-vinea.fr\/it\/\"},{\"@type\":\"ListItem\",\"position\":2,\"name\":\"Chi siamo\"}]},{\"@type\":\"WebSite\",\"@id\":\"https:\/\/www.tonnellerie-vinea.fr\/it\/#website\",\"url\":\"https:\/\/www.tonnellerie-vinea.fr\/it\/\",\"name\":\"Tonnellerie Vinea\",\"description\":\"Un site utilisant WordPress\",\"publisher\":{\"@id\":\"https:\/\/www.tonnellerie-vinea.fr\/it\/#organization\"},\"potentialAction\":[{\"@type\":\"SearchAction\",\"target\":{\"@type\":\"EntryPoint\",\"urlTemplate\":\"https:\/\/www.tonnellerie-vinea.fr\/it\/?s={search_term_string}\"},\"query-input\":{\"@type\":\"PropertyValueSpecification\",\"valueRequired\":true,\"valueName\":\"search_term_string\"}}],\"inLanguage\":\"fr-FR\"},{\"@type\":\"Organization\",\"@id\":\"https:\/\/www.tonnellerie-vinea.fr\/it\/#organization\",\"name\":\"Tonnellerie Vinea\",\"url\":\"https:\/\/www.tonnellerie-vinea.fr\/it\/\",\"logo\":{\"@type\":\"ImageObject\",\"inLanguage\":\"fr-FR\",\"@id\":\"https:\/\/www.tonnellerie-vinea.fr\/it\/#\/schema\/logo\/image\/\",\"url\":\"https:\/\/www.tonnellerie-vinea.fr\/it\/wp-content\/uploads\/2022\/10\/logo-tonnellerie-vinea-coul.svg\",\"contentUrl\":\"https:\/\/www.tonnellerie-vinea.fr\/it\/wp-content\/uploads\/2022\/10\/logo-tonnellerie-vinea-coul.svg\",\"width\":349,\"height\":309,\"caption\":\"Tonnellerie Vinea\"},\"image\":{\"@id\":\"https:\/\/www.tonnellerie-vinea.fr\/it\/#\/schema\/logo\/image\/\"},\"sameAs\":[\"https:\/\/www.facebook.com\/tonnellerievinea\/\",\"https:\/\/www.linkedin.com\/showcase\/tonnellerie-vinea\/about\/\",\"https:\/\/www.instagram.com\/tonnellerievinea\/\"]}]}<\/script>\n<!-- \/ Yoast SEO plugin. -->","yoast_head_json":{"title":"Chi siamo - Tonnellerie Vinea 2022","robots":{"index":"index","follow":"follow","max-snippet":"max-snippet:-1","max-image-preview":"max-image-preview:large","max-video-preview":"max-video-preview:-1"},"canonical":"https:\/\/www.tonnellerie-vinea.fr\/it\/chi-siamo\/","og_locale":"fr_FR","og_type":"article","og_title":"Chi siamo - Tonnellerie Vinea 2022","og_description":"Chi siamo In the wood for love\u2026 Dal 1994 Vin\u00e9a \u00e8 specializzata nel complesso universo del legno di quercia per vini e distillati. La vocazione dell&rsquo;azienda \u00e8 la progettazione, la produzione e la commercializzazione di barrique e prodotti enologici in rovere di alta qualit\u00e0 organolettica. Uno straordinario know-how per una produzione su misura. Una struttura [&hellip;]","og_url":"https:\/\/www.tonnellerie-vinea.fr\/it\/chi-siamo\/","og_site_name":"Tonnellerie Vinea 2022","article_publisher":"https:\/\/www.facebook.com\/tonnellerievinea\/","article_modified_time":"2023-01-28T16:33:40+00:00","og_image":[{"url":"https:\/\/www.tonnellerie-vinea.fr\/it\/wp-content\/uploads\/2022\/10\/100803PAR-5833.jpg","type":"","width":"","height":""}],"twitter_card":"summary_large_image","twitter_misc":{"Dur\u00e9e de lecture estim\u00e9e":"2 minutes"},"schema":{"@context":"https:\/\/schema.org","@graph":[{"@type":"WebPage","@id":"https:\/\/www.tonnellerie-vinea.fr\/it\/chi-siamo\/","url":"https:\/\/www.tonnellerie-vinea.fr\/it\/chi-siamo\/","name":"Chi siamo - Tonnellerie Vinea 2022","isPartOf":{"@id":"https:\/\/www.tonnellerie-vinea.fr\/it\/#website"},"primaryImageOfPage":{"@id":"https:\/\/www.tonnellerie-vinea.fr\/it\/chi-siamo\/#primaryimage"},"image":{"@id":"https:\/\/www.tonnellerie-vinea.fr\/it\/chi-siamo\/#primaryimage"},"thumbnailUrl":"https:\/\/www.tonnellerie-vinea.fr\/it\/wp-content\/uploads\/2022\/10\/100803PAR-5833.jpg","datePublished":"2022-10-03T13:39:57+00:00","dateModified":"2023-01-28T16:33:40+00:00","breadcrumb":{"@id":"https:\/\/www.tonnellerie-vinea.fr\/it\/chi-siamo\/#breadcrumb"},"inLanguage":"fr-FR","potentialAction":[{"@type":"ReadAction","target":["https:\/\/www.tonnellerie-vinea.fr\/it\/chi-siamo\/"]}]},{"@type":"ImageObject","inLanguage":"fr-FR","@id":"https:\/\/www.tonnellerie-vinea.fr\/it\/chi-siamo\/#primaryimage","url":"https:\/\/www.tonnellerie-vinea.fr\/it\/wp-content\/uploads\/2022\/10\/100803PAR-5833.jpg","contentUrl":"https:\/\/www.tonnellerie-vinea.fr\/it\/wp-content\/uploads\/2022\/10\/100803PAR-5833.jpg","width":850,"height":567},{"@type":"BreadcrumbList","@id":"https:\/\/www.tonnellerie-vinea.fr\/it\/chi-siamo\/#breadcrumb","itemListElement":[{"@type":"ListItem","position":1,"name":"Accueil","item":"https:\/\/www.tonnellerie-vinea.fr\/it\/"},{"@type":"ListItem","position":2,"name":"Chi siamo"}]},{"@type":"WebSite","@id":"https:\/\/www.tonnellerie-vinea.fr\/it\/#website","url":"https:\/\/www.tonnellerie-vinea.fr\/it\/","name":"Tonnellerie Vinea","description":"Un site utilisant WordPress","publisher":{"@id":"https:\/\/www.tonnellerie-vinea.fr\/it\/#organization"},"potentialAction":[{"@type":"SearchAction","target":{"@type":"EntryPoint","urlTemplate":"https:\/\/www.tonnellerie-vinea.fr\/it\/?s={search_term_string}"},"query-input":{"@type":"PropertyValueSpecification","valueRequired":true,"valueName":"search_term_string"}}],"inLanguage":"fr-FR"},{"@type":"Organization","@id":"https:\/\/www.tonnellerie-vinea.fr\/it\/#organization","name":"Tonnellerie Vinea","url":"https:\/\/www.tonnellerie-vinea.fr\/it\/","logo":{"@type":"ImageObject","inLanguage":"fr-FR","@id":"https:\/\/www.tonnellerie-vinea.fr\/it\/#\/schema\/logo\/image\/","url":"https:\/\/www.tonnellerie-vinea.fr\/it\/wp-content\/uploads\/2022\/10\/logo-tonnellerie-vinea-coul.svg","contentUrl":"https:\/\/www.tonnellerie-vinea.fr\/it\/wp-content\/uploads\/2022\/10\/logo-tonnellerie-vinea-coul.svg","width":349,"height":309,"caption":"Tonnellerie Vinea"},"image":{"@id":"https:\/\/www.tonnellerie-vinea.fr\/it\/#\/schema\/logo\/image\/"},"sameAs":["https:\/\/www.facebook.com\/tonnellerievinea\/","https:\/\/www.linkedin.com\/showcase\/tonnellerie-vinea\/about\/","https:\/\/www.instagram.com\/tonnellerievinea\/"]}]}},"uagb_featured_image_src":{"full":false,"thumbnail":false,"medium":false,"medium_large":false,"large":false,"1536x1536":false,"2048x2048":false},"uagb_author_info":{"display_name":"franck","author_link":"https:\/\/www.tonnellerie-vinea.fr\/it\/author\/franck\/"},"uagb_comment_info":0,"uagb_excerpt":"Chi siamo In the wood for love\u2026 Dal 1994 Vin\u00e9a \u00e8 specializzata nel complesso universo del legno di quercia per vini e distillati. La vocazione dell&rsquo;azienda \u00e8 la progettazione, la produzione e la commercializzazione di barrique e prodotti enologici in rovere di alta qualit\u00e0 organolettica. Uno straordinario know-how per una produzione su misura. Una struttura\u2026","_links":{"self":[{"href":"https:\/\/www.tonnellerie-vinea.fr\/it\/wp-json\/wp\/v2\/pages\/19","targetHints":{"allow":["GET"]}}],"collection":[{"href":"https:\/\/www.tonnellerie-vinea.fr\/it\/wp-json\/wp\/v2\/pages"}],"about":[{"href":"https:\/\/www.tonnellerie-vinea.fr\/it\/wp-json\/wp\/v2\/types\/page"}],"author":[{"embeddable":true,"href":"https:\/\/www.tonnellerie-vinea.fr\/it\/wp-json\/wp\/v2\/users\/1"}],"replies":[{"embeddable":true,"href":"https:\/\/www.tonnellerie-vinea.fr\/it\/wp-json\/wp\/v2\/comments?post=19"}],"version-history":[{"count":81,"href":"https:\/\/www.tonnellerie-vinea.fr\/it\/wp-json\/wp\/v2\/pages\/19\/revisions"}],"predecessor-version":[{"id":914,"href":"https:\/\/www.tonnellerie-vinea.fr\/it\/wp-json\/wp\/v2\/pages\/19\/revisions\/914"}],"wp:attachment":[{"href":"https:\/\/www.tonnellerie-vinea.fr\/it\/wp-json\/wp\/v2\/media?parent=19"}],"curies":[{"name":"wp","href":"https:\/\/api.w.org\/{rel}","templated":true}]}}