{"id":23,"date":"2022-10-03T15:40:32","date_gmt":"2022-10-03T13:40:32","guid":{"rendered":"https:\/\/agence-fleurie.com\/vinea\/?page_id=23"},"modified":"2023-01-28T17:42:29","modified_gmt":"2023-01-28T16:42:29","slug":"il-rovere","status":"publish","type":"page","link":"https:\/\/www.tonnellerie-vinea.fr\/it\/il-rovere\/","title":{"rendered":"Il rovere"},"content":{"rendered":"\n<section class=\"wp-block-uagb-container header-titre-page uagb-block-32a8da34 alignfull uagb-is-root-container\"><div class=\"uagb-container-inner-blocks-wrap\">\n<div class=\"wp-block-uagb-container uagb-block-056a47d1\"><\/div>\n\n\n\n<div class=\"wp-block-uagb-container uagb-block-09466894\">\n<div class=\"wp-block-uagb-container uag-blocks-common-selector uagb-block-54fb9c86\">\n<h1 class=\"has-text-align-center has-x-large-font-size wp-block-heading\">Il rovere<\/h1>\n<\/div>\n<\/div>\n<\/div><\/section>\n\n\n\n<div class=\"wp-block-uagb-container section-2col uagb-block-7c20063a alignwide uagb-is-root-container\">\n<div class=\"wp-block-uagb-container uagb-block-712ff8b3\">\n<h2 class=\"wp-block-heading\">Qualit\u00e0<\/h2>\n\n\n\n<p>Vin\u00e9a si appoggia sul know-how dei suoi <strong>partner merrandie<\/strong>r per selezionare con estremo rigore i roveri provenienti da boschi d\u2019alto fusto, primo pilastro della garanzia di qualit\u00e0 delle barrique e dei prodotti in legno Aromoak.<br>L\u2019acquisto del rovere francese a grana fine o finissima (Quercus) passa da questi partner presso l\u2019Ufficio Nazionale delle Foreste francesi (ONF).<br>Per quello dei roveri americani, un gruppo di merrandier specializzati ne riceve incarico secondo gli standard della carta di qualit\u00e0 Mendocino.<\/p>\n<\/div>\n\n\n\n<div class=\"wp-block-uagb-container uagb-block-3c64ff84\"><\/div>\n<\/div>\n\n\n\n<div class=\"wp-block-uagb-container section-2col uagb-block-5c55854d alignwide uagb-is-root-container\">\n<div class=\"wp-block-uagb-container desktop uagb-block-1f01cc41\"><\/div>\n\n\n\n<div class=\"wp-block-uagb-container uagb-block-041f1e49\">\n<h2 class=\"wp-block-heading\">Tracciabilit\u00e0 e controllo<\/h2>\n\n\n\n<p>Analisi e controlli del legno vengono eseguiti in un laboratorio indipendente mediante campionature regolari, al fine di prevenire i vari contaminanti che potrebbero influire sulla qualit\u00e0 dell\u2019affinamento.<\/p>\n\n\n\n<p>Garantiamo ai viticoltori <strong>la tracciabilit\u00e0 di ogni barrique<\/strong> e di ciascun prodotto enologico Aromoak, assicurando la massima trasparenza nei processi di trasformazione delle materie prime<\/p>\n\n\n\n<p>I legni per l\u2019enologia di rovere francese Aromoak possono essere utilizzati in <strong>Agricoltura Biologica<\/strong> e tutte le barrique Vin\u00e9a sono garantite gluten free.<\/p>\n<\/div>\n\n\n\n<div class=\"wp-block-uagb-container smart uagb-block-d88dd8ab\"><\/div>\n<\/div>\n\n\n\n<div class=\"wp-block-uagb-container section-2col uagb-block-b82ec5a4 alignwide uagb-is-root-container\">\n<div class=\"wp-block-uagb-container uagb-block-f7bc09b4\">\n<h2 class=\"wp-block-heading\">Maturazione<\/h2>\n\n\n\n<p>La maturazione del legno \u00e8 un elemento essenziale volto a far emergere le caratteristiche aromatiche che determineranno la qualit\u00e0 della barrique e dei prodotti enologici di Vin\u00e9a.<\/p>\n\n\n\n<p>Un parco di maturazione di 11 000 m\u00b2 a St Germain de Lusignan \u00e8 interamente dedicato alla fase di maturazione dei merrain che saranno utilizzati per la produzione delle barrique.<\/p>\n<\/div>\n\n\n\n<div class=\"wp-block-uagb-container uagb-block-5edab8ad\"><\/div>\n<\/div>\n\n\n\n<div class=\"wp-block-uagb-container section-2col uagb-block-61c10a4e alignwide uagb-is-root-container\">\n<div class=\"wp-block-uagb-container desktop uagb-block-52f94765\"><\/div>\n\n\n\n<div class=\"wp-block-uagb-container uagb-block-e63d5d71\">\n<h2 class=\"wp-block-heading\">Essiccazione<\/h2>\n\n\n\n<p>Le doghe sono controllate una per una, impilate e stoccate per un periodo di almeno 24 mesi presso il parco di maturazione. Rimarranno cos\u00ec esposte al sole, al vento e alla pioggia per raggiungere la maturazione necessaria a garantire la qualit\u00e0 del processo.<\/p>\n\n\n\n<p>Il legno di rovere deve essere sottoposto a un <strong>processo di affinamento lento <\/strong>e naturale al termine del quale il tasso di umidit\u00e0 passa dal 50% a circa il 12%.<br>Solo a quel punto, il profilo aromatico del rovere potr\u00e0 rivelarsi ed affermarsi.<\/p>\n\n\n\n<p>L\u2019essiccazione \u00e8 un fattore che gioca un ruolo cruciale nell\u2019eleganza aromatica. Il periodo di essiccazione \u00e8 di almeno 36 mesi per i roveri francesi utilizzati per la gamma AROMOAK.<\/p>\n\n\n\n<p>Vin\u00e9a vigila costantemente a garantire un\u2019essiccazione senza irrigazione.<\/p>\n<\/div>\n\n\n\n<div class=\"wp-block-uagb-container smart uagb-block-387081bf\"><\/div>\n<\/div>\n","protected":false},"excerpt":{"rendered":"<p>Il rovere Qualit\u00e0 Vin\u00e9a si appoggia sul know-how dei suoi partner merrandier per selezionare con estremo rigore i roveri provenienti da boschi d\u2019alto fusto, primo pilastro della garanzia di qualit\u00e0 delle barrique e dei prodotti in legno Aromoak.L\u2019acquisto del rovere francese a grana fine o finissima (Quercus) passa da questi partner presso l\u2019Ufficio Nazionale delle [&hellip;]<\/p>\n","protected":false},"author":1,"featured_media":0,"parent":0,"menu_order":0,"comment_status":"closed","ping_status":"closed","template":"page-base-gutenberg.php","meta":{"_acf_changed":false,"_uag_custom_page_level_css":"","footnotes":""},"class_list":["post-23","page","type-page","status-publish","hentry"],"acf":[],"yoast_head":"<!-- This site is optimized with the Yoast SEO plugin v26.8 - https:\/\/yoast.com\/product\/yoast-seo-wordpress\/ -->\n<title>Il rovere - Tonnellerie Vinea 2022<\/title>\n<meta name=\"robots\" content=\"index, follow, max-snippet:-1, max-image-preview:large, max-video-preview:-1\" \/>\n<link rel=\"canonical\" href=\"https:\/\/www.tonnellerie-vinea.fr\/it\/il-rovere\/\" \/>\n<meta property=\"og:locale\" content=\"fr_FR\" \/>\n<meta property=\"og:type\" content=\"article\" \/>\n<meta property=\"og:title\" content=\"Il rovere - Tonnellerie Vinea 2022\" \/>\n<meta property=\"og:description\" content=\"Il rovere Qualit\u00e0 Vin\u00e9a si appoggia sul know-how dei suoi partner merrandier per selezionare con estremo rigore i roveri provenienti da boschi d\u2019alto fusto, primo pilastro della garanzia di qualit\u00e0 delle barrique e dei prodotti in legno Aromoak.L\u2019acquisto del rovere francese a grana fine o finissima (Quercus) passa da questi partner presso l\u2019Ufficio Nazionale delle [&hellip;]\" \/>\n<meta property=\"og:url\" content=\"https:\/\/www.tonnellerie-vinea.fr\/it\/il-rovere\/\" \/>\n<meta property=\"og:site_name\" content=\"Tonnellerie Vinea 2022\" \/>\n<meta property=\"article:publisher\" content=\"https:\/\/www.facebook.com\/tonnellerievinea\/\" \/>\n<meta property=\"article:modified_time\" content=\"2023-01-28T16:42:29+00:00\" \/>\n<meta name=\"twitter:card\" content=\"summary_large_image\" \/>\n<meta name=\"twitter:label1\" content=\"Dur\u00e9e de lecture estim\u00e9e\" \/>\n\t<meta name=\"twitter:data1\" content=\"2 minutes\" \/>\n<script type=\"application\/ld+json\" class=\"yoast-schema-graph\">{\"@context\":\"https:\/\/schema.org\",\"@graph\":[{\"@type\":\"WebPage\",\"@id\":\"https:\/\/www.tonnellerie-vinea.fr\/it\/il-rovere\/\",\"url\":\"https:\/\/www.tonnellerie-vinea.fr\/it\/il-rovere\/\",\"name\":\"Il rovere - Tonnellerie Vinea 2022\",\"isPartOf\":{\"@id\":\"https:\/\/www.tonnellerie-vinea.fr\/it\/#website\"},\"datePublished\":\"2022-10-03T13:40:32+00:00\",\"dateModified\":\"2023-01-28T16:42:29+00:00\",\"breadcrumb\":{\"@id\":\"https:\/\/www.tonnellerie-vinea.fr\/it\/il-rovere\/#breadcrumb\"},\"inLanguage\":\"fr-FR\",\"potentialAction\":[{\"@type\":\"ReadAction\",\"target\":[\"https:\/\/www.tonnellerie-vinea.fr\/it\/il-rovere\/\"]}]},{\"@type\":\"BreadcrumbList\",\"@id\":\"https:\/\/www.tonnellerie-vinea.fr\/it\/il-rovere\/#breadcrumb\",\"itemListElement\":[{\"@type\":\"ListItem\",\"position\":1,\"name\":\"Accueil\",\"item\":\"https:\/\/www.tonnellerie-vinea.fr\/it\/\"},{\"@type\":\"ListItem\",\"position\":2,\"name\":\"Il rovere\"}]},{\"@type\":\"WebSite\",\"@id\":\"https:\/\/www.tonnellerie-vinea.fr\/it\/#website\",\"url\":\"https:\/\/www.tonnellerie-vinea.fr\/it\/\",\"name\":\"Tonnellerie Vinea\",\"description\":\"Un site utilisant WordPress\",\"publisher\":{\"@id\":\"https:\/\/www.tonnellerie-vinea.fr\/it\/#organization\"},\"potentialAction\":[{\"@type\":\"SearchAction\",\"target\":{\"@type\":\"EntryPoint\",\"urlTemplate\":\"https:\/\/www.tonnellerie-vinea.fr\/it\/?s={search_term_string}\"},\"query-input\":{\"@type\":\"PropertyValueSpecification\",\"valueRequired\":true,\"valueName\":\"search_term_string\"}}],\"inLanguage\":\"fr-FR\"},{\"@type\":\"Organization\",\"@id\":\"https:\/\/www.tonnellerie-vinea.fr\/it\/#organization\",\"name\":\"Tonnellerie Vinea\",\"url\":\"https:\/\/www.tonnellerie-vinea.fr\/it\/\",\"logo\":{\"@type\":\"ImageObject\",\"inLanguage\":\"fr-FR\",\"@id\":\"https:\/\/www.tonnellerie-vinea.fr\/it\/#\/schema\/logo\/image\/\",\"url\":\"https:\/\/www.tonnellerie-vinea.fr\/it\/wp-content\/uploads\/2022\/10\/logo-tonnellerie-vinea-coul.svg\",\"contentUrl\":\"https:\/\/www.tonnellerie-vinea.fr\/it\/wp-content\/uploads\/2022\/10\/logo-tonnellerie-vinea-coul.svg\",\"width\":349,\"height\":309,\"caption\":\"Tonnellerie Vinea\"},\"image\":{\"@id\":\"https:\/\/www.tonnellerie-vinea.fr\/it\/#\/schema\/logo\/image\/\"},\"sameAs\":[\"https:\/\/www.facebook.com\/tonnellerievinea\/\",\"https:\/\/www.linkedin.com\/showcase\/tonnellerie-vinea\/about\/\",\"https:\/\/www.instagram.com\/tonnellerievinea\/\"]}]}<\/script>\n<!-- \/ Yoast SEO plugin. -->","yoast_head_json":{"title":"Il rovere - Tonnellerie Vinea 2022","robots":{"index":"index","follow":"follow","max-snippet":"max-snippet:-1","max-image-preview":"max-image-preview:large","max-video-preview":"max-video-preview:-1"},"canonical":"https:\/\/www.tonnellerie-vinea.fr\/it\/il-rovere\/","og_locale":"fr_FR","og_type":"article","og_title":"Il rovere - Tonnellerie Vinea 2022","og_description":"Il rovere Qualit\u00e0 Vin\u00e9a si appoggia sul know-how dei suoi partner merrandier per selezionare con estremo rigore i roveri provenienti da boschi d\u2019alto fusto, primo pilastro della garanzia di qualit\u00e0 delle barrique e dei prodotti in legno Aromoak.L\u2019acquisto del rovere francese a grana fine o finissima (Quercus) passa da questi partner presso l\u2019Ufficio Nazionale delle [&hellip;]","og_url":"https:\/\/www.tonnellerie-vinea.fr\/it\/il-rovere\/","og_site_name":"Tonnellerie Vinea 2022","article_publisher":"https:\/\/www.facebook.com\/tonnellerievinea\/","article_modified_time":"2023-01-28T16:42:29+00:00","twitter_card":"summary_large_image","twitter_misc":{"Dur\u00e9e de lecture estim\u00e9e":"2 minutes"},"schema":{"@context":"https:\/\/schema.org","@graph":[{"@type":"WebPage","@id":"https:\/\/www.tonnellerie-vinea.fr\/it\/il-rovere\/","url":"https:\/\/www.tonnellerie-vinea.fr\/it\/il-rovere\/","name":"Il rovere - Tonnellerie Vinea 2022","isPartOf":{"@id":"https:\/\/www.tonnellerie-vinea.fr\/it\/#website"},"datePublished":"2022-10-03T13:40:32+00:00","dateModified":"2023-01-28T16:42:29+00:00","breadcrumb":{"@id":"https:\/\/www.tonnellerie-vinea.fr\/it\/il-rovere\/#breadcrumb"},"inLanguage":"fr-FR","potentialAction":[{"@type":"ReadAction","target":["https:\/\/www.tonnellerie-vinea.fr\/it\/il-rovere\/"]}]},{"@type":"BreadcrumbList","@id":"https:\/\/www.tonnellerie-vinea.fr\/it\/il-rovere\/#breadcrumb","itemListElement":[{"@type":"ListItem","position":1,"name":"Accueil","item":"https:\/\/www.tonnellerie-vinea.fr\/it\/"},{"@type":"ListItem","position":2,"name":"Il rovere"}]},{"@type":"WebSite","@id":"https:\/\/www.tonnellerie-vinea.fr\/it\/#website","url":"https:\/\/www.tonnellerie-vinea.fr\/it\/","name":"Tonnellerie Vinea","description":"Un site utilisant WordPress","publisher":{"@id":"https:\/\/www.tonnellerie-vinea.fr\/it\/#organization"},"potentialAction":[{"@type":"SearchAction","target":{"@type":"EntryPoint","urlTemplate":"https:\/\/www.tonnellerie-vinea.fr\/it\/?s={search_term_string}"},"query-input":{"@type":"PropertyValueSpecification","valueRequired":true,"valueName":"search_term_string"}}],"inLanguage":"fr-FR"},{"@type":"Organization","@id":"https:\/\/www.tonnellerie-vinea.fr\/it\/#organization","name":"Tonnellerie Vinea","url":"https:\/\/www.tonnellerie-vinea.fr\/it\/","logo":{"@type":"ImageObject","inLanguage":"fr-FR","@id":"https:\/\/www.tonnellerie-vinea.fr\/it\/#\/schema\/logo\/image\/","url":"https:\/\/www.tonnellerie-vinea.fr\/it\/wp-content\/uploads\/2022\/10\/logo-tonnellerie-vinea-coul.svg","contentUrl":"https:\/\/www.tonnellerie-vinea.fr\/it\/wp-content\/uploads\/2022\/10\/logo-tonnellerie-vinea-coul.svg","width":349,"height":309,"caption":"Tonnellerie Vinea"},"image":{"@id":"https:\/\/www.tonnellerie-vinea.fr\/it\/#\/schema\/logo\/image\/"},"sameAs":["https:\/\/www.facebook.com\/tonnellerievinea\/","https:\/\/www.linkedin.com\/showcase\/tonnellerie-vinea\/about\/","https:\/\/www.instagram.com\/tonnellerievinea\/"]}]}},"uagb_featured_image_src":{"full":false,"thumbnail":false,"medium":false,"medium_large":false,"large":false,"1536x1536":false,"2048x2048":false},"uagb_author_info":{"display_name":"franck","author_link":"https:\/\/www.tonnellerie-vinea.fr\/it\/author\/franck\/"},"uagb_comment_info":0,"uagb_excerpt":"Il rovere Qualit\u00e0 Vin\u00e9a si appoggia sul know-how dei suoi partner merrandier per selezionare con estremo rigore i roveri provenienti da boschi d\u2019alto fusto, primo pilastro della garanzia di qualit\u00e0 delle barrique e dei prodotti in legno Aromoak.L\u2019acquisto del rovere francese a grana fine o finissima (Quercus) passa da questi partner presso l\u2019Ufficio Nazionale delle\u2026","_links":{"self":[{"href":"https:\/\/www.tonnellerie-vinea.fr\/it\/wp-json\/wp\/v2\/pages\/23","targetHints":{"allow":["GET"]}}],"collection":[{"href":"https:\/\/www.tonnellerie-vinea.fr\/it\/wp-json\/wp\/v2\/pages"}],"about":[{"href":"https:\/\/www.tonnellerie-vinea.fr\/it\/wp-json\/wp\/v2\/types\/page"}],"author":[{"embeddable":true,"href":"https:\/\/www.tonnellerie-vinea.fr\/it\/wp-json\/wp\/v2\/users\/1"}],"replies":[{"embeddable":true,"href":"https:\/\/www.tonnellerie-vinea.fr\/it\/wp-json\/wp\/v2\/comments?post=23"}],"version-history":[{"count":20,"href":"https:\/\/www.tonnellerie-vinea.fr\/it\/wp-json\/wp\/v2\/pages\/23\/revisions"}],"predecessor-version":[{"id":917,"href":"https:\/\/www.tonnellerie-vinea.fr\/it\/wp-json\/wp\/v2\/pages\/23\/revisions\/917"}],"wp:attachment":[{"href":"https:\/\/www.tonnellerie-vinea.fr\/it\/wp-json\/wp\/v2\/media?parent=23"}],"curies":[{"name":"wp","href":"https:\/\/api.w.org\/{rel}","templated":true}]}}