{"id":346,"date":"2022-11-05T10:15:54","date_gmt":"2022-11-05T09:15:54","guid":{"rendered":"https:\/\/www.tonnellerie-vinea.fr\/2022\/?page_id=346"},"modified":"2023-01-28T18:27:54","modified_gmt":"2023-01-28T17:27:54","slug":"note-legali","status":"publish","type":"page","link":"https:\/\/www.tonnellerie-vinea.fr\/it\/note-legali\/","title":{"rendered":"Note legali"},"content":{"rendered":"\n<section class=\"wp-block-uagb-container header-titre-page uagb-block-9bbbe420 alignfull uagb-is-root-container\"><div class=\"uagb-container-inner-blocks-wrap\">\n<div class=\"wp-block-uagb-container uagb-block-480a80be\"><\/div>\n\n\n\n<div class=\"wp-block-uagb-container uagb-block-533144cd\">\n<div class=\"wp-block-uagb-container uag-blocks-common-selector uagb-block-32280aa1\">\n<h1 class=\"has-text-align-center has-x-large-font-size wp-block-heading\">Note legali<\/h1>\n<\/div>\n<\/div>\n<\/div><\/section>\n\n\n\n<div class=\"wp-block-uagb-container page-generique contact uagb-block-483fbcd1 alignfull uagb-is-root-container\"><div class=\"uagb-container-inner-blocks-wrap\">\n<p>En vertu de l&rsquo;article 6 de la loi n\u00b0 2004-575 du 21 juin 2004 pour la confiance dans l&rsquo;\u00e9conomie num\u00e9rique, il est pr\u00e9cis\u00e9 aux utilisateurs du site www.tonnellerie-vinea.fr l&rsquo;identit\u00e9 des diff\u00e9rents intervenants dans le cadre de sa r\u00e9alisation et de son suivi :<\/p>\n\n\n\n<h4 class=\"wp-block-heading\">Editeur<\/h4>\n\n\n\n<p><strong>Tonnellerie Vin\u00e9a, Vin\u00e9a SAS<br>Si\u00e8ge social :<br><\/strong>ZA Chaume de Bel Air<br>45, Route de Saint Genis<br>17500 SAINT GERMAIN DE LUSIGNAN \u2013 France<\/p>\n\n\n\n<p><strong>Capital social :<\/strong>341 695 euros<br><strong>RCS :<\/strong> JONZAC 94B23<br><strong>TVA :<\/strong> FR26395237498<\/p>\n\n\n\n<p><strong>Responsable de la publication : <\/strong>Jean-Christophe VARRON<br><strong>Email : <\/strong>contact@tonnellerie-vinea.fr<br><strong>T\u00e9l\u00e9phone :<\/strong> +33 (0)5 46 48 50 98<\/p>\n\n\n\n<p><strong>Site r\u00e9alis\u00e9 et h\u00e9berg\u00e9 par :<\/strong><br><strong>Agence Fleurie<\/strong><br>www.agence-fleurie.com<\/p>\n\n\n\n<p><strong>Cr\u00e9dits photos :<\/strong> Vin\u00e9a SAS.<\/p>\n\n\n\n<figure><\/figure>\n\n\n\n<h4 class=\"wp-block-heading\">Informatique et Libert\u00e9s<\/h4>\n\n\n\n<p>Les informations recueillies sur l\u2019Internaute par le biais de formulaires ne pourront \u00eatre divulgu\u00e9es sans son accord pr\u00e9alable sauf en cas d\u2019obligations r\u00e8glementaires ou l\u00e9gales. L\u2019Internaute dispose d\u2019un droit d\u2019acc\u00e8s, de modification ou de suppression des informations le concernant qu\u2019il peut exercer par simple courrier \u00e0 l\u2019adresse postale ci-dessous ou par e-mail.<\/p>\n\n\n\n<p>Conditions g\u00e9n\u00e9rales d\u2019utilisation du site et des services propos\u00e9s.<\/p>\n\n\n\n<p>L\u2019utilisation du site www.tonnellerie-vinea.fr implique l\u2019acceptation pleine et enti\u00e8re des conditions g\u00e9n\u00e9rales d\u2019utilisation ci-apr\u00e8s d\u00e9crites. Ces conditions d\u2019utilisation sont susceptibles d\u2019\u00eatre modifi\u00e9es ou compl\u00e9t\u00e9es \u00e0 tout moment, les utilisateurs du site www.tonnellerie-vinea.fr sont donc invit\u00e9s \u00e0 les consulter de mani\u00e8re r\u00e9guli\u00e8re.<\/p>\n\n\n\n<figure><\/figure>\n\n\n\n<h4 class=\"wp-block-heading\">Droit applicable<\/h4>\n\n\n\n<p>Le Site et les pr\u00e9sentes mentions l\u00e9gales sont soumis au droit Fran\u00e7ais.<\/p>\n\n\n\n<p>Droit de propri\u00e9t\u00e9 intellectuelle Soci\u00e9t\u00e9 Vin\u00e9a SAS<\/p>\n\n\n\n<p>Le site est une \u0153uvre de l&rsquo;esprit prot\u00e9g\u00e9e par le droit de la propri\u00e9t\u00e9 intellectuelle. Le site et chacun des \u00e9l\u00e9ments qui le composent (tels que marques, logos, photographies, images, illustrations, textes, clips vid\u00e9o\u2026) sont la propri\u00e9t\u00e9 exclusive de Vin\u00e9a seule habilit\u00e9e \u00e0 utiliser les droits de propri\u00e9t\u00e9 intellectuelle et droits de la personnalit\u00e9 y aff\u00e9rents, celle-ci ne conc\u00e9dant aucune licence, ni aucun autre droit que celui de consulter le site. La reproduction, l\u2019utilisation, l\u2019exploitation de tout \u00e9l\u00e9ment de publication ou partie du site (texte, image, \u00e9l\u00e9ments de conception graphique,\u2026) sont interdites sans un accord au pr\u00e9alable de la part de Vin\u00e9a SAS.<br>Toute exploitation non autoris\u00e9e du site ou de l\u2019un quelconque des \u00e9l\u00e9ments qu\u2019il contient sera consid\u00e9r\u00e9e comme constitutive d\u2019une contrefa\u00e7on et poursuivie conform\u00e9ment aux dispositions des articles L.335-2 et suivants du Code de Propri\u00e9t\u00e9 Intellectuelle.<\/p>\n\n\n\n<figure><\/figure>\n\n\n\n<h4 class=\"wp-block-heading\">Utilisation du Site<\/h4>\n\n\n\n<p>Vin\u00e9a SAS s&rsquo;efforce de mettre \u00e0 jour le contenu du site et de d\u00e9livrer aux utilisateurs des informations exactes. Toutefois, Vin\u00e9a ne peut garantir l&rsquo;exactitude, la pr\u00e9cision ou l&rsquo;exhaustivit\u00e9 des donn\u00e9es figurant sur le site et d\u00e9cline toute responsabilit\u00e9 pour toute inexactitude ou omission portant sur des donn\u00e9es disponibles sur le site ainsi que pour tous dommages r\u00e9sultant d&rsquo;une intrusion frauduleuse d&rsquo;un tiers ayant entra\u00een\u00e9 une modification des dites donn\u00e9es. Toute erreur ou omission devra \u00eatre notifi\u00e9e \u00e0 l&rsquo;adresse suivante :<br>Tonnellerie Vin\u00e9a, ZA Chaume de Bel Air \u2013 45, Rte de St Genis \u2013 SAINT GERMAIN DE LUSIGNAN 17500 \u2013 FRANCE.<\/p>\n\n\n\n<figure><\/figure>\n\n\n\n<h4 class=\"wp-block-heading\">Acc\u00e8s au Site<\/h4>\n\n\n\n<p>Vin\u00e9a ne peut garantir que le site sera en permanence en ligne et s&rsquo;accorde le droit, \u00e0 sa compl\u00e8te discr\u00e9tion, de suspendre l&rsquo;acc\u00e8s de tout ou partie du contenu du Site.<\/p>\n\n\n\n<figure><\/figure>\n\n\n\n<h4 class=\"wp-block-heading\">Liens<\/h4>\n\n\n\n<p>Les liens hypertextes renvoyant vers d\u2019autres sites sont donn\u00e9s \u00e0 titre indicatif. La pr\u00e9sence de ces liens hypertextes vers d\u2019autres sites web ou adresses \u00e9lectroniques ne constitue pas une garantie sur le bon fonctionnement et la qualit\u00e9 des informations disponibles sur lesdits sites. Ces liens ne pourront en aucun cas engager la responsabilit\u00e9 de Vin\u00e9a SAS. L\u2019internaute doit utiliser ces informations avec les pr\u00e9cautions d\u2019usages.<\/p>\n<\/div><\/div>\n\n\n\n<figure><\/figure>\n","protected":false},"excerpt":{"rendered":"<p>Note legali En vertu de l&rsquo;article 6 de la loi n\u00b0 2004-575 du 21 juin 2004 pour la confiance dans l&rsquo;\u00e9conomie num\u00e9rique, il est pr\u00e9cis\u00e9 aux utilisateurs du site www.tonnellerie-vinea.fr l&rsquo;identit\u00e9 des diff\u00e9rents intervenants dans le cadre de sa r\u00e9alisation et de son suivi : Editeur Tonnellerie Vin\u00e9a, Vin\u00e9a SASSi\u00e8ge social :ZA Chaume de Bel [&hellip;]<\/p>\n","protected":false},"author":1,"featured_media":0,"parent":0,"menu_order":0,"comment_status":"closed","ping_status":"closed","template":"page-base-gutenberg.php","meta":{"_acf_changed":false,"_uag_custom_page_level_css":"","footnotes":""},"class_list":["post-346","page","type-page","status-publish","hentry"],"acf":[],"yoast_head":"<!-- This site is optimized with the Yoast SEO plugin v26.8 - https:\/\/yoast.com\/product\/yoast-seo-wordpress\/ -->\n<title>Note legali - Tonnellerie Vinea 2022<\/title>\n<meta name=\"robots\" content=\"index, follow, max-snippet:-1, max-image-preview:large, max-video-preview:-1\" \/>\n<link rel=\"canonical\" href=\"https:\/\/www.tonnellerie-vinea.fr\/it\/note-legali\/\" \/>\n<meta property=\"og:locale\" content=\"fr_FR\" \/>\n<meta property=\"og:type\" content=\"article\" \/>\n<meta property=\"og:title\" content=\"Note legali - Tonnellerie Vinea 2022\" \/>\n<meta property=\"og:description\" content=\"Note legali En vertu de l&rsquo;article 6 de la loi n\u00b0 2004-575 du 21 juin 2004 pour la confiance dans l&rsquo;\u00e9conomie num\u00e9rique, il est pr\u00e9cis\u00e9 aux utilisateurs du site www.tonnellerie-vinea.fr l&rsquo;identit\u00e9 des diff\u00e9rents intervenants dans le cadre de sa r\u00e9alisation et de son suivi : Editeur Tonnellerie Vin\u00e9a, Vin\u00e9a SASSi\u00e8ge social :ZA Chaume de Bel [&hellip;]\" \/>\n<meta property=\"og:url\" content=\"https:\/\/www.tonnellerie-vinea.fr\/it\/note-legali\/\" \/>\n<meta property=\"og:site_name\" content=\"Tonnellerie Vinea 2022\" \/>\n<meta property=\"article:publisher\" content=\"https:\/\/www.facebook.com\/tonnellerievinea\/\" \/>\n<meta property=\"article:modified_time\" content=\"2023-01-28T17:27:54+00:00\" \/>\n<meta name=\"twitter:card\" content=\"summary_large_image\" \/>\n<meta name=\"twitter:label1\" content=\"Dur\u00e9e de lecture estim\u00e9e\" \/>\n\t<meta name=\"twitter:data1\" content=\"3 minutes\" \/>\n<script type=\"application\/ld+json\" class=\"yoast-schema-graph\">{\"@context\":\"https:\/\/schema.org\",\"@graph\":[{\"@type\":\"WebPage\",\"@id\":\"https:\/\/www.tonnellerie-vinea.fr\/it\/note-legali\/\",\"url\":\"https:\/\/www.tonnellerie-vinea.fr\/it\/note-legali\/\",\"name\":\"Note legali - Tonnellerie Vinea 2022\",\"isPartOf\":{\"@id\":\"https:\/\/www.tonnellerie-vinea.fr\/it\/#website\"},\"datePublished\":\"2022-11-05T09:15:54+00:00\",\"dateModified\":\"2023-01-28T17:27:54+00:00\",\"breadcrumb\":{\"@id\":\"https:\/\/www.tonnellerie-vinea.fr\/it\/note-legali\/#breadcrumb\"},\"inLanguage\":\"fr-FR\",\"potentialAction\":[{\"@type\":\"ReadAction\",\"target\":[\"https:\/\/www.tonnellerie-vinea.fr\/it\/note-legali\/\"]}]},{\"@type\":\"BreadcrumbList\",\"@id\":\"https:\/\/www.tonnellerie-vinea.fr\/it\/note-legali\/#breadcrumb\",\"itemListElement\":[{\"@type\":\"ListItem\",\"position\":1,\"name\":\"Accueil\",\"item\":\"https:\/\/www.tonnellerie-vinea.fr\/it\/\"},{\"@type\":\"ListItem\",\"position\":2,\"name\":\"Note legali\"}]},{\"@type\":\"WebSite\",\"@id\":\"https:\/\/www.tonnellerie-vinea.fr\/it\/#website\",\"url\":\"https:\/\/www.tonnellerie-vinea.fr\/it\/\",\"name\":\"Tonnellerie Vinea\",\"description\":\"Un site utilisant WordPress\",\"publisher\":{\"@id\":\"https:\/\/www.tonnellerie-vinea.fr\/it\/#organization\"},\"potentialAction\":[{\"@type\":\"SearchAction\",\"target\":{\"@type\":\"EntryPoint\",\"urlTemplate\":\"https:\/\/www.tonnellerie-vinea.fr\/it\/?s={search_term_string}\"},\"query-input\":{\"@type\":\"PropertyValueSpecification\",\"valueRequired\":true,\"valueName\":\"search_term_string\"}}],\"inLanguage\":\"fr-FR\"},{\"@type\":\"Organization\",\"@id\":\"https:\/\/www.tonnellerie-vinea.fr\/it\/#organization\",\"name\":\"Tonnellerie Vinea\",\"url\":\"https:\/\/www.tonnellerie-vinea.fr\/it\/\",\"logo\":{\"@type\":\"ImageObject\",\"inLanguage\":\"fr-FR\",\"@id\":\"https:\/\/www.tonnellerie-vinea.fr\/it\/#\/schema\/logo\/image\/\",\"url\":\"https:\/\/www.tonnellerie-vinea.fr\/it\/wp-content\/uploads\/2022\/10\/logo-tonnellerie-vinea-coul.svg\",\"contentUrl\":\"https:\/\/www.tonnellerie-vinea.fr\/it\/wp-content\/uploads\/2022\/10\/logo-tonnellerie-vinea-coul.svg\",\"width\":349,\"height\":309,\"caption\":\"Tonnellerie Vinea\"},\"image\":{\"@id\":\"https:\/\/www.tonnellerie-vinea.fr\/it\/#\/schema\/logo\/image\/\"},\"sameAs\":[\"https:\/\/www.facebook.com\/tonnellerievinea\/\",\"https:\/\/www.linkedin.com\/showcase\/tonnellerie-vinea\/about\/\",\"https:\/\/www.instagram.com\/tonnellerievinea\/\"]}]}<\/script>\n<!-- \/ Yoast SEO plugin. -->","yoast_head_json":{"title":"Note legali - Tonnellerie Vinea 2022","robots":{"index":"index","follow":"follow","max-snippet":"max-snippet:-1","max-image-preview":"max-image-preview:large","max-video-preview":"max-video-preview:-1"},"canonical":"https:\/\/www.tonnellerie-vinea.fr\/it\/note-legali\/","og_locale":"fr_FR","og_type":"article","og_title":"Note legali - Tonnellerie Vinea 2022","og_description":"Note legali En vertu de l&rsquo;article 6 de la loi n\u00b0 2004-575 du 21 juin 2004 pour la confiance dans l&rsquo;\u00e9conomie num\u00e9rique, il est pr\u00e9cis\u00e9 aux utilisateurs du site www.tonnellerie-vinea.fr l&rsquo;identit\u00e9 des diff\u00e9rents intervenants dans le cadre de sa r\u00e9alisation et de son suivi : Editeur Tonnellerie Vin\u00e9a, Vin\u00e9a SASSi\u00e8ge social :ZA Chaume de Bel [&hellip;]","og_url":"https:\/\/www.tonnellerie-vinea.fr\/it\/note-legali\/","og_site_name":"Tonnellerie Vinea 2022","article_publisher":"https:\/\/www.facebook.com\/tonnellerievinea\/","article_modified_time":"2023-01-28T17:27:54+00:00","twitter_card":"summary_large_image","twitter_misc":{"Dur\u00e9e de lecture estim\u00e9e":"3 minutes"},"schema":{"@context":"https:\/\/schema.org","@graph":[{"@type":"WebPage","@id":"https:\/\/www.tonnellerie-vinea.fr\/it\/note-legali\/","url":"https:\/\/www.tonnellerie-vinea.fr\/it\/note-legali\/","name":"Note legali - Tonnellerie Vinea 2022","isPartOf":{"@id":"https:\/\/www.tonnellerie-vinea.fr\/it\/#website"},"datePublished":"2022-11-05T09:15:54+00:00","dateModified":"2023-01-28T17:27:54+00:00","breadcrumb":{"@id":"https:\/\/www.tonnellerie-vinea.fr\/it\/note-legali\/#breadcrumb"},"inLanguage":"fr-FR","potentialAction":[{"@type":"ReadAction","target":["https:\/\/www.tonnellerie-vinea.fr\/it\/note-legali\/"]}]},{"@type":"BreadcrumbList","@id":"https:\/\/www.tonnellerie-vinea.fr\/it\/note-legali\/#breadcrumb","itemListElement":[{"@type":"ListItem","position":1,"name":"Accueil","item":"https:\/\/www.tonnellerie-vinea.fr\/it\/"},{"@type":"ListItem","position":2,"name":"Note legali"}]},{"@type":"WebSite","@id":"https:\/\/www.tonnellerie-vinea.fr\/it\/#website","url":"https:\/\/www.tonnellerie-vinea.fr\/it\/","name":"Tonnellerie Vinea","description":"Un site utilisant WordPress","publisher":{"@id":"https:\/\/www.tonnellerie-vinea.fr\/it\/#organization"},"potentialAction":[{"@type":"SearchAction","target":{"@type":"EntryPoint","urlTemplate":"https:\/\/www.tonnellerie-vinea.fr\/it\/?s={search_term_string}"},"query-input":{"@type":"PropertyValueSpecification","valueRequired":true,"valueName":"search_term_string"}}],"inLanguage":"fr-FR"},{"@type":"Organization","@id":"https:\/\/www.tonnellerie-vinea.fr\/it\/#organization","name":"Tonnellerie Vinea","url":"https:\/\/www.tonnellerie-vinea.fr\/it\/","logo":{"@type":"ImageObject","inLanguage":"fr-FR","@id":"https:\/\/www.tonnellerie-vinea.fr\/it\/#\/schema\/logo\/image\/","url":"https:\/\/www.tonnellerie-vinea.fr\/it\/wp-content\/uploads\/2022\/10\/logo-tonnellerie-vinea-coul.svg","contentUrl":"https:\/\/www.tonnellerie-vinea.fr\/it\/wp-content\/uploads\/2022\/10\/logo-tonnellerie-vinea-coul.svg","width":349,"height":309,"caption":"Tonnellerie Vinea"},"image":{"@id":"https:\/\/www.tonnellerie-vinea.fr\/it\/#\/schema\/logo\/image\/"},"sameAs":["https:\/\/www.facebook.com\/tonnellerievinea\/","https:\/\/www.linkedin.com\/showcase\/tonnellerie-vinea\/about\/","https:\/\/www.instagram.com\/tonnellerievinea\/"]}]}},"uagb_featured_image_src":{"full":false,"thumbnail":false,"medium":false,"medium_large":false,"large":false,"1536x1536":false,"2048x2048":false},"uagb_author_info":{"display_name":"franck","author_link":"https:\/\/www.tonnellerie-vinea.fr\/it\/author\/franck\/"},"uagb_comment_info":0,"uagb_excerpt":"Note legali En vertu de l&rsquo;article 6 de la loi n\u00b0 2004-575 du 21 juin 2004 pour la confiance dans l&rsquo;\u00e9conomie num\u00e9rique, il est pr\u00e9cis\u00e9 aux utilisateurs du site www.tonnellerie-vinea.fr l&rsquo;identit\u00e9 des diff\u00e9rents intervenants dans le cadre de sa r\u00e9alisation et de son suivi : Editeur Tonnellerie Vin\u00e9a, Vin\u00e9a SASSi\u00e8ge social :ZA Chaume de Bel\u2026","_links":{"self":[{"href":"https:\/\/www.tonnellerie-vinea.fr\/it\/wp-json\/wp\/v2\/pages\/346","targetHints":{"allow":["GET"]}}],"collection":[{"href":"https:\/\/www.tonnellerie-vinea.fr\/it\/wp-json\/wp\/v2\/pages"}],"about":[{"href":"https:\/\/www.tonnellerie-vinea.fr\/it\/wp-json\/wp\/v2\/types\/page"}],"author":[{"embeddable":true,"href":"https:\/\/www.tonnellerie-vinea.fr\/it\/wp-json\/wp\/v2\/users\/1"}],"replies":[{"embeddable":true,"href":"https:\/\/www.tonnellerie-vinea.fr\/it\/wp-json\/wp\/v2\/comments?post=346"}],"version-history":[{"count":12,"href":"https:\/\/www.tonnellerie-vinea.fr\/it\/wp-json\/wp\/v2\/pages\/346\/revisions"}],"predecessor-version":[{"id":934,"href":"https:\/\/www.tonnellerie-vinea.fr\/it\/wp-json\/wp\/v2\/pages\/346\/revisions\/934"}],"wp:attachment":[{"href":"https:\/\/www.tonnellerie-vinea.fr\/it\/wp-json\/wp\/v2\/media?parent=346"}],"curies":[{"name":"wp","href":"https:\/\/api.w.org\/{rel}","templated":true}]}}