{"id":880,"date":"2023-01-18T16:58:47","date_gmt":"2023-01-18T15:58:47","guid":{"rendered":"https:\/\/www.tonnellerie-vinea.fr\/?page_id=880"},"modified":"2023-01-18T17:12:08","modified_gmt":"2023-01-18T16:12:08","slug":"erreur-404","status":"publish","type":"page","link":"https:\/\/www.tonnellerie-vinea.fr\/it\/erreur-404\/","title":{"rendered":"Erreur 404"},"content":{"rendered":"\n<section class=\"wp-block-uagb-container header-titre-page uagb-block-2d0d64a8 alignfull uagb-is-root-container\"><div class=\"uagb-container-inner-blocks-wrap\">\n<div class=\"wp-block-uagb-container uagb-block-d6b6674a\"><\/div>\n\n\n\n<div class=\"wp-block-uagb-container uagb-block-9b4eda3b\">\n<div class=\"wp-block-uagb-container uag-blocks-common-selector uagb-block-48cbdb21\">\n<h1 class=\"has-text-align-center has-x-large-font-size wp-block-heading\">erreur 404<\/h1>\n<\/div>\n<\/div>\n<\/div><\/section>\n\n\n\n<div class=\"wp-block-uagb-container page-generique uagb-block-2aac7d76 alignfull uagb-is-root-container\"><div class=\"uagb-container-inner-blocks-wrap\">\n<h2 class=\"wp-block-heading\">Page non trouv\u00e9e<\/h2>\n\n\n\n<p>Le page que vous recherchez n&rsquo;existe plus, ou a \u00e9t\u00e9 d\u00e9plac\u00e9e.<br>Merci d&rsquo;utiliser les menus de navigations pour localiser<br>le contenu souhait\u00e9.<\/p>\n<\/div><\/div>\n","protected":false},"excerpt":{"rendered":"<p>erreur 404 Page non trouv\u00e9e Le page que vous recherchez n&rsquo;existe plus, ou a \u00e9t\u00e9 d\u00e9plac\u00e9e.Merci d&rsquo;utiliser les menus de navigations pour localiserle contenu souhait\u00e9.<\/p>\n","protected":false},"author":1,"featured_media":0,"parent":0,"menu_order":0,"comment_status":"closed","ping_status":"closed","template":"page-base-gutenberg.php","meta":{"_acf_changed":false,"_uag_custom_page_level_css":"","footnotes":""},"class_list":["post-880","page","type-page","status-publish","hentry"],"acf":[],"yoast_head":"<!-- This site is optimized with the Yoast SEO plugin v26.8 - https:\/\/yoast.com\/product\/yoast-seo-wordpress\/ -->\n<title>Erreur 404 - Tonnellerie Vinea 2022<\/title>\n<meta name=\"robots\" content=\"index, follow, max-snippet:-1, max-image-preview:large, max-video-preview:-1\" \/>\n<link rel=\"canonical\" href=\"https:\/\/www.tonnellerie-vinea.fr\/it\/erreur-404\/\" \/>\n<meta property=\"og:locale\" content=\"fr_FR\" \/>\n<meta property=\"og:type\" content=\"article\" \/>\n<meta property=\"og:title\" content=\"Erreur 404 - Tonnellerie Vinea 2022\" \/>\n<meta property=\"og:description\" content=\"erreur 404 Page non trouv\u00e9e Le page que vous recherchez n&rsquo;existe plus, ou a \u00e9t\u00e9 d\u00e9plac\u00e9e.Merci d&rsquo;utiliser les menus de navigations pour localiserle contenu souhait\u00e9.\" \/>\n<meta property=\"og:url\" content=\"https:\/\/www.tonnellerie-vinea.fr\/it\/erreur-404\/\" \/>\n<meta property=\"og:site_name\" content=\"Tonnellerie Vinea 2022\" \/>\n<meta property=\"article:publisher\" content=\"https:\/\/www.facebook.com\/tonnellerievinea\/\" \/>\n<meta property=\"article:modified_time\" content=\"2023-01-18T16:12:08+00:00\" \/>\n<meta name=\"twitter:card\" content=\"summary_large_image\" \/>\n<meta name=\"twitter:label1\" content=\"Dur\u00e9e de lecture estim\u00e9e\" \/>\n\t<meta name=\"twitter:data1\" content=\"1 minute\" \/>\n<script type=\"application\/ld+json\" class=\"yoast-schema-graph\">{\"@context\":\"https:\/\/schema.org\",\"@graph\":[{\"@type\":\"WebPage\",\"@id\":\"https:\/\/www.tonnellerie-vinea.fr\/it\/erreur-404\/\",\"url\":\"https:\/\/www.tonnellerie-vinea.fr\/it\/erreur-404\/\",\"name\":\"Erreur 404 - Tonnellerie Vinea 2022\",\"isPartOf\":{\"@id\":\"https:\/\/www.tonnellerie-vinea.fr\/it\/#website\"},\"datePublished\":\"2023-01-18T15:58:47+00:00\",\"dateModified\":\"2023-01-18T16:12:08+00:00\",\"breadcrumb\":{\"@id\":\"https:\/\/www.tonnellerie-vinea.fr\/it\/erreur-404\/#breadcrumb\"},\"inLanguage\":\"fr-FR\",\"potentialAction\":[{\"@type\":\"ReadAction\",\"target\":[\"https:\/\/www.tonnellerie-vinea.fr\/it\/erreur-404\/\"]}]},{\"@type\":\"BreadcrumbList\",\"@id\":\"https:\/\/www.tonnellerie-vinea.fr\/it\/erreur-404\/#breadcrumb\",\"itemListElement\":[{\"@type\":\"ListItem\",\"position\":1,\"name\":\"Accueil\",\"item\":\"https:\/\/www.tonnellerie-vinea.fr\/it\/\"},{\"@type\":\"ListItem\",\"position\":2,\"name\":\"Erreur 404\"}]},{\"@type\":\"WebSite\",\"@id\":\"https:\/\/www.tonnellerie-vinea.fr\/it\/#website\",\"url\":\"https:\/\/www.tonnellerie-vinea.fr\/it\/\",\"name\":\"Tonnellerie Vinea\",\"description\":\"Un site utilisant WordPress\",\"publisher\":{\"@id\":\"https:\/\/www.tonnellerie-vinea.fr\/it\/#organization\"},\"potentialAction\":[{\"@type\":\"SearchAction\",\"target\":{\"@type\":\"EntryPoint\",\"urlTemplate\":\"https:\/\/www.tonnellerie-vinea.fr\/it\/?s={search_term_string}\"},\"query-input\":{\"@type\":\"PropertyValueSpecification\",\"valueRequired\":true,\"valueName\":\"search_term_string\"}}],\"inLanguage\":\"fr-FR\"},{\"@type\":\"Organization\",\"@id\":\"https:\/\/www.tonnellerie-vinea.fr\/it\/#organization\",\"name\":\"Tonnellerie Vinea\",\"url\":\"https:\/\/www.tonnellerie-vinea.fr\/it\/\",\"logo\":{\"@type\":\"ImageObject\",\"inLanguage\":\"fr-FR\",\"@id\":\"https:\/\/www.tonnellerie-vinea.fr\/it\/#\/schema\/logo\/image\/\",\"url\":\"https:\/\/www.tonnellerie-vinea.fr\/it\/wp-content\/uploads\/2022\/10\/logo-tonnellerie-vinea-coul.svg\",\"contentUrl\":\"https:\/\/www.tonnellerie-vinea.fr\/it\/wp-content\/uploads\/2022\/10\/logo-tonnellerie-vinea-coul.svg\",\"width\":349,\"height\":309,\"caption\":\"Tonnellerie Vinea\"},\"image\":{\"@id\":\"https:\/\/www.tonnellerie-vinea.fr\/it\/#\/schema\/logo\/image\/\"},\"sameAs\":[\"https:\/\/www.facebook.com\/tonnellerievinea\/\",\"https:\/\/www.linkedin.com\/showcase\/tonnellerie-vinea\/about\/\",\"https:\/\/www.instagram.com\/tonnellerievinea\/\"]}]}<\/script>\n<!-- \/ Yoast SEO plugin. -->","yoast_head_json":{"title":"Erreur 404 - Tonnellerie Vinea 2022","robots":{"index":"index","follow":"follow","max-snippet":"max-snippet:-1","max-image-preview":"max-image-preview:large","max-video-preview":"max-video-preview:-1"},"canonical":"https:\/\/www.tonnellerie-vinea.fr\/it\/erreur-404\/","og_locale":"fr_FR","og_type":"article","og_title":"Erreur 404 - Tonnellerie Vinea 2022","og_description":"erreur 404 Page non trouv\u00e9e Le page que vous recherchez n&rsquo;existe plus, ou a \u00e9t\u00e9 d\u00e9plac\u00e9e.Merci d&rsquo;utiliser les menus de navigations pour localiserle contenu souhait\u00e9.","og_url":"https:\/\/www.tonnellerie-vinea.fr\/it\/erreur-404\/","og_site_name":"Tonnellerie Vinea 2022","article_publisher":"https:\/\/www.facebook.com\/tonnellerievinea\/","article_modified_time":"2023-01-18T16:12:08+00:00","twitter_card":"summary_large_image","twitter_misc":{"Dur\u00e9e de lecture estim\u00e9e":"1 minute"},"schema":{"@context":"https:\/\/schema.org","@graph":[{"@type":"WebPage","@id":"https:\/\/www.tonnellerie-vinea.fr\/it\/erreur-404\/","url":"https:\/\/www.tonnellerie-vinea.fr\/it\/erreur-404\/","name":"Erreur 404 - Tonnellerie Vinea 2022","isPartOf":{"@id":"https:\/\/www.tonnellerie-vinea.fr\/it\/#website"},"datePublished":"2023-01-18T15:58:47+00:00","dateModified":"2023-01-18T16:12:08+00:00","breadcrumb":{"@id":"https:\/\/www.tonnellerie-vinea.fr\/it\/erreur-404\/#breadcrumb"},"inLanguage":"fr-FR","potentialAction":[{"@type":"ReadAction","target":["https:\/\/www.tonnellerie-vinea.fr\/it\/erreur-404\/"]}]},{"@type":"BreadcrumbList","@id":"https:\/\/www.tonnellerie-vinea.fr\/it\/erreur-404\/#breadcrumb","itemListElement":[{"@type":"ListItem","position":1,"name":"Accueil","item":"https:\/\/www.tonnellerie-vinea.fr\/it\/"},{"@type":"ListItem","position":2,"name":"Erreur 404"}]},{"@type":"WebSite","@id":"https:\/\/www.tonnellerie-vinea.fr\/it\/#website","url":"https:\/\/www.tonnellerie-vinea.fr\/it\/","name":"Tonnellerie Vinea","description":"Un site utilisant WordPress","publisher":{"@id":"https:\/\/www.tonnellerie-vinea.fr\/it\/#organization"},"potentialAction":[{"@type":"SearchAction","target":{"@type":"EntryPoint","urlTemplate":"https:\/\/www.tonnellerie-vinea.fr\/it\/?s={search_term_string}"},"query-input":{"@type":"PropertyValueSpecification","valueRequired":true,"valueName":"search_term_string"}}],"inLanguage":"fr-FR"},{"@type":"Organization","@id":"https:\/\/www.tonnellerie-vinea.fr\/it\/#organization","name":"Tonnellerie Vinea","url":"https:\/\/www.tonnellerie-vinea.fr\/it\/","logo":{"@type":"ImageObject","inLanguage":"fr-FR","@id":"https:\/\/www.tonnellerie-vinea.fr\/it\/#\/schema\/logo\/image\/","url":"https:\/\/www.tonnellerie-vinea.fr\/it\/wp-content\/uploads\/2022\/10\/logo-tonnellerie-vinea-coul.svg","contentUrl":"https:\/\/www.tonnellerie-vinea.fr\/it\/wp-content\/uploads\/2022\/10\/logo-tonnellerie-vinea-coul.svg","width":349,"height":309,"caption":"Tonnellerie Vinea"},"image":{"@id":"https:\/\/www.tonnellerie-vinea.fr\/it\/#\/schema\/logo\/image\/"},"sameAs":["https:\/\/www.facebook.com\/tonnellerievinea\/","https:\/\/www.linkedin.com\/showcase\/tonnellerie-vinea\/about\/","https:\/\/www.instagram.com\/tonnellerievinea\/"]}]}},"uagb_featured_image_src":{"full":false,"thumbnail":false,"medium":false,"medium_large":false,"large":false,"1536x1536":false,"2048x2048":false},"uagb_author_info":{"display_name":"franck","author_link":"https:\/\/www.tonnellerie-vinea.fr\/it\/author\/franck\/"},"uagb_comment_info":0,"uagb_excerpt":"erreur 404 Page non trouv\u00e9e Le page que vous recherchez n&rsquo;existe plus, ou a \u00e9t\u00e9 d\u00e9plac\u00e9e.Merci d&rsquo;utiliser les menus de navigations pour localiserle contenu souhait\u00e9.","_links":{"self":[{"href":"https:\/\/www.tonnellerie-vinea.fr\/it\/wp-json\/wp\/v2\/pages\/880","targetHints":{"allow":["GET"]}}],"collection":[{"href":"https:\/\/www.tonnellerie-vinea.fr\/it\/wp-json\/wp\/v2\/pages"}],"about":[{"href":"https:\/\/www.tonnellerie-vinea.fr\/it\/wp-json\/wp\/v2\/types\/page"}],"author":[{"embeddable":true,"href":"https:\/\/www.tonnellerie-vinea.fr\/it\/wp-json\/wp\/v2\/users\/1"}],"replies":[{"embeddable":true,"href":"https:\/\/www.tonnellerie-vinea.fr\/it\/wp-json\/wp\/v2\/comments?post=880"}],"version-history":[{"count":4,"href":"https:\/\/www.tonnellerie-vinea.fr\/it\/wp-json\/wp\/v2\/pages\/880\/revisions"}],"predecessor-version":[{"id":886,"href":"https:\/\/www.tonnellerie-vinea.fr\/it\/wp-json\/wp\/v2\/pages\/880\/revisions\/886"}],"wp:attachment":[{"href":"https:\/\/www.tonnellerie-vinea.fr\/it\/wp-json\/wp\/v2\/media?parent=880"}],"curies":[{"name":"wp","href":"https:\/\/api.w.org\/{rel}","templated":true}]}}